{"id":1089,"date":"2023-02-13T19:25:37","date_gmt":"2023-02-13T19:25:37","guid":{"rendered":"https:\/\/www.arwinox.pl\/?page_id=1089"},"modified":"2023-02-18T13:33:15","modified_gmt":"2023-02-18T13:33:15","slug":"zawory-kulowe-kolnierzowe","status":"publish","type":"page","link":"https:\/\/www.arwinox.pl\/index.php\/zawory-kulowe-kolnierzowe\/","title":{"rendered":"ZAWORY KULOWE KO\u0141NIERZOWE"},"content":{"rendered":"\t\t<div data-elementor-type=\"wp-page\" data-elementor-id=\"1089\" class=\"elementor elementor-1089\">\n\t\t\t\t\t\t\t\t\t<section class=\"elementor-section elementor-top-section elementor-element elementor-element-94c5b78 elementor-section-stretched elementor-section-boxed elementor-section-height-default elementor-section-height-default\" data-id=\"94c5b78\" data-element_type=\"section\" data-settings=\"{&quot;stretch_section&quot;:&quot;section-stretched&quot;}\">\n\t\t\t\t\t\t<div class=\"elementor-container elementor-column-gap-default\">\n\t\t\t\t\t<div class=\"elementor-column elementor-col-50 elementor-top-column elementor-element elementor-element-78a191c\" data-id=\"78a191c\" data-element_type=\"column\">\n\t\t\t<div class=\"elementor-widget-wrap elementor-element-populated\">\n\t\t\t\t\t\t\t\t<div class=\"elementor-element elementor-element-118497f elementor-widget elementor-widget-text-editor\" data-id=\"118497f\" data-element_type=\"widget\" data-widget_type=\"text-editor.default\">\n\t\t\t\t<div class=\"elementor-widget-container\">\n\t\t\t<style>\/*! elementor - v3.17.0 - 08-11-2023 *\/\n.elementor-widget-text-editor.elementor-drop-cap-view-stacked .elementor-drop-cap{background-color:#69727d;color:#fff}.elementor-widget-text-editor.elementor-drop-cap-view-framed .elementor-drop-cap{color:#69727d;border:3px solid;background-color:transparent}.elementor-widget-text-editor:not(.elementor-drop-cap-view-default) .elementor-drop-cap{margin-top:8px}.elementor-widget-text-editor:not(.elementor-drop-cap-view-default) .elementor-drop-cap-letter{width:1em;height:1em}.elementor-widget-text-editor .elementor-drop-cap{float:left;text-align:center;line-height:1;font-size:50px}.elementor-widget-text-editor .elementor-drop-cap-letter{display:inline-block}<\/style>\t\t\t\t<h3><span style=\"color: #000000;\">ZAWORY KULOWE TYPU WAFER<\/span><\/h3><p><span style=\"color: #000000;\">Zawory kulowe 1-cz\u0119\u015bciowe ko\u0142nierzowe.<\/span><br \/><span style=\"color: #000000;\">Rozmiary DN15 &#8211; DN150<\/span><br \/><span style=\"color: #000000;\">Przy\u0142\u0105cz: ko\u0142nierzowy PN16<\/span><br \/><span style=\"color: #000000;\">Temperatura robocza: -20\u00b0C do +180\u00b0C<\/span><br \/><span style=\"color: #000000;\">Materia\u0142: stal nierdzewna ASTM A351 CF8M<\/span><br \/><span style=\"color: #000000;\">Uszczelnienie kuli: TFM1600 (do DN100)<\/span><br \/><span style=\"color: #000000;\">Pe\u0142ny przelot do DN80<\/span><br \/><span style=\"color: #000000;\">System monta\u017cu nap\u0119du ISO pad 5211<br \/>Zastosowanie: przemys\u0142 chemiczny, petrochemiczny, instalacje hydrauliczne, skompresowane powietrze,\u00a0<\/span><\/p>\t\t\t\t\t\t<\/div>\n\t\t\t\t<\/div>\n\t\t\t\t\t<\/div>\n\t\t<\/div>\n\t\t\t\t<div class=\"elementor-column elementor-col-50 elementor-top-column elementor-element elementor-element-1f55b2e\" data-id=\"1f55b2e\" data-element_type=\"column\">\n\t\t\t<div class=\"elementor-widget-wrap elementor-element-populated\">\n\t\t\t\t\t\t\t\t<div class=\"elementor-element elementor-element-fe25916 elementor-widget elementor-widget-image\" data-id=\"fe25916\" data-element_type=\"widget\" data-widget_type=\"image.default\">\n\t\t\t\t<div class=\"elementor-widget-container\">\n\t\t\t<style>\/*! elementor - v3.17.0 - 08-11-2023 *\/\n.elementor-widget-image{text-align:center}.elementor-widget-image a{display:inline-block}.elementor-widget-image a img[src$=\".svg\"]{width:48px}.elementor-widget-image img{vertical-align:middle;display:inline-block}<\/style>\t\t\t\t\t\t\t\t\t\t\t\t<img loading=\"lazy\" decoding=\"async\" width=\"553\" height=\"450\" src=\"https:\/\/www.arwinox.pl\/wp-content\/uploads\/2023\/02\/771-zaw.-kulowy.png\" class=\"attachment-large size-large wp-image-1094\" alt=\"\" srcset=\"https:\/\/www.arwinox.pl\/wp-content\/uploads\/2023\/02\/771-zaw.-kulowy.png 553w, https:\/\/www.arwinox.pl\/wp-content\/uploads\/2023\/02\/771-zaw.-kulowy-300x244.png 300w\" sizes=\"(max-width: 553px) 100vw, 553px\" \/>\t\t\t\t\t\t\t\t\t\t\t\t\t\t\t<\/div>\n\t\t\t\t<\/div>\n\t\t\t\t\t<\/div>\n\t\t<\/div>\n\t\t\t\t\t\t\t<\/div>\n\t\t<\/section>\n\t\t\t\t<section class=\"elementor-section elementor-top-section elementor-element elementor-element-7687d51 elementor-section-stretched elementor-section-boxed elementor-section-height-default elementor-section-height-default\" data-id=\"7687d51\" data-element_type=\"section\" data-settings=\"{&quot;stretch_section&quot;:&quot;section-stretched&quot;}\">\n\t\t\t\t\t\t<div class=\"elementor-container elementor-column-gap-default\">\n\t\t\t\t\t<div class=\"elementor-column elementor-col-50 elementor-top-column elementor-element elementor-element-6320dd1\" data-id=\"6320dd1\" data-element_type=\"column\">\n\t\t\t<div class=\"elementor-widget-wrap elementor-element-populated\">\n\t\t\t\t\t\t\t\t<div class=\"elementor-element elementor-element-2e22a10 elementor-widget elementor-widget-text-editor\" data-id=\"2e22a10\" data-element_type=\"widget\" data-widget_type=\"text-editor.default\">\n\t\t\t\t<div class=\"elementor-widget-container\">\n\t\t\t\t\t\t\t<h3><span style=\"color: #000000;\">ZAWORY KULOWE TYPU WAFER<\/span><\/h3><p><span style=\"color: #000000;\">Zawory kulowe 2-cz\u0119\u015bciowe ko\u0142nierzowe.<\/span><br \/><span style=\"color: #000000;\">Rozmiary DN15 &#8211; DN250<\/span><br \/><span style=\"color: #000000;\">Przy\u0142\u0105cz: ko\u0142nierzowy PN16\/40<\/span><br \/><span style=\"color: #000000;\">Temperatura robocza: -28\u00b0C do +200\u00b0C<\/span><br \/><span style=\"color: #000000;\">Materia\u0142: stal nierdzewna ASTM A479 AISI316L<\/span><br \/><span style=\"color: #000000;\">Uszczelnienie kuli: PTFE z grafitem,<\/span><br \/><span style=\"color: #000000;\">Pe\u0142ny przelot kuli,<\/span><br \/><span style=\"color: #000000;\">System monta\u017cu nap\u0119du ISO pad 5211<br \/>Zastosowanie: przemys\u0142 chemiczny, petrochemiczny, instalacje hydrauliczne, skompresowane powietrze,<br \/>Atesty: budowa antystatyczna &#8211; przeciw wybuchowa , strefa ATEX, odporno\u015b\u0107 po\u017carowa ISO10497, oznaczenie CE, atest materia\u0142owy 3.1<\/span><\/p><p>\u00a0<\/p>\t\t\t\t\t\t<\/div>\n\t\t\t\t<\/div>\n\t\t\t\t\t<\/div>\n\t\t<\/div>\n\t\t\t\t<div class=\"elementor-column elementor-col-50 elementor-top-column elementor-element elementor-element-24ef88d\" data-id=\"24ef88d\" data-element_type=\"column\">\n\t\t\t<div class=\"elementor-widget-wrap elementor-element-populated\">\n\t\t\t\t\t\t\t\t<section class=\"elementor-section elementor-inner-section elementor-element elementor-element-e927e3a elementor-section-boxed elementor-section-height-default elementor-section-height-default\" data-id=\"e927e3a\" data-element_type=\"section\">\n\t\t\t\t\t\t<div class=\"elementor-container elementor-column-gap-default\">\n\t\t\t\t\t<div class=\"elementor-column elementor-col-50 elementor-inner-column elementor-element elementor-element-f0dcd60\" data-id=\"f0dcd60\" data-element_type=\"column\">\n\t\t\t<div class=\"elementor-widget-wrap elementor-element-populated\">\n\t\t\t\t\t\t\t\t<div class=\"elementor-element elementor-element-479d58b elementor-widget elementor-widget-image\" data-id=\"479d58b\" data-element_type=\"widget\" data-widget_type=\"image.default\">\n\t\t\t\t<div class=\"elementor-widget-container\">\n\t\t\t\t\t\t\t\t\t\t\t\t\t\t\t<img loading=\"lazy\" decoding=\"async\" width=\"341\" height=\"338\" src=\"https:\/\/www.arwinox.pl\/wp-content\/uploads\/2023\/02\/770-zaw.-kulowy-ADLER.png\" class=\"attachment-large size-large wp-image-1099\" alt=\"\" srcset=\"https:\/\/www.arwinox.pl\/wp-content\/uploads\/2023\/02\/770-zaw.-kulowy-ADLER.png 341w, https:\/\/www.arwinox.pl\/wp-content\/uploads\/2023\/02\/770-zaw.-kulowy-ADLER-300x297.png 300w, https:\/\/www.arwinox.pl\/wp-content\/uploads\/2023\/02\/770-zaw.-kulowy-ADLER-150x150.png 150w\" sizes=\"(max-width: 341px) 100vw, 341px\" \/>\t\t\t\t\t\t\t\t\t\t\t\t\t\t\t<\/div>\n\t\t\t\t<\/div>\n\t\t\t\t\t<\/div>\n\t\t<\/div>\n\t\t\t\t<div class=\"elementor-column elementor-col-50 elementor-inner-column elementor-element elementor-element-57a2afa\" data-id=\"57a2afa\" data-element_type=\"column\">\n\t\t\t<div class=\"elementor-widget-wrap elementor-element-populated\">\n\t\t\t\t\t\t\t\t<div class=\"elementor-element elementor-element-d1e8313 elementor-widget elementor-widget-image\" data-id=\"d1e8313\" data-element_type=\"widget\" data-widget_type=\"image.default\">\n\t\t\t\t<div class=\"elementor-widget-container\">\n\t\t\t\t\t\t\t\t\t\t\t\t\t\t\t<img loading=\"lazy\" decoding=\"async\" width=\"202\" height=\"301\" src=\"https:\/\/www.arwinox.pl\/wp-content\/uploads\/2023\/02\/770-zaw.-kul.-pneumat.-ADLER.png\" class=\"attachment-large size-large wp-image-1100\" alt=\"\" \/>\t\t\t\t\t\t\t\t\t\t\t\t\t\t\t<\/div>\n\t\t\t\t<\/div>\n\t\t\t\t\t<\/div>\n\t\t<\/div>\n\t\t\t\t\t\t\t<\/div>\n\t\t<\/section>\n\t\t\t\t\t<\/div>\n\t\t<\/div>\n\t\t\t\t\t\t\t<\/div>\n\t\t<\/section>\n\t\t\t\t<section class=\"elementor-section elementor-top-section elementor-element elementor-element-dfdc0fa elementor-section-stretched elementor-section-boxed elementor-section-height-default elementor-section-height-default\" data-id=\"dfdc0fa\" data-element_type=\"section\" data-settings=\"{&quot;stretch_section&quot;:&quot;section-stretched&quot;}\">\n\t\t\t\t\t\t<div class=\"elementor-container elementor-column-gap-default\">\n\t\t\t\t\t<div class=\"elementor-column elementor-col-50 elementor-top-column elementor-element elementor-element-6b77f48\" data-id=\"6b77f48\" data-element_type=\"column\">\n\t\t\t<div class=\"elementor-widget-wrap elementor-element-populated\">\n\t\t\t\t\t\t\t\t<div class=\"elementor-element elementor-element-57489e5 elementor-widget elementor-widget-text-editor\" data-id=\"57489e5\" data-element_type=\"widget\" data-widget_type=\"text-editor.default\">\n\t\t\t\t<div class=\"elementor-widget-container\">\n\t\t\t\t\t\t\t<h3><span style=\"color: #000000;\">ZAWORY KULOWE KO\u0141NIERZOWE<\/span><\/h3><p><span style=\"color: #000000;\">Zawory kulowe 3-cz\u0119\u015bciowe ko\u0142nierzowe.<\/span><br \/><span style=\"color: #000000;\">Rozmiary DN15 &#8211; DN100<\/span><br \/><span style=\"color: #000000;\">Przy\u0142\u0105cz: ko\u0142nierzowy PN40<\/span><br \/><span style=\"color: #000000;\">Temperatura robocza: -30\u00b0C do +220\u00b0C<\/span><br \/><span style=\"color: #000000;\">Materia\u0142: stal nierdzewna 1.4408 AISI316L<\/span><br \/><span style=\"color: #000000;\">Uszczelnienie kuli: PTFE z grafitem,<\/span><br \/><span style=\"color: #000000;\">Pe\u0142ny przelot kuli,<\/span><br \/><span style=\"color: #000000;\">System monta\u017cu nap\u0119du ISO pad 5211<br \/>Zastosowanie: przemys\u0142 chemiczny, petrochemiczny, instalacje hydrauliczne, skompresowane powietrze,<br \/>Atesty: budowa antystatyczna &#8211; przeciw wybuchowa , strefa ATEX, odporno\u015b\u0107 po\u017carowa ISO10497, oznaczenie CE, atest materia\u0142owy 3.1<\/span><\/p>\t\t\t\t\t\t<\/div>\n\t\t\t\t<\/div>\n\t\t\t\t\t<\/div>\n\t\t<\/div>\n\t\t\t\t<div class=\"elementor-column elementor-col-50 elementor-top-column elementor-element elementor-element-c807a9b\" data-id=\"c807a9b\" data-element_type=\"column\">\n\t\t\t<div class=\"elementor-widget-wrap elementor-element-populated\">\n\t\t\t\t\t\t\t\t<div class=\"elementor-element elementor-element-1c036fb elementor-widget elementor-widget-image\" data-id=\"1c036fb\" data-element_type=\"widget\" data-widget_type=\"image.default\">\n\t\t\t\t<div class=\"elementor-widget-container\">\n\t\t\t\t\t\t\t\t\t\t\t\t\t\t\t<img loading=\"lazy\" decoding=\"async\" width=\"422\" height=\"317\" src=\"https:\/\/www.arwinox.pl\/wp-content\/uploads\/2023\/02\/771-zaw.-kul.-3cz.png\" class=\"attachment-large size-large wp-image-1104\" alt=\"\" srcset=\"https:\/\/www.arwinox.pl\/wp-content\/uploads\/2023\/02\/771-zaw.-kul.-3cz.png 422w, https:\/\/www.arwinox.pl\/wp-content\/uploads\/2023\/02\/771-zaw.-kul.-3cz-300x225.png 300w\" sizes=\"(max-width: 422px) 100vw, 422px\" \/>\t\t\t\t\t\t\t\t\t\t\t\t\t\t\t<\/div>\n\t\t\t\t<\/div>\n\t\t\t\t\t<\/div>\n\t\t<\/div>\n\t\t\t\t\t\t\t<\/div>\n\t\t<\/section>\n\t\t\t\t\t\t\t<\/div>\n\t\t","protected":false},"excerpt":{"rendered":"<p>ZAWORY KULOWE TYPU WAFER Zawory kulowe 1-cz\u0119\u015bciowe ko\u0142nierzowe. Rozmiary DN15 &#8211; DN150 Przy\u0142\u0105cz: ko\u0142nierzowy PN16 Temperatura robocza: -20\u00b0C do +180\u00b0C Materia\u0142: stal nierdzewna ASTM A351 CF8M Uszczelnienie kuli: TFM1600 (do DN100) Pe\u0142ny przelot do DN80 System monta\u017cu nap\u0119du ISO pad 5211 Zastosowanie: przemys\u0142 chemiczny, petrochemiczny, instalacje hydrauliczne, skompresowane powietrze,&nbsp; ZAWORY KULOWE TYPU WAFER Zawory kulowe [&hellip;]<\/p>\n","protected":false},"author":1,"featured_media":0,"parent":0,"menu_order":0,"comment_status":"closed","ping_status":"closed","template":"","meta":{"footnotes":""},"yoast_head":"<!-- This site is optimized with the Yoast SEO plugin v21.5 - https:\/\/yoast.com\/wordpress\/plugins\/seo\/ -->\n<title>ZAWORY KULOWE KO\u0141NIERZOWE - ARWINOX<\/title>\n<meta name=\"robots\" content=\"index, follow, max-snippet:-1, max-image-preview:large, max-video-preview:-1\" \/>\n<link rel=\"canonical\" href=\"https:\/\/www.arwinox.pl\/index.php\/zawory-kulowe-kolnierzowe\/\" \/>\n<meta property=\"og:locale\" content=\"pl_PL\" \/>\n<meta property=\"og:type\" content=\"article\" \/>\n<meta property=\"og:title\" content=\"ZAWORY KULOWE KO\u0141NIERZOWE - ARWINOX\" \/>\n<meta property=\"og:description\" content=\"ZAWORY KULOWE TYPU WAFER Zawory kulowe 1-cz\u0119\u015bciowe ko\u0142nierzowe. Rozmiary DN15 &#8211; DN150 Przy\u0142\u0105cz: ko\u0142nierzowy PN16 Temperatura robocza: -20\u00b0C do +180\u00b0C Materia\u0142: stal nierdzewna ASTM A351 CF8M Uszczelnienie kuli: TFM1600 (do DN100) Pe\u0142ny przelot do DN80 System monta\u017cu nap\u0119du ISO pad 5211 Zastosowanie: przemys\u0142 chemiczny, petrochemiczny, instalacje hydrauliczne, skompresowane powietrze,&nbsp; ZAWORY KULOWE TYPU WAFER Zawory kulowe [&hellip;]\" \/>\n<meta property=\"og:url\" content=\"https:\/\/www.arwinox.pl\/index.php\/zawory-kulowe-kolnierzowe\/\" \/>\n<meta property=\"og:site_name\" content=\"ARWINOX\" \/>\n<meta property=\"article:modified_time\" content=\"2023-02-18T13:33:15+00:00\" \/>\n<meta property=\"og:image\" content=\"https:\/\/www.arwinox.pl\/wp-content\/uploads\/2023\/02\/771-zaw.-kulowy.png\" \/>\n<meta name=\"twitter:card\" content=\"summary_large_image\" \/>\n<meta name=\"twitter:label1\" content=\"Szacowany czas czytania\" \/>\n\t<meta name=\"twitter:data1\" content=\"2 minuty\" \/>\n<script type=\"application\/ld+json\" class=\"yoast-schema-graph\">{\"@context\":\"https:\/\/schema.org\",\"@graph\":[{\"@type\":\"WebPage\",\"@id\":\"https:\/\/www.arwinox.pl\/index.php\/zawory-kulowe-kolnierzowe\/\",\"url\":\"https:\/\/www.arwinox.pl\/index.php\/zawory-kulowe-kolnierzowe\/\",\"name\":\"ZAWORY KULOWE KO\u0141NIERZOWE - ARWINOX\",\"isPartOf\":{\"@id\":\"https:\/\/www.arwinox.pl\/#website\"},\"datePublished\":\"2023-02-13T19:25:37+00:00\",\"dateModified\":\"2023-02-18T13:33:15+00:00\",\"breadcrumb\":{\"@id\":\"https:\/\/www.arwinox.pl\/index.php\/zawory-kulowe-kolnierzowe\/#breadcrumb\"},\"inLanguage\":\"pl-PL\",\"potentialAction\":[{\"@type\":\"ReadAction\",\"target\":[\"https:\/\/www.arwinox.pl\/index.php\/zawory-kulowe-kolnierzowe\/\"]}]},{\"@type\":\"BreadcrumbList\",\"@id\":\"https:\/\/www.arwinox.pl\/index.php\/zawory-kulowe-kolnierzowe\/#breadcrumb\",\"itemListElement\":[{\"@type\":\"ListItem\",\"position\":1,\"name\":\"Strona g\u0142\u00f3wna\",\"item\":\"https:\/\/www.arwinox.pl\/\"},{\"@type\":\"ListItem\",\"position\":2,\"name\":\"ZAWORY KULOWE KO\u0141NIERZOWE\"}]},{\"@type\":\"WebSite\",\"@id\":\"https:\/\/www.arwinox.pl\/#website\",\"url\":\"https:\/\/www.arwinox.pl\/\",\"name\":\"ARWINOX\",\"description\":\"     biuro@arwinox.pl,    tel. +48 609767607\",\"publisher\":{\"@id\":\"https:\/\/www.arwinox.pl\/#organization\"},\"potentialAction\":[{\"@type\":\"SearchAction\",\"target\":{\"@type\":\"EntryPoint\",\"urlTemplate\":\"https:\/\/www.arwinox.pl\/?s={search_term_string}\"},\"query-input\":\"required name=search_term_string\"}],\"inLanguage\":\"pl-PL\"},{\"@type\":\"Organization\",\"@id\":\"https:\/\/www.arwinox.pl\/#organization\",\"name\":\"ARWINOX\",\"url\":\"https:\/\/www.arwinox.pl\/\",\"logo\":{\"@type\":\"ImageObject\",\"inLanguage\":\"pl-PL\",\"@id\":\"https:\/\/www.arwinox.pl\/#\/schema\/logo\/image\/\",\"url\":\"https:\/\/www.arwinox.pl\/wp-content\/uploads\/2023\/01\/Logo-arwinox3.png\",\"contentUrl\":\"https:\/\/www.arwinox.pl\/wp-content\/uploads\/2023\/01\/Logo-arwinox3.png\",\"width\":6900,\"height\":1980,\"caption\":\"ARWINOX \"},\"image\":{\"@id\":\"https:\/\/www.arwinox.pl\/#\/schema\/logo\/image\/\"}}]}<\/script>\n<!-- \/ Yoast SEO plugin. -->","yoast_head_json":{"title":"ZAWORY KULOWE KO\u0141NIERZOWE - ARWINOX","robots":{"index":"index","follow":"follow","max-snippet":"max-snippet:-1","max-image-preview":"max-image-preview:large","max-video-preview":"max-video-preview:-1"},"canonical":"https:\/\/www.arwinox.pl\/index.php\/zawory-kulowe-kolnierzowe\/","og_locale":"pl_PL","og_type":"article","og_title":"ZAWORY KULOWE KO\u0141NIERZOWE - ARWINOX","og_description":"ZAWORY KULOWE TYPU WAFER Zawory kulowe 1-cz\u0119\u015bciowe ko\u0142nierzowe. Rozmiary DN15 &#8211; DN150 Przy\u0142\u0105cz: ko\u0142nierzowy PN16 Temperatura robocza: -20\u00b0C do +180\u00b0C Materia\u0142: stal nierdzewna ASTM A351 CF8M Uszczelnienie kuli: TFM1600 (do DN100) Pe\u0142ny przelot do DN80 System monta\u017cu nap\u0119du ISO pad 5211 Zastosowanie: przemys\u0142 chemiczny, petrochemiczny, instalacje hydrauliczne, skompresowane powietrze,&nbsp; ZAWORY KULOWE TYPU WAFER Zawory kulowe [&hellip;]","og_url":"https:\/\/www.arwinox.pl\/index.php\/zawory-kulowe-kolnierzowe\/","og_site_name":"ARWINOX","article_modified_time":"2023-02-18T13:33:15+00:00","og_image":[{"url":"https:\/\/www.arwinox.pl\/wp-content\/uploads\/2023\/02\/771-zaw.-kulowy.png"}],"twitter_card":"summary_large_image","twitter_misc":{"Szacowany czas czytania":"2 minuty"},"schema":{"@context":"https:\/\/schema.org","@graph":[{"@type":"WebPage","@id":"https:\/\/www.arwinox.pl\/index.php\/zawory-kulowe-kolnierzowe\/","url":"https:\/\/www.arwinox.pl\/index.php\/zawory-kulowe-kolnierzowe\/","name":"ZAWORY KULOWE KO\u0141NIERZOWE - ARWINOX","isPartOf":{"@id":"https:\/\/www.arwinox.pl\/#website"},"datePublished":"2023-02-13T19:25:37+00:00","dateModified":"2023-02-18T13:33:15+00:00","breadcrumb":{"@id":"https:\/\/www.arwinox.pl\/index.php\/zawory-kulowe-kolnierzowe\/#breadcrumb"},"inLanguage":"pl-PL","potentialAction":[{"@type":"ReadAction","target":["https:\/\/www.arwinox.pl\/index.php\/zawory-kulowe-kolnierzowe\/"]}]},{"@type":"BreadcrumbList","@id":"https:\/\/www.arwinox.pl\/index.php\/zawory-kulowe-kolnierzowe\/#breadcrumb","itemListElement":[{"@type":"ListItem","position":1,"name":"Strona g\u0142\u00f3wna","item":"https:\/\/www.arwinox.pl\/"},{"@type":"ListItem","position":2,"name":"ZAWORY KULOWE KO\u0141NIERZOWE"}]},{"@type":"WebSite","@id":"https:\/\/www.arwinox.pl\/#website","url":"https:\/\/www.arwinox.pl\/","name":"ARWINOX","description":"     biuro@arwinox.pl,    tel. +48 609767607","publisher":{"@id":"https:\/\/www.arwinox.pl\/#organization"},"potentialAction":[{"@type":"SearchAction","target":{"@type":"EntryPoint","urlTemplate":"https:\/\/www.arwinox.pl\/?s={search_term_string}"},"query-input":"required name=search_term_string"}],"inLanguage":"pl-PL"},{"@type":"Organization","@id":"https:\/\/www.arwinox.pl\/#organization","name":"ARWINOX","url":"https:\/\/www.arwinox.pl\/","logo":{"@type":"ImageObject","inLanguage":"pl-PL","@id":"https:\/\/www.arwinox.pl\/#\/schema\/logo\/image\/","url":"https:\/\/www.arwinox.pl\/wp-content\/uploads\/2023\/01\/Logo-arwinox3.png","contentUrl":"https:\/\/www.arwinox.pl\/wp-content\/uploads\/2023\/01\/Logo-arwinox3.png","width":6900,"height":1980,"caption":"ARWINOX "},"image":{"@id":"https:\/\/www.arwinox.pl\/#\/schema\/logo\/image\/"}}]}},"_links":{"self":[{"href":"https:\/\/www.arwinox.pl\/index.php\/wp-json\/wp\/v2\/pages\/1089"}],"collection":[{"href":"https:\/\/www.arwinox.pl\/index.php\/wp-json\/wp\/v2\/pages"}],"about":[{"href":"https:\/\/www.arwinox.pl\/index.php\/wp-json\/wp\/v2\/types\/page"}],"author":[{"embeddable":true,"href":"https:\/\/www.arwinox.pl\/index.php\/wp-json\/wp\/v2\/users\/1"}],"replies":[{"embeddable":true,"href":"https:\/\/www.arwinox.pl\/index.php\/wp-json\/wp\/v2\/comments?post=1089"}],"version-history":[{"count":20,"href":"https:\/\/www.arwinox.pl\/index.php\/wp-json\/wp\/v2\/pages\/1089\/revisions"}],"predecessor-version":[{"id":1142,"href":"https:\/\/www.arwinox.pl\/index.php\/wp-json\/wp\/v2\/pages\/1089\/revisions\/1142"}],"wp:attachment":[{"href":"https:\/\/www.arwinox.pl\/index.php\/wp-json\/wp\/v2\/media?parent=1089"}],"curies":[{"name":"wp","href":"https:\/\/api.w.org\/{rel}","templated":true}]}}