{"id":1793,"date":"2024-10-01T10:12:17","date_gmt":"2024-10-01T10:12:17","guid":{"rendered":"https:\/\/www.arwinox.pl\/?page_id=1793"},"modified":"2024-10-01T10:38:29","modified_gmt":"2024-10-01T10:38:29","slug":"armatura-specjalna","status":"publish","type":"page","link":"https:\/\/www.arwinox.pl\/index.php\/armatura-specjalna\/","title":{"rendered":"ARMATURA SPECJALNA"},"content":{"rendered":"\t\t<div data-elementor-type=\"wp-page\" data-elementor-id=\"1793\" class=\"elementor elementor-1793\">\n\t\t\t\t\t\t\t\t\t<section class=\"elementor-section elementor-top-section elementor-element elementor-element-39d3a6d elementor-section-stretched elementor-section-boxed elementor-section-height-default elementor-section-height-default\" data-id=\"39d3a6d\" data-element_type=\"section\" data-settings=\"{&quot;stretch_section&quot;:&quot;section-stretched&quot;}\">\n\t\t\t\t\t\t<div class=\"elementor-container elementor-column-gap-default\">\n\t\t\t\t\t<div class=\"elementor-column elementor-col-100 elementor-top-column elementor-element elementor-element-4bce76ac\" data-id=\"4bce76ac\" data-element_type=\"column\">\n\t\t\t<div class=\"elementor-widget-wrap elementor-element-populated\">\n\t\t\t\t\t\t\t\t<div class=\"elementor-element elementor-element-bc77775 elementor-widget elementor-widget-text-editor\" data-id=\"bc77775\" data-element_type=\"widget\" data-widget_type=\"text-editor.default\">\n\t\t\t\t<div class=\"elementor-widget-container\">\n\t\t\t<style>\/*! elementor - v3.17.0 - 08-11-2023 *\/\n.elementor-widget-text-editor.elementor-drop-cap-view-stacked .elementor-drop-cap{background-color:#69727d;color:#fff}.elementor-widget-text-editor.elementor-drop-cap-view-framed .elementor-drop-cap{color:#69727d;border:3px solid;background-color:transparent}.elementor-widget-text-editor:not(.elementor-drop-cap-view-default) .elementor-drop-cap{margin-top:8px}.elementor-widget-text-editor:not(.elementor-drop-cap-view-default) .elementor-drop-cap-letter{width:1em;height:1em}.elementor-widget-text-editor .elementor-drop-cap{float:left;text-align:center;line-height:1;font-size:50px}.elementor-widget-text-editor .elementor-drop-cap-letter{display:inline-block}<\/style>\t\t\t\t<p><span style=\"color: #000000;\"><strong>ARMATURA SPECJALNA<\/strong><\/span><\/p><p><span style=\"color: #000000;\">Armatura wykonana na specjalne zam\u00f3wienie wg wytycznych klienta.<\/span><\/p>\t\t\t\t\t\t<\/div>\n\t\t\t\t<\/div>\n\t\t\t\t\t<\/div>\n\t\t<\/div>\n\t\t\t\t\t\t\t<\/div>\n\t\t<\/section>\n\t\t\t\t<section class=\"elementor-section elementor-top-section elementor-element elementor-element-df65f96 elementor-section-full_width elementor-section-stretched elementor-section-height-default elementor-section-height-default\" data-id=\"df65f96\" data-element_type=\"section\" data-settings=\"{&quot;stretch_section&quot;:&quot;section-stretched&quot;}\">\n\t\t\t\t\t\t<div class=\"elementor-container elementor-column-gap-default\">\n\t\t\t\t\t<div class=\"elementor-column elementor-col-33 elementor-top-column elementor-element elementor-element-f81d73f\" data-id=\"f81d73f\" data-element_type=\"column\">\n\t\t\t<div class=\"elementor-widget-wrap elementor-element-populated\">\n\t\t\t\t\t\t\t\t<div class=\"elementor-element elementor-element-fcd0149 elementor-widget elementor-widget-image\" data-id=\"fcd0149\" data-element_type=\"widget\" data-widget_type=\"image.default\">\n\t\t\t\t<div class=\"elementor-widget-container\">\n\t\t\t<style>\/*! elementor - v3.17.0 - 08-11-2023 *\/\n.elementor-widget-image{text-align:center}.elementor-widget-image a{display:inline-block}.elementor-widget-image a img[src$=\".svg\"]{width:48px}.elementor-widget-image img{vertical-align:middle;display:inline-block}<\/style>\t\t\t\t\t\t\t\t\t<figure class=\"wp-caption\">\n\t\t\t\t\t\t\t\t\t\t<img loading=\"lazy\" decoding=\"async\" width=\"580\" height=\"1030\" src=\"https:\/\/www.arwinox.pl\/wp-content\/uploads\/2024\/10\/rura-myjaca_1-768x1364.jpg\" class=\"attachment-medium_large size-medium_large wp-image-1796\" alt=\"\" srcset=\"https:\/\/www.arwinox.pl\/wp-content\/uploads\/2024\/10\/rura-myjaca_1-768x1364.jpg 768w, https:\/\/www.arwinox.pl\/wp-content\/uploads\/2024\/10\/rura-myjaca_1-169x300.jpg 169w, https:\/\/www.arwinox.pl\/wp-content\/uploads\/2024\/10\/rura-myjaca_1-577x1024.jpg 577w, https:\/\/www.arwinox.pl\/wp-content\/uploads\/2024\/10\/rura-myjaca_1-865x1536.jpg 865w, https:\/\/www.arwinox.pl\/wp-content\/uploads\/2024\/10\/rura-myjaca_1-1153x2048.jpg 1153w, https:\/\/www.arwinox.pl\/wp-content\/uploads\/2024\/10\/rura-myjaca_1-1200x2131.jpg 1200w, https:\/\/www.arwinox.pl\/wp-content\/uploads\/2024\/10\/rura-myjaca_1.jpg 1239w\" sizes=\"(max-width: 580px) 100vw, 580px\" \/>\t\t\t\t\t\t\t\t\t\t\t<figcaption class=\"widget-image-caption wp-caption-text\">LANCA DO MYCIA BECZEK<\/figcaption>\n\t\t\t\t\t\t\t\t\t\t<\/figure>\n\t\t\t\t\t\t\t\t\t<\/div>\n\t\t\t\t<\/div>\n\t\t\t\t\t<\/div>\n\t\t<\/div>\n\t\t\t\t<div class=\"elementor-column elementor-col-33 elementor-top-column elementor-element elementor-element-c959df7\" data-id=\"c959df7\" data-element_type=\"column\">\n\t\t\t<div class=\"elementor-widget-wrap elementor-element-populated\">\n\t\t\t\t\t\t\t\t<div class=\"elementor-element elementor-element-9bfd574 elementor-widget elementor-widget-image\" data-id=\"9bfd574\" data-element_type=\"widget\" data-widget_type=\"image.default\">\n\t\t\t\t<div class=\"elementor-widget-container\">\n\t\t\t\t\t\t\t\t\t\t\t\t<figure class=\"wp-caption\">\n\t\t\t\t\t\t\t\t\t\t<img loading=\"lazy\" decoding=\"async\" width=\"378\" height=\"1024\" src=\"https:\/\/www.arwinox.pl\/wp-content\/uploads\/2024\/10\/Rura-z-zaworem-378x1024.jpg\" class=\"attachment-large size-large wp-image-1797\" alt=\"\" srcset=\"https:\/\/www.arwinox.pl\/wp-content\/uploads\/2024\/10\/Rura-z-zaworem-378x1024.jpg 378w, https:\/\/www.arwinox.pl\/wp-content\/uploads\/2024\/10\/Rura-z-zaworem-111x300.jpg 111w, https:\/\/www.arwinox.pl\/wp-content\/uploads\/2024\/10\/Rura-z-zaworem-768x2082.jpg 768w, https:\/\/www.arwinox.pl\/wp-content\/uploads\/2024\/10\/Rura-z-zaworem-567x1536.jpg 567w, https:\/\/www.arwinox.pl\/wp-content\/uploads\/2024\/10\/Rura-z-zaworem-756x2048.jpg 756w, https:\/\/www.arwinox.pl\/wp-content\/uploads\/2024\/10\/Rura-z-zaworem-1200x3252.jpg 1200w, https:\/\/www.arwinox.pl\/wp-content\/uploads\/2024\/10\/Rura-z-zaworem-1980x5367.jpg 1980w, https:\/\/www.arwinox.pl\/wp-content\/uploads\/2024\/10\/Rura-z-zaworem-scaled.jpg 945w\" sizes=\"(max-width: 378px) 100vw, 378px\" \/>\t\t\t\t\t\t\t\t\t\t\t<figcaption class=\"widget-image-caption wp-caption-text\">RURA DO POBORU MEDIUM Z BECZKI<\/figcaption>\n\t\t\t\t\t\t\t\t\t\t<\/figure>\n\t\t\t\t\t\t\t\t\t<\/div>\n\t\t\t\t<\/div>\n\t\t\t\t\t<\/div>\n\t\t<\/div>\n\t\t\t\t<div class=\"elementor-column elementor-col-33 elementor-top-column elementor-element elementor-element-1aaf915\" data-id=\"1aaf915\" data-element_type=\"column\">\n\t\t\t<div class=\"elementor-widget-wrap elementor-element-populated\">\n\t\t\t\t\t\t\t\t<div class=\"elementor-element elementor-element-69a4a3c elementor-widget elementor-widget-image\" data-id=\"69a4a3c\" data-element_type=\"widget\" data-widget_type=\"image.default\">\n\t\t\t\t<div class=\"elementor-widget-container\">\n\t\t\t\t\t\t\t\t\t\t\t\t<figure class=\"wp-caption\">\n\t\t\t\t\t\t\t\t\t\t<img loading=\"lazy\" decoding=\"async\" width=\"580\" height=\"326\" src=\"https:\/\/www.arwinox.pl\/wp-content\/uploads\/2023\/01\/zespol-zaworowy-1024x576.png\" class=\"attachment-large size-large wp-image-37\" alt=\"\" srcset=\"https:\/\/www.arwinox.pl\/wp-content\/uploads\/2023\/01\/zespol-zaworowy-1024x576.png 1024w, https:\/\/www.arwinox.pl\/wp-content\/uploads\/2023\/01\/zespol-zaworowy-300x169.png 300w, https:\/\/www.arwinox.pl\/wp-content\/uploads\/2023\/01\/zespol-zaworowy-768x432.png 768w, https:\/\/www.arwinox.pl\/wp-content\/uploads\/2023\/01\/zespol-zaworowy-1536x864.png 1536w, https:\/\/www.arwinox.pl\/wp-content\/uploads\/2023\/01\/zespol-zaworowy-2048x1152.png 2048w\" sizes=\"(max-width: 580px) 100vw, 580px\" \/>\t\t\t\t\t\t\t\t\t\t\t<figcaption class=\"widget-image-caption wp-caption-text\">ZESP\u00d3\u0141 ZAWOR\u00d3W DO CHMIELENIA PIWA<\/figcaption>\n\t\t\t\t\t\t\t\t\t\t<\/figure>\n\t\t\t\t\t\t\t\t\t<\/div>\n\t\t\t\t<\/div>\n\t\t\t\t\t<\/div>\n\t\t<\/div>\n\t\t\t\t\t\t\t<\/div>\n\t\t<\/section>\n\t\t\t\t\t\t\t<\/div>\n\t\t","protected":false},"excerpt":{"rendered":"<p>ARMATURA SPECJALNA Armatura wykonana na specjalne zam\u00f3wienie wg wytycznych klienta. LANCA DO MYCIA BECZEK RURA DO POBORU MEDIUM Z BECZKI ZESP\u00d3\u0141 ZAWOR\u00d3W DO CHMIELENIA PIWA<\/p>\n","protected":false},"author":1,"featured_media":0,"parent":0,"menu_order":0,"comment_status":"closed","ping_status":"closed","template":"","meta":{"footnotes":""},"yoast_head":"<!-- This site is optimized with the Yoast SEO plugin v21.5 - https:\/\/yoast.com\/wordpress\/plugins\/seo\/ -->\n<title>ARMATURA SPECJALNA - ARWINOX<\/title>\n<meta name=\"description\" content=\"armatura specjalna wykonana na zam\u00f3wienie wg opisu klienta\" \/>\n<meta name=\"robots\" content=\"index, follow, max-snippet:-1, max-image-preview:large, max-video-preview:-1\" \/>\n<link rel=\"canonical\" href=\"https:\/\/www.arwinox.pl\/index.php\/armatura-specjalna\/\" \/>\n<meta property=\"og:locale\" content=\"pl_PL\" \/>\n<meta property=\"og:type\" content=\"article\" \/>\n<meta property=\"og:title\" content=\"ARMATURA SPECJALNA - ARWINOX\" \/>\n<meta property=\"og:description\" content=\"armatura specjalna wykonana na zam\u00f3wienie wg opisu klienta\" \/>\n<meta property=\"og:url\" content=\"https:\/\/www.arwinox.pl\/index.php\/armatura-specjalna\/\" \/>\n<meta property=\"og:site_name\" content=\"ARWINOX\" \/>\n<meta property=\"article:modified_time\" content=\"2024-10-01T10:38:29+00:00\" \/>\n<meta property=\"og:image\" content=\"https:\/\/www.arwinox.pl\/wp-content\/uploads\/2024\/10\/rura-myjaca_1-768x1364.jpg\" \/>\n<meta name=\"twitter:card\" content=\"summary_large_image\" \/>\n<meta name=\"twitter:label1\" content=\"Szacowany czas czytania\" \/>\n\t<meta name=\"twitter:data1\" content=\"1 minuta\" \/>\n<script type=\"application\/ld+json\" class=\"yoast-schema-graph\">{\"@context\":\"https:\/\/schema.org\",\"@graph\":[{\"@type\":\"WebPage\",\"@id\":\"https:\/\/www.arwinox.pl\/index.php\/armatura-specjalna\/\",\"url\":\"https:\/\/www.arwinox.pl\/index.php\/armatura-specjalna\/\",\"name\":\"ARMATURA SPECJALNA - ARWINOX\",\"isPartOf\":{\"@id\":\"https:\/\/www.arwinox.pl\/#website\"},\"datePublished\":\"2024-10-01T10:12:17+00:00\",\"dateModified\":\"2024-10-01T10:38:29+00:00\",\"description\":\"armatura specjalna wykonana na zam\u00f3wienie wg opisu klienta\",\"breadcrumb\":{\"@id\":\"https:\/\/www.arwinox.pl\/index.php\/armatura-specjalna\/#breadcrumb\"},\"inLanguage\":\"pl-PL\",\"potentialAction\":[{\"@type\":\"ReadAction\",\"target\":[\"https:\/\/www.arwinox.pl\/index.php\/armatura-specjalna\/\"]}]},{\"@type\":\"BreadcrumbList\",\"@id\":\"https:\/\/www.arwinox.pl\/index.php\/armatura-specjalna\/#breadcrumb\",\"itemListElement\":[{\"@type\":\"ListItem\",\"position\":1,\"name\":\"Strona g\u0142\u00f3wna\",\"item\":\"https:\/\/www.arwinox.pl\/\"},{\"@type\":\"ListItem\",\"position\":2,\"name\":\"ARMATURA SPECJALNA\"}]},{\"@type\":\"WebSite\",\"@id\":\"https:\/\/www.arwinox.pl\/#website\",\"url\":\"https:\/\/www.arwinox.pl\/\",\"name\":\"ARWINOX\",\"description\":\"     biuro@arwinox.pl,    tel. +48 609767607\",\"publisher\":{\"@id\":\"https:\/\/www.arwinox.pl\/#organization\"},\"potentialAction\":[{\"@type\":\"SearchAction\",\"target\":{\"@type\":\"EntryPoint\",\"urlTemplate\":\"https:\/\/www.arwinox.pl\/?s={search_term_string}\"},\"query-input\":\"required name=search_term_string\"}],\"inLanguage\":\"pl-PL\"},{\"@type\":\"Organization\",\"@id\":\"https:\/\/www.arwinox.pl\/#organization\",\"name\":\"ARWINOX\",\"url\":\"https:\/\/www.arwinox.pl\/\",\"logo\":{\"@type\":\"ImageObject\",\"inLanguage\":\"pl-PL\",\"@id\":\"https:\/\/www.arwinox.pl\/#\/schema\/logo\/image\/\",\"url\":\"https:\/\/www.arwinox.pl\/wp-content\/uploads\/2023\/01\/Logo-arwinox3.png\",\"contentUrl\":\"https:\/\/www.arwinox.pl\/wp-content\/uploads\/2023\/01\/Logo-arwinox3.png\",\"width\":6900,\"height\":1980,\"caption\":\"ARWINOX \"},\"image\":{\"@id\":\"https:\/\/www.arwinox.pl\/#\/schema\/logo\/image\/\"}}]}<\/script>\n<!-- \/ Yoast SEO plugin. -->","yoast_head_json":{"title":"ARMATURA SPECJALNA - ARWINOX","description":"armatura specjalna wykonana na zam\u00f3wienie wg opisu klienta","robots":{"index":"index","follow":"follow","max-snippet":"max-snippet:-1","max-image-preview":"max-image-preview:large","max-video-preview":"max-video-preview:-1"},"canonical":"https:\/\/www.arwinox.pl\/index.php\/armatura-specjalna\/","og_locale":"pl_PL","og_type":"article","og_title":"ARMATURA SPECJALNA - ARWINOX","og_description":"armatura specjalna wykonana na zam\u00f3wienie wg opisu klienta","og_url":"https:\/\/www.arwinox.pl\/index.php\/armatura-specjalna\/","og_site_name":"ARWINOX","article_modified_time":"2024-10-01T10:38:29+00:00","og_image":[{"url":"https:\/\/www.arwinox.pl\/wp-content\/uploads\/2024\/10\/rura-myjaca_1-768x1364.jpg"}],"twitter_card":"summary_large_image","twitter_misc":{"Szacowany czas czytania":"1 minuta"},"schema":{"@context":"https:\/\/schema.org","@graph":[{"@type":"WebPage","@id":"https:\/\/www.arwinox.pl\/index.php\/armatura-specjalna\/","url":"https:\/\/www.arwinox.pl\/index.php\/armatura-specjalna\/","name":"ARMATURA SPECJALNA - ARWINOX","isPartOf":{"@id":"https:\/\/www.arwinox.pl\/#website"},"datePublished":"2024-10-01T10:12:17+00:00","dateModified":"2024-10-01T10:38:29+00:00","description":"armatura specjalna wykonana na zam\u00f3wienie wg opisu klienta","breadcrumb":{"@id":"https:\/\/www.arwinox.pl\/index.php\/armatura-specjalna\/#breadcrumb"},"inLanguage":"pl-PL","potentialAction":[{"@type":"ReadAction","target":["https:\/\/www.arwinox.pl\/index.php\/armatura-specjalna\/"]}]},{"@type":"BreadcrumbList","@id":"https:\/\/www.arwinox.pl\/index.php\/armatura-specjalna\/#breadcrumb","itemListElement":[{"@type":"ListItem","position":1,"name":"Strona g\u0142\u00f3wna","item":"https:\/\/www.arwinox.pl\/"},{"@type":"ListItem","position":2,"name":"ARMATURA SPECJALNA"}]},{"@type":"WebSite","@id":"https:\/\/www.arwinox.pl\/#website","url":"https:\/\/www.arwinox.pl\/","name":"ARWINOX","description":"     biuro@arwinox.pl,    tel. +48 609767607","publisher":{"@id":"https:\/\/www.arwinox.pl\/#organization"},"potentialAction":[{"@type":"SearchAction","target":{"@type":"EntryPoint","urlTemplate":"https:\/\/www.arwinox.pl\/?s={search_term_string}"},"query-input":"required name=search_term_string"}],"inLanguage":"pl-PL"},{"@type":"Organization","@id":"https:\/\/www.arwinox.pl\/#organization","name":"ARWINOX","url":"https:\/\/www.arwinox.pl\/","logo":{"@type":"ImageObject","inLanguage":"pl-PL","@id":"https:\/\/www.arwinox.pl\/#\/schema\/logo\/image\/","url":"https:\/\/www.arwinox.pl\/wp-content\/uploads\/2023\/01\/Logo-arwinox3.png","contentUrl":"https:\/\/www.arwinox.pl\/wp-content\/uploads\/2023\/01\/Logo-arwinox3.png","width":6900,"height":1980,"caption":"ARWINOX "},"image":{"@id":"https:\/\/www.arwinox.pl\/#\/schema\/logo\/image\/"}}]}},"_links":{"self":[{"href":"https:\/\/www.arwinox.pl\/index.php\/wp-json\/wp\/v2\/pages\/1793"}],"collection":[{"href":"https:\/\/www.arwinox.pl\/index.php\/wp-json\/wp\/v2\/pages"}],"about":[{"href":"https:\/\/www.arwinox.pl\/index.php\/wp-json\/wp\/v2\/types\/page"}],"author":[{"embeddable":true,"href":"https:\/\/www.arwinox.pl\/index.php\/wp-json\/wp\/v2\/users\/1"}],"replies":[{"embeddable":true,"href":"https:\/\/www.arwinox.pl\/index.php\/wp-json\/wp\/v2\/comments?post=1793"}],"version-history":[{"count":4,"href":"https:\/\/www.arwinox.pl\/index.php\/wp-json\/wp\/v2\/pages\/1793\/revisions"}],"predecessor-version":[{"id":1800,"href":"https:\/\/www.arwinox.pl\/index.php\/wp-json\/wp\/v2\/pages\/1793\/revisions\/1800"}],"wp:attachment":[{"href":"https:\/\/www.arwinox.pl\/index.php\/wp-json\/wp\/v2\/media?parent=1793"}],"curies":[{"name":"wp","href":"https:\/\/api.w.org\/{rel}","templated":true}]}}