{"id":268,"date":"2023-01-08T20:24:09","date_gmt":"2023-01-08T20:24:09","guid":{"rendered":"https:\/\/www.arwinox.pl\/?page_id=268"},"modified":"2026-04-09T08:34:22","modified_gmt":"2026-04-09T08:34:22","slug":"zlacza-rurowe","status":"publish","type":"page","link":"https:\/\/www.arwinox.pl\/index.php\/zlacza-rurowe\/","title":{"rendered":"Z\u0141\u0104CZA RUROWE"},"content":{"rendered":"\t\t<div data-elementor-type=\"wp-page\" data-elementor-id=\"268\" class=\"elementor elementor-268\">\n\t\t\t\t\t\t\t\t\t<section class=\"elementor-section elementor-top-section elementor-element elementor-element-3745ad1 elementor-section-stretched elementor-section-boxed elementor-section-height-default elementor-section-height-default\" data-id=\"3745ad1\" data-element_type=\"section\" data-settings=\"{&quot;stretch_section&quot;:&quot;section-stretched&quot;}\">\n\t\t\t\t\t\t<div class=\"elementor-container elementor-column-gap-default\">\n\t\t\t\t\t<div class=\"elementor-column elementor-col-33 elementor-top-column elementor-element elementor-element-6464200\" data-id=\"6464200\" data-element_type=\"column\">\n\t\t\t<div class=\"elementor-widget-wrap elementor-element-populated\">\n\t\t\t\t\t\t\t\t<div class=\"elementor-element elementor-element-6c05957 elementor-widget elementor-widget-image\" data-id=\"6c05957\" data-element_type=\"widget\" data-widget_type=\"image.default\">\n\t\t\t\t<div class=\"elementor-widget-container\">\n\t\t\t<style>\/*! elementor - v3.17.0 - 08-11-2023 *\/\n.elementor-widget-image{text-align:center}.elementor-widget-image a{display:inline-block}.elementor-widget-image a img[src$=\".svg\"]{width:48px}.elementor-widget-image img{vertical-align:middle;display:inline-block}<\/style>\t\t\t\t\t\t\t\t\t<figure class=\"wp-caption\">\n\t\t\t\t\t\t\t\t\t\t\t<a href=\"http:\/\/arwinox.pl\/index.php\/zlacza-mleczarskie-skrecane\/\">\n\t\t\t\t\t\t\t<img loading=\"lazy\" decoding=\"async\" width=\"216\" height=\"200\" src=\"https:\/\/www.arwinox.pl\/wp-content\/uploads\/2023\/01\/srubunek.png\" class=\"attachment-large size-large wp-image-270\" alt=\"\" \/>\t\t\t\t\t\t\t\t<\/a>\n\t\t\t\t\t\t\t\t\t\t\t<figcaption class=\"widget-image-caption wp-caption-text\">Z\u0141\u0104CZA SKR\u0118CANE<\/figcaption>\n\t\t\t\t\t\t\t\t\t\t<\/figure>\n\t\t\t\t\t\t\t\t\t<\/div>\n\t\t\t\t<\/div>\n\t\t\t\t\t<\/div>\n\t\t<\/div>\n\t\t\t\t<div class=\"elementor-column elementor-col-33 elementor-top-column elementor-element elementor-element-c95faf6\" data-id=\"c95faf6\" data-element_type=\"column\">\n\t\t\t<div class=\"elementor-widget-wrap elementor-element-populated\">\n\t\t\t\t\t\t\t\t<div class=\"elementor-element elementor-element-e7f6933 elementor-widget elementor-widget-image\" data-id=\"e7f6933\" data-element_type=\"widget\" data-widget_type=\"image.default\">\n\t\t\t\t<div class=\"elementor-widget-container\">\n\t\t\t\t\t\t\t\t\t\t\t\t<figure class=\"wp-caption\">\n\t\t\t\t\t\t\t\t\t\t\t<a href=\"http:\/\/arwinox.pl\/index.php\/zlacza-kolnierzowe\/\">\n\t\t\t\t\t\t\t<img loading=\"lazy\" decoding=\"async\" width=\"209\" height=\"184\" src=\"https:\/\/www.arwinox.pl\/wp-content\/uploads\/2023\/01\/zl.kol_.png\" class=\"attachment-2048x2048 size-2048x2048 wp-image-271\" alt=\"\" \/>\t\t\t\t\t\t\t\t<\/a>\n\t\t\t\t\t\t\t\t\t\t\t<figcaption class=\"widget-image-caption wp-caption-text\">Z\u0141\u0104CZA KO\u0141NIERZOWE<\/figcaption>\n\t\t\t\t\t\t\t\t\t\t<\/figure>\n\t\t\t\t\t\t\t\t\t<\/div>\n\t\t\t\t<\/div>\n\t\t\t\t\t<\/div>\n\t\t<\/div>\n\t\t\t\t<div class=\"elementor-column elementor-col-33 elementor-top-column elementor-element elementor-element-14d4628\" data-id=\"14d4628\" data-element_type=\"column\">\n\t\t\t<div class=\"elementor-widget-wrap elementor-element-populated\">\n\t\t\t\t\t\t\t\t<div class=\"elementor-element elementor-element-88a2ca1 elementor-widget elementor-widget-image\" data-id=\"88a2ca1\" data-element_type=\"widget\" data-widget_type=\"image.default\">\n\t\t\t\t<div class=\"elementor-widget-container\">\n\t\t\t\t\t\t\t\t\t\t\t\t<figure class=\"wp-caption\">\n\t\t\t\t\t\t\t\t\t\t\t<a href=\"http:\/\/arwinox.pl\/index.php\/zlacza-rurowe\/zlacza-tri-clamp\/\">\n\t\t\t\t\t\t\t<img loading=\"lazy\" decoding=\"async\" width=\"300\" height=\"295\" src=\"https:\/\/www.arwinox.pl\/wp-content\/uploads\/2023\/01\/zlacze-TC-300x295.png\" class=\"attachment-medium size-medium wp-image-272\" alt=\"\" srcset=\"https:\/\/www.arwinox.pl\/wp-content\/uploads\/2023\/01\/zlacze-TC-300x295.png 300w, https:\/\/www.arwinox.pl\/wp-content\/uploads\/2023\/01\/zlacze-TC.png 431w\" sizes=\"(max-width: 300px) 100vw, 300px\" \/>\t\t\t\t\t\t\t\t<\/a>\n\t\t\t\t\t\t\t\t\t\t\t<figcaption class=\"widget-image-caption wp-caption-text\">Z\u0141\u0104CZA TRI CLAMP<\/figcaption>\n\t\t\t\t\t\t\t\t\t\t<\/figure>\n\t\t\t\t\t\t\t\t\t<\/div>\n\t\t\t\t<\/div>\n\t\t\t\t\t<\/div>\n\t\t<\/div>\n\t\t\t\t\t\t\t<\/div>\n\t\t<\/section>\n\t\t\t\t\t\t\t<\/div>\n\t\t","protected":false},"excerpt":{"rendered":"<p>Z\u0141\u0104CZA SKR\u0118CANE Z\u0141\u0104CZA KO\u0141NIERZOWE Z\u0141\u0104CZA TRI CLAMP<\/p>\n","protected":false},"author":1,"featured_media":0,"parent":0,"menu_order":0,"comment_status":"closed","ping_status":"closed","template":"","meta":{"footnotes":""},"yoast_head":"<!-- This site is optimized with the Yoast SEO plugin v21.5 - https:\/\/yoast.com\/wordpress\/plugins\/seo\/ -->\n<title>Z\u0141\u0104CZA RUROWE - ARWINOX<\/title>\n<meta name=\"description\" content=\"z\u0142\u0105cza skr\u0119cane, mleczarskie, gwint z\u0142\u0105cza, \u0433\u0432\u0438\u043d\u0442\u043e\u0432\u0456 \u0437&#039;\u0454\u0434\u043d\u0430\u043d\u043d\u044f, \u043c\u043e\u043b\u043e\u0447\u043d\u0456 \u0437&#039;\u0454\u0434\u043d\u0430\u043d\u043d\u044f, \u0440\u0456\u0437\u044c\u0431\u043e\u0432\u0456 \u0437&#039;\u0454\u0434\u043d\u0430\u043d\u043d\u044f,\" \/>\n<meta name=\"robots\" content=\"index, follow, max-snippet:-1, max-image-preview:large, max-video-preview:-1\" \/>\n<link rel=\"canonical\" href=\"https:\/\/www.arwinox.pl\/index.php\/zlacza-rurowe\/\" \/>\n<meta property=\"og:locale\" content=\"pl_PL\" \/>\n<meta property=\"og:type\" content=\"article\" \/>\n<meta property=\"og:title\" content=\"Z\u0141\u0104CZA RUROWE - ARWINOX\" \/>\n<meta property=\"og:description\" content=\"z\u0142\u0105cza skr\u0119cane, mleczarskie, gwint z\u0142\u0105cza, \u0433\u0432\u0438\u043d\u0442\u043e\u0432\u0456 \u0437&#039;\u0454\u0434\u043d\u0430\u043d\u043d\u044f, \u043c\u043e\u043b\u043e\u0447\u043d\u0456 \u0437&#039;\u0454\u0434\u043d\u0430\u043d\u043d\u044f, \u0440\u0456\u0437\u044c\u0431\u043e\u0432\u0456 \u0437&#039;\u0454\u0434\u043d\u0430\u043d\u043d\u044f,\" \/>\n<meta property=\"og:url\" content=\"https:\/\/www.arwinox.pl\/index.php\/zlacza-rurowe\/\" \/>\n<meta property=\"og:site_name\" content=\"ARWINOX\" \/>\n<meta property=\"article:modified_time\" content=\"2026-04-09T08:34:22+00:00\" \/>\n<meta property=\"og:image\" content=\"https:\/\/www.arwinox.pl\/wp-content\/uploads\/2023\/01\/srubunek.png\" \/>\n<meta name=\"twitter:card\" content=\"summary_large_image\" \/>\n<meta name=\"twitter:label1\" content=\"Szacowany czas czytania\" \/>\n\t<meta name=\"twitter:data1\" content=\"1 minuta\" \/>\n<script type=\"application\/ld+json\" class=\"yoast-schema-graph\">{\"@context\":\"https:\/\/schema.org\",\"@graph\":[{\"@type\":\"WebPage\",\"@id\":\"https:\/\/www.arwinox.pl\/index.php\/zlacza-rurowe\/\",\"url\":\"https:\/\/www.arwinox.pl\/index.php\/zlacza-rurowe\/\",\"name\":\"Z\u0141\u0104CZA RUROWE - ARWINOX\",\"isPartOf\":{\"@id\":\"https:\/\/www.arwinox.pl\/#website\"},\"datePublished\":\"2023-01-08T20:24:09+00:00\",\"dateModified\":\"2026-04-09T08:34:22+00:00\",\"description\":\"z\u0142\u0105cza skr\u0119cane, mleczarskie, gwint z\u0142\u0105cza, \u0433\u0432\u0438\u043d\u0442\u043e\u0432\u0456 \u0437'\u0454\u0434\u043d\u0430\u043d\u043d\u044f, \u043c\u043e\u043b\u043e\u0447\u043d\u0456 \u0437'\u0454\u0434\u043d\u0430\u043d\u043d\u044f, \u0440\u0456\u0437\u044c\u0431\u043e\u0432\u0456 \u0437'\u0454\u0434\u043d\u0430\u043d\u043d\u044f,\",\"breadcrumb\":{\"@id\":\"https:\/\/www.arwinox.pl\/index.php\/zlacza-rurowe\/#breadcrumb\"},\"inLanguage\":\"pl-PL\",\"potentialAction\":[{\"@type\":\"ReadAction\",\"target\":[\"https:\/\/www.arwinox.pl\/index.php\/zlacza-rurowe\/\"]}]},{\"@type\":\"BreadcrumbList\",\"@id\":\"https:\/\/www.arwinox.pl\/index.php\/zlacza-rurowe\/#breadcrumb\",\"itemListElement\":[{\"@type\":\"ListItem\",\"position\":1,\"name\":\"Strona g\u0142\u00f3wna\",\"item\":\"https:\/\/www.arwinox.pl\/\"},{\"@type\":\"ListItem\",\"position\":2,\"name\":\"Z\u0141\u0104CZA RUROWE\"}]},{\"@type\":\"WebSite\",\"@id\":\"https:\/\/www.arwinox.pl\/#website\",\"url\":\"https:\/\/www.arwinox.pl\/\",\"name\":\"ARWINOX\",\"description\":\"     biuro@arwinox.pl,    tel. +48 609767607\",\"publisher\":{\"@id\":\"https:\/\/www.arwinox.pl\/#organization\"},\"potentialAction\":[{\"@type\":\"SearchAction\",\"target\":{\"@type\":\"EntryPoint\",\"urlTemplate\":\"https:\/\/www.arwinox.pl\/?s={search_term_string}\"},\"query-input\":\"required name=search_term_string\"}],\"inLanguage\":\"pl-PL\"},{\"@type\":\"Organization\",\"@id\":\"https:\/\/www.arwinox.pl\/#organization\",\"name\":\"ARWINOX\",\"url\":\"https:\/\/www.arwinox.pl\/\",\"logo\":{\"@type\":\"ImageObject\",\"inLanguage\":\"pl-PL\",\"@id\":\"https:\/\/www.arwinox.pl\/#\/schema\/logo\/image\/\",\"url\":\"https:\/\/www.arwinox.pl\/wp-content\/uploads\/2023\/01\/Logo-arwinox3.png\",\"contentUrl\":\"https:\/\/www.arwinox.pl\/wp-content\/uploads\/2023\/01\/Logo-arwinox3.png\",\"width\":6900,\"height\":1980,\"caption\":\"ARWINOX \"},\"image\":{\"@id\":\"https:\/\/www.arwinox.pl\/#\/schema\/logo\/image\/\"}}]}<\/script>\n<!-- \/ Yoast SEO plugin. -->","yoast_head_json":{"title":"Z\u0141\u0104CZA RUROWE - ARWINOX","description":"z\u0142\u0105cza skr\u0119cane, mleczarskie, gwint z\u0142\u0105cza, \u0433\u0432\u0438\u043d\u0442\u043e\u0432\u0456 \u0437'\u0454\u0434\u043d\u0430\u043d\u043d\u044f, \u043c\u043e\u043b\u043e\u0447\u043d\u0456 \u0437'\u0454\u0434\u043d\u0430\u043d\u043d\u044f, \u0440\u0456\u0437\u044c\u0431\u043e\u0432\u0456 \u0437'\u0454\u0434\u043d\u0430\u043d\u043d\u044f,","robots":{"index":"index","follow":"follow","max-snippet":"max-snippet:-1","max-image-preview":"max-image-preview:large","max-video-preview":"max-video-preview:-1"},"canonical":"https:\/\/www.arwinox.pl\/index.php\/zlacza-rurowe\/","og_locale":"pl_PL","og_type":"article","og_title":"Z\u0141\u0104CZA RUROWE - ARWINOX","og_description":"z\u0142\u0105cza skr\u0119cane, mleczarskie, gwint z\u0142\u0105cza, \u0433\u0432\u0438\u043d\u0442\u043e\u0432\u0456 \u0437'\u0454\u0434\u043d\u0430\u043d\u043d\u044f, \u043c\u043e\u043b\u043e\u0447\u043d\u0456 \u0437'\u0454\u0434\u043d\u0430\u043d\u043d\u044f, \u0440\u0456\u0437\u044c\u0431\u043e\u0432\u0456 \u0437'\u0454\u0434\u043d\u0430\u043d\u043d\u044f,","og_url":"https:\/\/www.arwinox.pl\/index.php\/zlacza-rurowe\/","og_site_name":"ARWINOX","article_modified_time":"2026-04-09T08:34:22+00:00","og_image":[{"url":"https:\/\/www.arwinox.pl\/wp-content\/uploads\/2023\/01\/srubunek.png"}],"twitter_card":"summary_large_image","twitter_misc":{"Szacowany czas czytania":"1 minuta"},"schema":{"@context":"https:\/\/schema.org","@graph":[{"@type":"WebPage","@id":"https:\/\/www.arwinox.pl\/index.php\/zlacza-rurowe\/","url":"https:\/\/www.arwinox.pl\/index.php\/zlacza-rurowe\/","name":"Z\u0141\u0104CZA RUROWE - ARWINOX","isPartOf":{"@id":"https:\/\/www.arwinox.pl\/#website"},"datePublished":"2023-01-08T20:24:09+00:00","dateModified":"2026-04-09T08:34:22+00:00","description":"z\u0142\u0105cza skr\u0119cane, mleczarskie, gwint z\u0142\u0105cza, \u0433\u0432\u0438\u043d\u0442\u043e\u0432\u0456 \u0437'\u0454\u0434\u043d\u0430\u043d\u043d\u044f, \u043c\u043e\u043b\u043e\u0447\u043d\u0456 \u0437'\u0454\u0434\u043d\u0430\u043d\u043d\u044f, \u0440\u0456\u0437\u044c\u0431\u043e\u0432\u0456 \u0437'\u0454\u0434\u043d\u0430\u043d\u043d\u044f,","breadcrumb":{"@id":"https:\/\/www.arwinox.pl\/index.php\/zlacza-rurowe\/#breadcrumb"},"inLanguage":"pl-PL","potentialAction":[{"@type":"ReadAction","target":["https:\/\/www.arwinox.pl\/index.php\/zlacza-rurowe\/"]}]},{"@type":"BreadcrumbList","@id":"https:\/\/www.arwinox.pl\/index.php\/zlacza-rurowe\/#breadcrumb","itemListElement":[{"@type":"ListItem","position":1,"name":"Strona g\u0142\u00f3wna","item":"https:\/\/www.arwinox.pl\/"},{"@type":"ListItem","position":2,"name":"Z\u0141\u0104CZA RUROWE"}]},{"@type":"WebSite","@id":"https:\/\/www.arwinox.pl\/#website","url":"https:\/\/www.arwinox.pl\/","name":"ARWINOX","description":"     biuro@arwinox.pl,    tel. +48 609767607","publisher":{"@id":"https:\/\/www.arwinox.pl\/#organization"},"potentialAction":[{"@type":"SearchAction","target":{"@type":"EntryPoint","urlTemplate":"https:\/\/www.arwinox.pl\/?s={search_term_string}"},"query-input":"required name=search_term_string"}],"inLanguage":"pl-PL"},{"@type":"Organization","@id":"https:\/\/www.arwinox.pl\/#organization","name":"ARWINOX","url":"https:\/\/www.arwinox.pl\/","logo":{"@type":"ImageObject","inLanguage":"pl-PL","@id":"https:\/\/www.arwinox.pl\/#\/schema\/logo\/image\/","url":"https:\/\/www.arwinox.pl\/wp-content\/uploads\/2023\/01\/Logo-arwinox3.png","contentUrl":"https:\/\/www.arwinox.pl\/wp-content\/uploads\/2023\/01\/Logo-arwinox3.png","width":6900,"height":1980,"caption":"ARWINOX "},"image":{"@id":"https:\/\/www.arwinox.pl\/#\/schema\/logo\/image\/"}}]}},"_links":{"self":[{"href":"https:\/\/www.arwinox.pl\/index.php\/wp-json\/wp\/v2\/pages\/268"}],"collection":[{"href":"https:\/\/www.arwinox.pl\/index.php\/wp-json\/wp\/v2\/pages"}],"about":[{"href":"https:\/\/www.arwinox.pl\/index.php\/wp-json\/wp\/v2\/types\/page"}],"author":[{"embeddable":true,"href":"https:\/\/www.arwinox.pl\/index.php\/wp-json\/wp\/v2\/users\/1"}],"replies":[{"embeddable":true,"href":"https:\/\/www.arwinox.pl\/index.php\/wp-json\/wp\/v2\/comments?post=268"}],"version-history":[{"count":29,"href":"https:\/\/www.arwinox.pl\/index.php\/wp-json\/wp\/v2\/pages\/268\/revisions"}],"predecessor-version":[{"id":1738,"href":"https:\/\/www.arwinox.pl\/index.php\/wp-json\/wp\/v2\/pages\/268\/revisions\/1738"}],"wp:attachment":[{"href":"https:\/\/www.arwinox.pl\/index.php\/wp-json\/wp\/v2\/media?parent=268"}],"curies":[{"name":"wp","href":"https:\/\/api.w.org\/{rel}","templated":true}]}}