{"id":292,"date":"2023-01-08T21:08:45","date_gmt":"2023-01-08T21:08:45","guid":{"rendered":"https:\/\/www.arwinox.pl\/?page_id=292"},"modified":"2023-01-12T09:12:40","modified_gmt":"2023-01-12T09:12:40","slug":"zawory-zwrotne","status":"publish","type":"page","link":"https:\/\/www.arwinox.pl\/index.php\/strona-glowna\/zawory-zwrotne\/","title":{"rendered":"ZAWORY ZWROTNE"},"content":{"rendered":"\t\t<div data-elementor-type=\"wp-page\" data-elementor-id=\"292\" class=\"elementor elementor-292\">\n\t\t\t\t\t\t\t\t\t<section class=\"elementor-section elementor-top-section elementor-element elementor-element-b84d74e elementor-section-stretched elementor-section-boxed elementor-section-height-default elementor-section-height-default\" data-id=\"b84d74e\" data-element_type=\"section\" data-settings=\"{&quot;stretch_section&quot;:&quot;section-stretched&quot;}\">\n\t\t\t\t\t\t<div class=\"elementor-container elementor-column-gap-default\">\n\t\t\t\t\t<div class=\"elementor-column elementor-col-100 elementor-top-column elementor-element elementor-element-cae0f53\" data-id=\"cae0f53\" data-element_type=\"column\">\n\t\t\t<div class=\"elementor-widget-wrap elementor-element-populated\">\n\t\t\t\t\t\t\t\t<div class=\"elementor-element elementor-element-b0d4f98 elementor-widget__width-inherit elementor-widget elementor-widget-text-editor\" data-id=\"b0d4f98\" data-element_type=\"widget\" data-widget_type=\"text-editor.default\">\n\t\t\t\t<div class=\"elementor-widget-container\">\n\t\t\t<style>\/*! elementor - v3.17.0 - 08-11-2023 *\/\n.elementor-widget-text-editor.elementor-drop-cap-view-stacked .elementor-drop-cap{background-color:#69727d;color:#fff}.elementor-widget-text-editor.elementor-drop-cap-view-framed .elementor-drop-cap{color:#69727d;border:3px solid;background-color:transparent}.elementor-widget-text-editor:not(.elementor-drop-cap-view-default) .elementor-drop-cap{margin-top:8px}.elementor-widget-text-editor:not(.elementor-drop-cap-view-default) .elementor-drop-cap-letter{width:1em;height:1em}.elementor-widget-text-editor .elementor-drop-cap{float:left;text-align:center;line-height:1;font-size:50px}.elementor-widget-text-editor .elementor-drop-cap-letter{display:inline-block}<\/style>\t\t\t\t<p style=\"text-align: center;\"><strong><span style=\"color: #000000;\">ZAWORY ZWROTNE<\/span><\/strong><\/p><p><span style=\"color: #000000;\">Zawory zwrotne: talerzowe, kulowe.<\/span><br \/><span style=\"color: #000000;\">Rozmiary zawor\u00f3w: DN10 \u2013 DN100<\/span><br \/><span style=\"color: #000000;\">Ci\u015bnienie otwarcia: 0,02 \u2013 0,1 bar<\/span><br \/><span style=\"color: #000000;\">Typ przy\u0142\u0105czy: do spawania S-S, z gwintami G-G, G-S, K\/M-G, TC-TC.<\/span><br \/><span style=\"color: #000000;\">Materia\u0142 wykonania: 1.4301 \u2013 AISI 304 lub 1.4404 \u2013 AISI 316<\/span><br \/><span style=\"color: #000000;\">Uszczelnienia gniazda: EPDM, NBR.<\/span><br \/><span style=\"color: #000000;\">Jako\u015b\u0107 powierzchni: Ra\u22640,8\u00b5m<\/span><\/p>\t\t\t\t\t\t<\/div>\n\t\t\t\t<\/div>\n\t\t\t\t\t<\/div>\n\t\t<\/div>\n\t\t\t\t\t\t\t<\/div>\n\t\t<\/section>\n\t\t\t\t<section class=\"elementor-section elementor-top-section elementor-element elementor-element-6b4c3379 elementor-section-content-top elementor-section-stretched elementor-section-boxed elementor-section-height-default elementor-section-height-default\" data-id=\"6b4c3379\" data-element_type=\"section\" data-settings=\"{&quot;stretch_section&quot;:&quot;section-stretched&quot;}\">\n\t\t\t\t\t\t<div class=\"elementor-container elementor-column-gap-default\">\n\t\t\t\t\t<div class=\"elementor-column elementor-col-50 elementor-top-column elementor-element elementor-element-798c24a3\" data-id=\"798c24a3\" data-element_type=\"column\">\n\t\t\t<div class=\"elementor-widget-wrap elementor-element-populated\">\n\t\t\t\t\t\t\t\t<div class=\"elementor-element elementor-element-776b5b7 elementor-widget elementor-widget-text-editor\" data-id=\"776b5b7\" data-element_type=\"widget\" data-widget_type=\"text-editor.default\">\n\t\t\t\t<div class=\"elementor-widget-container\">\n\t\t\t\t\t\t\t<p><span style=\"color: #000000;\"><strong>ZAW\u00d3R ZWROTNY TALERZOWY G-S\u00a0<\/strong><\/span><\/p><p><span style=\"color: #000000;\">Zamkni\u0119cie zaworu spr\u0119\u017cyn\u0105 zwrotn\u0105<\/span><br \/><span style=\"color: #000000;\">Rozmiary zawor\u00f3w: DN 25 \u2013 DN 150<\/span><br \/><span style=\"color: #000000;\">Materia\u0142 wykonania: 1.4301 \u2013 AISI 304, 1.4404 \u2013 AISI 316<\/span><br \/><span style=\"color: #000000;\">Uszczelnienie: EPDM, NBR<\/span><\/p>\t\t\t\t\t\t<\/div>\n\t\t\t\t<\/div>\n\t\t\t\t\t<\/div>\n\t\t<\/div>\n\t\t\t\t<div class=\"elementor-column elementor-col-50 elementor-top-column elementor-element elementor-element-7e4090ff\" data-id=\"7e4090ff\" data-element_type=\"column\">\n\t\t\t<div class=\"elementor-widget-wrap elementor-element-populated\">\n\t\t\t\t\t\t\t\t<div class=\"elementor-element elementor-element-c52f28e elementor-widget elementor-widget-image\" data-id=\"c52f28e\" data-element_type=\"widget\" data-widget_type=\"image.default\">\n\t\t\t\t<div class=\"elementor-widget-container\">\n\t\t\t<style>\/*! elementor - v3.17.0 - 08-11-2023 *\/\n.elementor-widget-image{text-align:center}.elementor-widget-image a{display:inline-block}.elementor-widget-image a img[src$=\".svg\"]{width:48px}.elementor-widget-image img{vertical-align:middle;display:inline-block}<\/style>\t\t\t\t\t\t\t\t\t\t\t\t<img loading=\"lazy\" decoding=\"async\" width=\"220\" height=\"212\" src=\"https:\/\/www.arwinox.pl\/wp-content\/uploads\/2023\/01\/zawor-zwr.-GS.png\" class=\"attachment-large size-large wp-image-281\" alt=\"\" \/>\t\t\t\t\t\t\t\t\t\t\t\t\t\t\t<\/div>\n\t\t\t\t<\/div>\n\t\t\t\t\t<\/div>\n\t\t<\/div>\n\t\t\t\t\t\t\t<\/div>\n\t\t<\/section>\n\t\t\t\t<section class=\"elementor-section elementor-top-section elementor-element elementor-element-5d4b5f9e elementor-section-stretched elementor-section-boxed elementor-section-height-default elementor-section-height-default\" data-id=\"5d4b5f9e\" data-element_type=\"section\" data-settings=\"{&quot;stretch_section&quot;:&quot;section-stretched&quot;}\">\n\t\t\t\t\t\t<div class=\"elementor-container elementor-column-gap-default\">\n\t\t\t\t\t<div class=\"elementor-column elementor-col-50 elementor-top-column elementor-element elementor-element-3eb72a2\" data-id=\"3eb72a2\" data-element_type=\"column\">\n\t\t\t<div class=\"elementor-widget-wrap elementor-element-populated\">\n\t\t\t\t\t\t\t\t<div class=\"elementor-element elementor-element-56ba1153 elementor-widget elementor-widget-text-editor\" data-id=\"56ba1153\" data-element_type=\"widget\" data-widget_type=\"text-editor.default\">\n\t\t\t\t<div class=\"elementor-widget-container\">\n\t\t\t\t\t\t\t<p><span style=\"color: #000000;\"><strong>ZAW\u00d3R ZWROTNY MI\u0118DZY-KO\u0141NIERZOWY S-S\u00a0<\/strong><\/span><\/p><p><span style=\"color: #000000;\">Zamkni\u0119cie zaworu spr\u0119\u017cyn\u0105 zwrotn\u0105<\/span><br \/><span style=\"color: #000000;\">Rozmiary zawor\u00f3w: DN 25 \u2013 DN 100<\/span><br \/><span style=\"color: #000000;\">Materia\u0142 wykonania: 1.4301 \u2013 AISI 304, 1.4404 \u2013 AISI 316<\/span><br \/><span style=\"color: #000000;\">Uszczelnienie: EPDM, NBR<\/span><\/p>\t\t\t\t\t\t<\/div>\n\t\t\t\t<\/div>\n\t\t\t\t\t<\/div>\n\t\t<\/div>\n\t\t\t\t<div class=\"elementor-column elementor-col-50 elementor-top-column elementor-element elementor-element-4f1e2db8\" data-id=\"4f1e2db8\" data-element_type=\"column\">\n\t\t\t<div class=\"elementor-widget-wrap elementor-element-populated\">\n\t\t\t\t\t\t\t\t<div class=\"elementor-element elementor-element-355869bb elementor-widget elementor-widget-image\" data-id=\"355869bb\" data-element_type=\"widget\" data-widget_type=\"image.default\">\n\t\t\t\t<div class=\"elementor-widget-container\">\n\t\t\t\t\t\t\t\t\t\t\t\t\t\t\t<img loading=\"lazy\" decoding=\"async\" width=\"287\" height=\"300\" src=\"https:\/\/www.arwinox.pl\/wp-content\/uploads\/2023\/01\/zaw.-zwrot.-kol-287x300.jpg\" class=\"attachment-medium size-medium wp-image-296\" alt=\"\" srcset=\"https:\/\/www.arwinox.pl\/wp-content\/uploads\/2023\/01\/zaw.-zwrot.-kol-287x300.jpg 287w, https:\/\/www.arwinox.pl\/wp-content\/uploads\/2023\/01\/zaw.-zwrot.-kol.jpg 347w\" sizes=\"(max-width: 287px) 100vw, 287px\" \/>\t\t\t\t\t\t\t\t\t\t\t\t\t\t\t<\/div>\n\t\t\t\t<\/div>\n\t\t\t\t\t<\/div>\n\t\t<\/div>\n\t\t\t\t\t\t\t<\/div>\n\t\t<\/section>\n\t\t\t\t<section class=\"elementor-section elementor-top-section elementor-element elementor-element-2611c97e elementor-section-stretched elementor-section-boxed elementor-section-height-default elementor-section-height-default\" data-id=\"2611c97e\" data-element_type=\"section\" data-settings=\"{&quot;stretch_section&quot;:&quot;section-stretched&quot;}\">\n\t\t\t\t\t\t<div class=\"elementor-container elementor-column-gap-default\">\n\t\t\t\t\t<div class=\"elementor-column elementor-col-50 elementor-top-column elementor-element elementor-element-5f496f79\" data-id=\"5f496f79\" data-element_type=\"column\">\n\t\t\t<div class=\"elementor-widget-wrap elementor-element-populated\">\n\t\t\t\t\t\t\t\t<div class=\"elementor-element elementor-element-15908a2c elementor-widget elementor-widget-text-editor\" data-id=\"15908a2c\" data-element_type=\"widget\" data-widget_type=\"text-editor.default\">\n\t\t\t\t<div class=\"elementor-widget-container\">\n\t\t\t\t\t\t\t<p><strong>ZAW\u00d3R ZWROTNY Z KULK\u0104 G-S\u00a0<\/strong><\/p><p>Zamkni\u0119cie zaworu kul\u0105<br \/>Zabudowa pionowa<br \/>Rozmiary zawor\u00f3w: DN 25 \u2013 DN 80<br \/>Materia\u0142 wykonania: 1.4404 \u2013 AISI 316<br \/>Kula: EPDM (bia\u0142y), NBR, FKM<br \/>Rdze\u0144 kuli metalowy<\/p>\t\t\t\t\t\t<\/div>\n\t\t\t\t<\/div>\n\t\t\t\t\t<\/div>\n\t\t<\/div>\n\t\t\t\t<div class=\"elementor-column elementor-col-50 elementor-top-column elementor-element elementor-element-324fb7af\" data-id=\"324fb7af\" data-element_type=\"column\">\n\t\t\t<div class=\"elementor-widget-wrap elementor-element-populated\">\n\t\t\t\t\t\t\t\t<div class=\"elementor-element elementor-element-790ce5da elementor-widget elementor-widget-image\" data-id=\"790ce5da\" data-element_type=\"widget\" data-widget_type=\"image.default\">\n\t\t\t\t<div class=\"elementor-widget-container\">\n\t\t\t\t\t\t\t\t\t\t\t\t\t\t\t<img loading=\"lazy\" decoding=\"async\" width=\"580\" height=\"363\" src=\"https:\/\/www.arwinox.pl\/wp-content\/uploads\/2023\/01\/zawor-zwrotyn-kula_1.png\" class=\"attachment-large size-large wp-image-297\" alt=\"\" srcset=\"https:\/\/www.arwinox.pl\/wp-content\/uploads\/2023\/01\/zawor-zwrotyn-kula_1.png 617w, https:\/\/www.arwinox.pl\/wp-content\/uploads\/2023\/01\/zawor-zwrotyn-kula_1-300x188.png 300w\" sizes=\"(max-width: 580px) 100vw, 580px\" \/>\t\t\t\t\t\t\t\t\t\t\t\t\t\t\t<\/div>\n\t\t\t\t<\/div>\n\t\t\t\t\t<\/div>\n\t\t<\/div>\n\t\t\t\t\t\t\t<\/div>\n\t\t<\/section>\n\t\t\t\t<section class=\"elementor-section elementor-top-section elementor-element elementor-element-6fa36551 elementor-section-stretched elementor-section-boxed elementor-section-height-default elementor-section-height-default\" data-id=\"6fa36551\" data-element_type=\"section\" data-settings=\"{&quot;stretch_section&quot;:&quot;section-stretched&quot;}\">\n\t\t\t\t\t\t<div class=\"elementor-container elementor-column-gap-default\">\n\t\t\t\t\t<div class=\"elementor-column elementor-col-33 elementor-top-column elementor-element elementor-element-72cdd170\" data-id=\"72cdd170\" data-element_type=\"column\">\n\t\t\t<div class=\"elementor-widget-wrap elementor-element-populated\">\n\t\t\t\t\t\t\t\t<div class=\"elementor-element elementor-element-757f99f3 elementor-widget elementor-widget-text-editor\" data-id=\"757f99f3\" data-element_type=\"widget\" data-widget_type=\"text-editor.default\">\n\t\t\t\t<div class=\"elementor-widget-container\">\n\t\t\t\t\t\t\t<p><strong>ZAWORY ZWROTNE KO\u0141NIERZOWE<\/strong><\/p><p>Ich zalet\u0105 jest zwarta budowa.<br \/>Zamkni\u0119cie zaworu spr\u0119\u017cyn\u0105 zwrotn\u0105<br \/>Rozmiary zawor\u00f3w: DN 25 \u2013 DN 100<br \/>Materia\u0142 wykonania: 1.4301 \u2013 AISI 304, 1.4404 \u2013 AISI 316<br \/>Uszczelnienie: EPDM, NBR<br \/>Rodzaj przy\u0142\u0105czy: G-G, S-S, G-S, K-S, TC-TC, ect. pozosta\u0142e na zapytanie.<\/p>\t\t\t\t\t\t<\/div>\n\t\t\t\t<\/div>\n\t\t\t\t\t<\/div>\n\t\t<\/div>\n\t\t\t\t<div class=\"elementor-column elementor-col-33 elementor-top-column elementor-element elementor-element-7e209a52\" data-id=\"7e209a52\" data-element_type=\"column\">\n\t\t\t<div class=\"elementor-widget-wrap elementor-element-populated\">\n\t\t\t\t\t\t\t\t<div class=\"elementor-element elementor-element-6364ca6d elementor-widget elementor-widget-image\" data-id=\"6364ca6d\" data-element_type=\"widget\" data-widget_type=\"image.default\">\n\t\t\t\t<div class=\"elementor-widget-container\">\n\t\t\t\t\t\t\t\t\t\t\t\t\t\t\t<img loading=\"lazy\" decoding=\"async\" width=\"127\" height=\"145\" src=\"https:\/\/www.arwinox.pl\/wp-content\/uploads\/2023\/01\/zaw.-zwrotny-koln.png\" class=\"attachment-large size-large wp-image-298\" alt=\"\" \/>\t\t\t\t\t\t\t\t\t\t\t\t\t\t\t<\/div>\n\t\t\t\t<\/div>\n\t\t\t\t\t<\/div>\n\t\t<\/div>\n\t\t\t\t<div class=\"elementor-column elementor-col-33 elementor-top-column elementor-element elementor-element-4c8012c\" data-id=\"4c8012c\" data-element_type=\"column\">\n\t\t\t<div class=\"elementor-widget-wrap elementor-element-populated\">\n\t\t\t\t\t\t\t\t<div class=\"elementor-element elementor-element-720c5cd elementor-widget elementor-widget-image\" data-id=\"720c5cd\" data-element_type=\"widget\" data-widget_type=\"image.default\">\n\t\t\t\t<div class=\"elementor-widget-container\">\n\t\t\t\t\t\t\t\t\t\t\t\t\t\t\t<img loading=\"lazy\" decoding=\"async\" width=\"422\" height=\"310\" src=\"https:\/\/www.arwinox.pl\/wp-content\/uploads\/2023\/01\/zaw.-zwrotny-RYS.png\" class=\"attachment-large size-large wp-image-299\" alt=\"\" srcset=\"https:\/\/www.arwinox.pl\/wp-content\/uploads\/2023\/01\/zaw.-zwrotny-RYS.png 422w, https:\/\/www.arwinox.pl\/wp-content\/uploads\/2023\/01\/zaw.-zwrotny-RYS-300x220.png 300w\" sizes=\"(max-width: 422px) 100vw, 422px\" \/>\t\t\t\t\t\t\t\t\t\t\t\t\t\t\t<\/div>\n\t\t\t\t<\/div>\n\t\t\t\t\t<\/div>\n\t\t<\/div>\n\t\t\t\t\t\t\t<\/div>\n\t\t<\/section>\n\t\t\t\t<section class=\"elementor-section elementor-top-section elementor-element elementor-element-3d4c6ce3 elementor-section-stretched elementor-section-boxed elementor-section-height-default elementor-section-height-default\" data-id=\"3d4c6ce3\" data-element_type=\"section\" data-settings=\"{&quot;stretch_section&quot;:&quot;section-stretched&quot;}\">\n\t\t\t\t\t\t<div class=\"elementor-container elementor-column-gap-default\">\n\t\t\t\t\t<div class=\"elementor-column elementor-col-50 elementor-top-column elementor-element elementor-element-2ae6cceb\" data-id=\"2ae6cceb\" data-element_type=\"column\">\n\t\t\t<div class=\"elementor-widget-wrap elementor-element-populated\">\n\t\t\t\t\t\t\t\t<div class=\"elementor-element elementor-element-4ca57210 elementor-widget elementor-widget-text-editor\" data-id=\"4ca57210\" data-element_type=\"widget\" data-widget_type=\"text-editor.default\">\n\t\t\t\t<div class=\"elementor-widget-container\">\n\t\t\t\t\t\t\t<p><strong>ZAWORY ZWROTNE JEDNOCZ\u0118\u015aCIOWE<\/strong><\/p><p>Ich zalet\u0105 jest zwarta jednocz\u0119\u015bciowa budowa.<br \/>Zamkni\u0119cie zaworu spr\u0119\u017cyn\u0105 zwrotn\u0105<br \/>Rozmiary zawor\u00f3w: DN 25 \u2013 DN 80<br \/>Materia\u0142 wykonania: 1.4301 \u2013 AISI 304, 1.4404 \u2013 AISI 316<br \/>Uszczelnienie: EPDM,<br \/>Rodzaj przy\u0142\u0105czy: G-G, G-S, K-K, K-S, TC-TC, ect. pozosta\u0142e na zapytanie.<\/p>\t\t\t\t\t\t<\/div>\n\t\t\t\t<\/div>\n\t\t\t\t\t<\/div>\n\t\t<\/div>\n\t\t\t\t<div class=\"elementor-column elementor-col-50 elementor-top-column elementor-element elementor-element-6e2afcb6\" data-id=\"6e2afcb6\" data-element_type=\"column\">\n\t\t\t<div class=\"elementor-widget-wrap elementor-element-populated\">\n\t\t\t\t\t\t\t\t<div class=\"elementor-element elementor-element-1fccbe49 elementor-widget elementor-widget-image\" data-id=\"1fccbe49\" data-element_type=\"widget\" data-widget_type=\"image.default\">\n\t\t\t\t<div class=\"elementor-widget-container\">\n\t\t\t\t\t\t\t\t\t\t\t\t\t\t\t<img loading=\"lazy\" decoding=\"async\" width=\"324\" height=\"326\" src=\"https:\/\/www.arwinox.pl\/wp-content\/uploads\/2023\/01\/zaw.-zwrotny-GG-1cz.png\" class=\"attachment-large size-large wp-image-300\" alt=\"\" srcset=\"https:\/\/www.arwinox.pl\/wp-content\/uploads\/2023\/01\/zaw.-zwrotny-GG-1cz.png 324w, https:\/\/www.arwinox.pl\/wp-content\/uploads\/2023\/01\/zaw.-zwrotny-GG-1cz-298x300.png 298w, https:\/\/www.arwinox.pl\/wp-content\/uploads\/2023\/01\/zaw.-zwrotny-GG-1cz-150x150.png 150w\" sizes=\"(max-width: 324px) 100vw, 324px\" \/>\t\t\t\t\t\t\t\t\t\t\t\t\t\t\t<\/div>\n\t\t\t\t<\/div>\n\t\t\t\t\t<\/div>\n\t\t<\/div>\n\t\t\t\t\t\t\t<\/div>\n\t\t<\/section>\n\t\t\t\t\t\t\t<\/div>\n\t\t","protected":false},"excerpt":{"rendered":"<p>ZAWORY ZWROTNE Zawory zwrotne: talerzowe, kulowe.Rozmiary zawor\u00f3w: DN10 \u2013 DN100Ci\u015bnienie otwarcia: 0,02 \u2013 0,1 barTyp przy\u0142\u0105czy: do spawania S-S, z gwintami G-G, G-S, K\/M-G, TC-TC.Materia\u0142 wykonania: 1.4301 \u2013 AISI 304 lub 1.4404 \u2013 AISI 316Uszczelnienia gniazda: EPDM, NBR.Jako\u015b\u0107 powierzchni: Ra\u22640,8\u00b5m ZAW\u00d3R ZWROTNY TALERZOWY G-S\u00a0 Zamkni\u0119cie zaworu spr\u0119\u017cyn\u0105 zwrotn\u0105Rozmiary zawor\u00f3w: DN 25 \u2013 DN 150Materia\u0142 wykonania: [&hellip;]<\/p>\n","protected":false},"author":1,"featured_media":0,"parent":29,"menu_order":0,"comment_status":"closed","ping_status":"closed","template":"","meta":{"footnotes":""},"yoast_head":"<!-- This site is optimized with the Yoast SEO plugin v21.5 - https:\/\/yoast.com\/wordpress\/plugins\/seo\/ -->\n<title>ZAWORY ZWROTNE - ARWINOX<\/title>\n<meta name=\"robots\" content=\"index, follow, max-snippet:-1, max-image-preview:large, max-video-preview:-1\" \/>\n<link rel=\"canonical\" href=\"https:\/\/www.arwinox.pl\/index.php\/strona-glowna\/zawory-zwrotne\/\" \/>\n<meta property=\"og:locale\" content=\"pl_PL\" \/>\n<meta property=\"og:type\" content=\"article\" \/>\n<meta property=\"og:title\" content=\"ZAWORY ZWROTNE - ARWINOX\" \/>\n<meta property=\"og:description\" content=\"ZAWORY ZWROTNE Zawory zwrotne: talerzowe, kulowe.Rozmiary zawor\u00f3w: DN10 \u2013 DN100Ci\u015bnienie otwarcia: 0,02 \u2013 0,1 barTyp przy\u0142\u0105czy: do spawania S-S, z gwintami G-G, G-S, K\/M-G, TC-TC.Materia\u0142 wykonania: 1.4301 \u2013 AISI 304 lub 1.4404 \u2013 AISI 316Uszczelnienia gniazda: EPDM, NBR.Jako\u015b\u0107 powierzchni: Ra\u22640,8\u00b5m ZAW\u00d3R ZWROTNY TALERZOWY G-S\u00a0 Zamkni\u0119cie zaworu spr\u0119\u017cyn\u0105 zwrotn\u0105Rozmiary zawor\u00f3w: DN 25 \u2013 DN 150Materia\u0142 wykonania: [&hellip;]\" \/>\n<meta property=\"og:url\" content=\"https:\/\/www.arwinox.pl\/index.php\/strona-glowna\/zawory-zwrotne\/\" \/>\n<meta property=\"og:site_name\" content=\"ARWINOX\" \/>\n<meta property=\"article:modified_time\" content=\"2023-01-12T09:12:40+00:00\" \/>\n<meta property=\"og:image\" content=\"https:\/\/www.arwinox.pl\/wp-content\/uploads\/2023\/01\/zawor-zwr.-GS.png\" \/>\n<meta name=\"twitter:card\" content=\"summary_large_image\" \/>\n<meta name=\"twitter:label1\" content=\"Szacowany czas czytania\" \/>\n\t<meta name=\"twitter:data1\" content=\"3 minuty\" \/>\n<script type=\"application\/ld+json\" class=\"yoast-schema-graph\">{\"@context\":\"https:\/\/schema.org\",\"@graph\":[{\"@type\":\"WebPage\",\"@id\":\"https:\/\/www.arwinox.pl\/index.php\/strona-glowna\/zawory-zwrotne\/\",\"url\":\"https:\/\/www.arwinox.pl\/index.php\/strona-glowna\/zawory-zwrotne\/\",\"name\":\"ZAWORY ZWROTNE - ARWINOX\",\"isPartOf\":{\"@id\":\"https:\/\/www.arwinox.pl\/#website\"},\"datePublished\":\"2023-01-08T21:08:45+00:00\",\"dateModified\":\"2023-01-12T09:12:40+00:00\",\"breadcrumb\":{\"@id\":\"https:\/\/www.arwinox.pl\/index.php\/strona-glowna\/zawory-zwrotne\/#breadcrumb\"},\"inLanguage\":\"pl-PL\",\"potentialAction\":[{\"@type\":\"ReadAction\",\"target\":[\"https:\/\/www.arwinox.pl\/index.php\/strona-glowna\/zawory-zwrotne\/\"]}]},{\"@type\":\"BreadcrumbList\",\"@id\":\"https:\/\/www.arwinox.pl\/index.php\/strona-glowna\/zawory-zwrotne\/#breadcrumb\",\"itemListElement\":[{\"@type\":\"ListItem\",\"position\":1,\"name\":\"Strona g\u0142\u00f3wna\",\"item\":\"https:\/\/www.arwinox.pl\/\"},{\"@type\":\"ListItem\",\"position\":2,\"name\":\"ARWINOX\",\"item\":\"https:\/\/www.arwinox.pl\/\"},{\"@type\":\"ListItem\",\"position\":3,\"name\":\"ZAWORY ZWROTNE\"}]},{\"@type\":\"WebSite\",\"@id\":\"https:\/\/www.arwinox.pl\/#website\",\"url\":\"https:\/\/www.arwinox.pl\/\",\"name\":\"ARWINOX\",\"description\":\"     biuro@arwinox.pl,    tel. +48 609767607\",\"publisher\":{\"@id\":\"https:\/\/www.arwinox.pl\/#organization\"},\"potentialAction\":[{\"@type\":\"SearchAction\",\"target\":{\"@type\":\"EntryPoint\",\"urlTemplate\":\"https:\/\/www.arwinox.pl\/?s={search_term_string}\"},\"query-input\":\"required name=search_term_string\"}],\"inLanguage\":\"pl-PL\"},{\"@type\":\"Organization\",\"@id\":\"https:\/\/www.arwinox.pl\/#organization\",\"name\":\"ARWINOX\",\"url\":\"https:\/\/www.arwinox.pl\/\",\"logo\":{\"@type\":\"ImageObject\",\"inLanguage\":\"pl-PL\",\"@id\":\"https:\/\/www.arwinox.pl\/#\/schema\/logo\/image\/\",\"url\":\"https:\/\/www.arwinox.pl\/wp-content\/uploads\/2023\/01\/Logo-arwinox3.png\",\"contentUrl\":\"https:\/\/www.arwinox.pl\/wp-content\/uploads\/2023\/01\/Logo-arwinox3.png\",\"width\":6900,\"height\":1980,\"caption\":\"ARWINOX \"},\"image\":{\"@id\":\"https:\/\/www.arwinox.pl\/#\/schema\/logo\/image\/\"}}]}<\/script>\n<!-- \/ Yoast SEO plugin. -->","yoast_head_json":{"title":"ZAWORY ZWROTNE - ARWINOX","robots":{"index":"index","follow":"follow","max-snippet":"max-snippet:-1","max-image-preview":"max-image-preview:large","max-video-preview":"max-video-preview:-1"},"canonical":"https:\/\/www.arwinox.pl\/index.php\/strona-glowna\/zawory-zwrotne\/","og_locale":"pl_PL","og_type":"article","og_title":"ZAWORY ZWROTNE - ARWINOX","og_description":"ZAWORY ZWROTNE Zawory zwrotne: talerzowe, kulowe.Rozmiary zawor\u00f3w: DN10 \u2013 DN100Ci\u015bnienie otwarcia: 0,02 \u2013 0,1 barTyp przy\u0142\u0105czy: do spawania S-S, z gwintami G-G, G-S, K\/M-G, TC-TC.Materia\u0142 wykonania: 1.4301 \u2013 AISI 304 lub 1.4404 \u2013 AISI 316Uszczelnienia gniazda: EPDM, NBR.Jako\u015b\u0107 powierzchni: Ra\u22640,8\u00b5m ZAW\u00d3R ZWROTNY TALERZOWY G-S\u00a0 Zamkni\u0119cie zaworu spr\u0119\u017cyn\u0105 zwrotn\u0105Rozmiary zawor\u00f3w: DN 25 \u2013 DN 150Materia\u0142 wykonania: [&hellip;]","og_url":"https:\/\/www.arwinox.pl\/index.php\/strona-glowna\/zawory-zwrotne\/","og_site_name":"ARWINOX","article_modified_time":"2023-01-12T09:12:40+00:00","og_image":[{"url":"https:\/\/www.arwinox.pl\/wp-content\/uploads\/2023\/01\/zawor-zwr.-GS.png"}],"twitter_card":"summary_large_image","twitter_misc":{"Szacowany czas czytania":"3 minuty"},"schema":{"@context":"https:\/\/schema.org","@graph":[{"@type":"WebPage","@id":"https:\/\/www.arwinox.pl\/index.php\/strona-glowna\/zawory-zwrotne\/","url":"https:\/\/www.arwinox.pl\/index.php\/strona-glowna\/zawory-zwrotne\/","name":"ZAWORY ZWROTNE - ARWINOX","isPartOf":{"@id":"https:\/\/www.arwinox.pl\/#website"},"datePublished":"2023-01-08T21:08:45+00:00","dateModified":"2023-01-12T09:12:40+00:00","breadcrumb":{"@id":"https:\/\/www.arwinox.pl\/index.php\/strona-glowna\/zawory-zwrotne\/#breadcrumb"},"inLanguage":"pl-PL","potentialAction":[{"@type":"ReadAction","target":["https:\/\/www.arwinox.pl\/index.php\/strona-glowna\/zawory-zwrotne\/"]}]},{"@type":"BreadcrumbList","@id":"https:\/\/www.arwinox.pl\/index.php\/strona-glowna\/zawory-zwrotne\/#breadcrumb","itemListElement":[{"@type":"ListItem","position":1,"name":"Strona g\u0142\u00f3wna","item":"https:\/\/www.arwinox.pl\/"},{"@type":"ListItem","position":2,"name":"ARWINOX","item":"https:\/\/www.arwinox.pl\/"},{"@type":"ListItem","position":3,"name":"ZAWORY ZWROTNE"}]},{"@type":"WebSite","@id":"https:\/\/www.arwinox.pl\/#website","url":"https:\/\/www.arwinox.pl\/","name":"ARWINOX","description":"     biuro@arwinox.pl,    tel. +48 609767607","publisher":{"@id":"https:\/\/www.arwinox.pl\/#organization"},"potentialAction":[{"@type":"SearchAction","target":{"@type":"EntryPoint","urlTemplate":"https:\/\/www.arwinox.pl\/?s={search_term_string}"},"query-input":"required name=search_term_string"}],"inLanguage":"pl-PL"},{"@type":"Organization","@id":"https:\/\/www.arwinox.pl\/#organization","name":"ARWINOX","url":"https:\/\/www.arwinox.pl\/","logo":{"@type":"ImageObject","inLanguage":"pl-PL","@id":"https:\/\/www.arwinox.pl\/#\/schema\/logo\/image\/","url":"https:\/\/www.arwinox.pl\/wp-content\/uploads\/2023\/01\/Logo-arwinox3.png","contentUrl":"https:\/\/www.arwinox.pl\/wp-content\/uploads\/2023\/01\/Logo-arwinox3.png","width":6900,"height":1980,"caption":"ARWINOX "},"image":{"@id":"https:\/\/www.arwinox.pl\/#\/schema\/logo\/image\/"}}]}},"_links":{"self":[{"href":"https:\/\/www.arwinox.pl\/index.php\/wp-json\/wp\/v2\/pages\/292"}],"collection":[{"href":"https:\/\/www.arwinox.pl\/index.php\/wp-json\/wp\/v2\/pages"}],"about":[{"href":"https:\/\/www.arwinox.pl\/index.php\/wp-json\/wp\/v2\/types\/page"}],"author":[{"embeddable":true,"href":"https:\/\/www.arwinox.pl\/index.php\/wp-json\/wp\/v2\/users\/1"}],"replies":[{"embeddable":true,"href":"https:\/\/www.arwinox.pl\/index.php\/wp-json\/wp\/v2\/comments?post=292"}],"version-history":[{"count":11,"href":"https:\/\/www.arwinox.pl\/index.php\/wp-json\/wp\/v2\/pages\/292\/revisions"}],"predecessor-version":[{"id":467,"href":"https:\/\/www.arwinox.pl\/index.php\/wp-json\/wp\/v2\/pages\/292\/revisions\/467"}],"up":[{"embeddable":true,"href":"https:\/\/www.arwinox.pl\/index.php\/wp-json\/wp\/v2\/pages\/29"}],"wp:attachment":[{"href":"https:\/\/www.arwinox.pl\/index.php\/wp-json\/wp\/v2\/media?parent=292"}],"curies":[{"name":"wp","href":"https:\/\/api.w.org\/{rel}","templated":true}]}}