{"id":3,"date":"2023-01-02T17:05:12","date_gmt":"2023-01-02T17:05:12","guid":{"rendered":"http:\/\/www.arwinox.pl\/?page_id=3"},"modified":"2023-01-15T19:29:22","modified_gmt":"2023-01-15T19:29:22","slug":"kontakt","status":"publish","type":"page","link":"https:\/\/www.arwinox.pl\/index.php\/strona-glowna\/kontakt\/","title":{"rendered":"KONTAKT"},"content":{"rendered":"\t\t<div data-elementor-type=\"wp-page\" data-elementor-id=\"3\" class=\"elementor elementor-3\">\n\t\t\t\t\t\t\t\t\t<section class=\"elementor-section elementor-top-section elementor-element elementor-element-9b788be elementor-section-stretched elementor-section-boxed elementor-section-height-default elementor-section-height-default\" data-id=\"9b788be\" data-element_type=\"section\" data-settings=\"{&quot;stretch_section&quot;:&quot;section-stretched&quot;}\">\n\t\t\t\t\t\t<div class=\"elementor-container elementor-column-gap-no\">\n\t\t\t\t\t<div class=\"elementor-column elementor-col-100 elementor-top-column elementor-element elementor-element-1faa0a1\" data-id=\"1faa0a1\" data-element_type=\"column\">\n\t\t\t<div class=\"elementor-widget-wrap elementor-element-populated\">\n\t\t\t\t\t\t\t\t<div class=\"elementor-element elementor-element-cd7aff0 elementor-widget__width-inherit elementor-widget elementor-widget-text-editor\" data-id=\"cd7aff0\" data-element_type=\"widget\" data-widget_type=\"text-editor.default\">\n\t\t\t\t<div class=\"elementor-widget-container\">\n\t\t\t<style>\/*! elementor - v3.17.0 - 08-11-2023 *\/\n.elementor-widget-text-editor.elementor-drop-cap-view-stacked .elementor-drop-cap{background-color:#69727d;color:#fff}.elementor-widget-text-editor.elementor-drop-cap-view-framed .elementor-drop-cap{color:#69727d;border:3px solid;background-color:transparent}.elementor-widget-text-editor:not(.elementor-drop-cap-view-default) .elementor-drop-cap{margin-top:8px}.elementor-widget-text-editor:not(.elementor-drop-cap-view-default) .elementor-drop-cap-letter{width:1em;height:1em}.elementor-widget-text-editor .elementor-drop-cap{float:left;text-align:center;line-height:1;font-size:50px}.elementor-widget-text-editor .elementor-drop-cap-letter{display:inline-block}<\/style>\t\t\t\t<p><b>ARWINOX<\/b><br>UL. HODOWLANA 14D<br>33-100 TARN\u00d3W<br><b><i>kom. 609 767 607<\/i><\/b><br>NIP: PL8711526686<\/p>\n<p><b>biuro@arwinox.pl<\/b><\/p>\n<p><b>&nbsp;<\/b><\/p>\n<p><b><i>Zapraszamy do kontaktu<\/i><\/b><\/p>\n<p>Je\u015bli Pa\u0144stwo s\u0105 zainteresowani nasz\u0105 ofert\u0105, b\u0105d\u017a chcieliby\u015bcie uzyska\u0107 szczeg\u00f3\u0142owe informacje na temat oferowanych przez nas produkt\u00f3w serdecznie zapraszamy do kontaktu telefonicznego i mailowego. Jeste\u015bmy do Pa\u0144stwa dyspozycji.<\/p>\t\t\t\t\t\t<\/div>\n\t\t\t\t<\/div>\n\t\t\t\t<div class=\"elementor-element elementor-element-afe55a8 elementor-widget elementor-widget-spacer\" data-id=\"afe55a8\" data-element_type=\"widget\" data-widget_type=\"spacer.default\">\n\t\t\t\t<div class=\"elementor-widget-container\">\n\t\t\t<style>\/*! elementor - v3.17.0 - 08-11-2023 *\/\n.elementor-column .elementor-spacer-inner{height:var(--spacer-size)}.e-con{--container-widget-width:100%}.e-con-inner>.elementor-widget-spacer,.e-con>.elementor-widget-spacer{width:var(--container-widget-width,var(--spacer-size));--align-self:var(--container-widget-align-self,initial);--flex-shrink:0}.e-con-inner>.elementor-widget-spacer>.elementor-widget-container,.e-con>.elementor-widget-spacer>.elementor-widget-container{height:100%;width:100%}.e-con-inner>.elementor-widget-spacer>.elementor-widget-container>.elementor-spacer,.e-con>.elementor-widget-spacer>.elementor-widget-container>.elementor-spacer{height:100%}.e-con-inner>.elementor-widget-spacer>.elementor-widget-container>.elementor-spacer>.elementor-spacer-inner,.e-con>.elementor-widget-spacer>.elementor-widget-container>.elementor-spacer>.elementor-spacer-inner{height:var(--container-widget-height,var(--spacer-size))}.e-con-inner>.elementor-widget-spacer.elementor-widget-empty,.e-con>.elementor-widget-spacer.elementor-widget-empty{position:relative;min-height:22px;min-width:22px}.e-con-inner>.elementor-widget-spacer.elementor-widget-empty .elementor-widget-empty-icon,.e-con>.elementor-widget-spacer.elementor-widget-empty .elementor-widget-empty-icon{position:absolute;top:0;bottom:0;left:0;right:0;margin:auto;padding:0;width:22px;height:22px}<\/style>\t\t<div class=\"elementor-spacer\">\n\t\t\t<div class=\"elementor-spacer-inner\"><\/div>\n\t\t<\/div>\n\t\t\t\t<\/div>\n\t\t\t\t<\/div>\n\t\t\t\t\t<\/div>\n\t\t<\/div>\n\t\t\t\t\t\t\t<\/div>\n\t\t<\/section>\n\t\t\t\t\t\t\t<\/div>\n\t\t","protected":false},"excerpt":{"rendered":"<p>ARWINOXUL. HODOWLANA 14D33-100 TARN\u00d3Wkom. 609 767 607NIP: PL8711526686 biuro@arwinox.pl &nbsp; Zapraszamy do kontaktu Je\u015bli Pa\u0144stwo s\u0105 zainteresowani nasz\u0105 ofert\u0105, b\u0105d\u017a chcieliby\u015bcie uzyska\u0107 szczeg\u00f3\u0142owe informacje na temat oferowanych przez nas produkt\u00f3w serdecznie zapraszamy do kontaktu telefonicznego i mailowego. Jeste\u015bmy do Pa\u0144stwa dyspozycji.<\/p>\n","protected":false},"author":1,"featured_media":0,"parent":29,"menu_order":0,"comment_status":"closed","ping_status":"closed","template":"","meta":{"footnotes":""},"yoast_head":"<!-- This site is optimized with the Yoast SEO plugin v21.5 - https:\/\/yoast.com\/wordpress\/plugins\/seo\/ -->\n<title>KONTAKT - ARWINOX<\/title>\n<meta name=\"robots\" content=\"index, follow, max-snippet:-1, max-image-preview:large, max-video-preview:-1\" \/>\n<link rel=\"canonical\" href=\"https:\/\/www.arwinox.pl\/index.php\/strona-glowna\/kontakt\/\" \/>\n<meta property=\"og:locale\" content=\"pl_PL\" \/>\n<meta property=\"og:type\" content=\"article\" \/>\n<meta property=\"og:title\" content=\"KONTAKT - ARWINOX\" \/>\n<meta property=\"og:description\" content=\"ARWINOXUL. HODOWLANA 14D33-100 TARN\u00d3Wkom. 609 767 607NIP: PL8711526686 biuro@arwinox.pl &nbsp; Zapraszamy do kontaktu Je\u015bli Pa\u0144stwo s\u0105 zainteresowani nasz\u0105 ofert\u0105, b\u0105d\u017a chcieliby\u015bcie uzyska\u0107 szczeg\u00f3\u0142owe informacje na temat oferowanych przez nas produkt\u00f3w serdecznie zapraszamy do kontaktu telefonicznego i mailowego. Jeste\u015bmy do Pa\u0144stwa dyspozycji.\" \/>\n<meta property=\"og:url\" content=\"https:\/\/www.arwinox.pl\/index.php\/strona-glowna\/kontakt\/\" \/>\n<meta property=\"og:site_name\" content=\"ARWINOX\" \/>\n<meta property=\"article:modified_time\" content=\"2023-01-15T19:29:22+00:00\" \/>\n<meta name=\"twitter:card\" content=\"summary_large_image\" \/>\n<meta name=\"twitter:label1\" content=\"Szacowany czas czytania\" \/>\n\t<meta name=\"twitter:data1\" content=\"1 minuta\" \/>\n<script type=\"application\/ld+json\" class=\"yoast-schema-graph\">{\"@context\":\"https:\/\/schema.org\",\"@graph\":[{\"@type\":\"WebPage\",\"@id\":\"https:\/\/www.arwinox.pl\/index.php\/strona-glowna\/kontakt\/\",\"url\":\"https:\/\/www.arwinox.pl\/index.php\/strona-glowna\/kontakt\/\",\"name\":\"KONTAKT - ARWINOX\",\"isPartOf\":{\"@id\":\"https:\/\/www.arwinox.pl\/#website\"},\"datePublished\":\"2023-01-02T17:05:12+00:00\",\"dateModified\":\"2023-01-15T19:29:22+00:00\",\"breadcrumb\":{\"@id\":\"https:\/\/www.arwinox.pl\/index.php\/strona-glowna\/kontakt\/#breadcrumb\"},\"inLanguage\":\"pl-PL\",\"potentialAction\":[{\"@type\":\"ReadAction\",\"target\":[\"https:\/\/www.arwinox.pl\/index.php\/strona-glowna\/kontakt\/\"]}]},{\"@type\":\"BreadcrumbList\",\"@id\":\"https:\/\/www.arwinox.pl\/index.php\/strona-glowna\/kontakt\/#breadcrumb\",\"itemListElement\":[{\"@type\":\"ListItem\",\"position\":1,\"name\":\"Strona g\u0142\u00f3wna\",\"item\":\"https:\/\/www.arwinox.pl\/\"},{\"@type\":\"ListItem\",\"position\":2,\"name\":\"ARWINOX\",\"item\":\"https:\/\/www.arwinox.pl\/\"},{\"@type\":\"ListItem\",\"position\":3,\"name\":\"KONTAKT\"}]},{\"@type\":\"WebSite\",\"@id\":\"https:\/\/www.arwinox.pl\/#website\",\"url\":\"https:\/\/www.arwinox.pl\/\",\"name\":\"ARWINOX\",\"description\":\"     biuro@arwinox.pl,    tel. +48 609767607\",\"publisher\":{\"@id\":\"https:\/\/www.arwinox.pl\/#organization\"},\"potentialAction\":[{\"@type\":\"SearchAction\",\"target\":{\"@type\":\"EntryPoint\",\"urlTemplate\":\"https:\/\/www.arwinox.pl\/?s={search_term_string}\"},\"query-input\":\"required name=search_term_string\"}],\"inLanguage\":\"pl-PL\"},{\"@type\":\"Organization\",\"@id\":\"https:\/\/www.arwinox.pl\/#organization\",\"name\":\"ARWINOX\",\"url\":\"https:\/\/www.arwinox.pl\/\",\"logo\":{\"@type\":\"ImageObject\",\"inLanguage\":\"pl-PL\",\"@id\":\"https:\/\/www.arwinox.pl\/#\/schema\/logo\/image\/\",\"url\":\"https:\/\/www.arwinox.pl\/wp-content\/uploads\/2023\/01\/Logo-arwinox3.png\",\"contentUrl\":\"https:\/\/www.arwinox.pl\/wp-content\/uploads\/2023\/01\/Logo-arwinox3.png\",\"width\":6900,\"height\":1980,\"caption\":\"ARWINOX \"},\"image\":{\"@id\":\"https:\/\/www.arwinox.pl\/#\/schema\/logo\/image\/\"}}]}<\/script>\n<!-- \/ Yoast SEO plugin. -->","yoast_head_json":{"title":"KONTAKT - ARWINOX","robots":{"index":"index","follow":"follow","max-snippet":"max-snippet:-1","max-image-preview":"max-image-preview:large","max-video-preview":"max-video-preview:-1"},"canonical":"https:\/\/www.arwinox.pl\/index.php\/strona-glowna\/kontakt\/","og_locale":"pl_PL","og_type":"article","og_title":"KONTAKT - ARWINOX","og_description":"ARWINOXUL. HODOWLANA 14D33-100 TARN\u00d3Wkom. 609 767 607NIP: PL8711526686 biuro@arwinox.pl &nbsp; Zapraszamy do kontaktu Je\u015bli Pa\u0144stwo s\u0105 zainteresowani nasz\u0105 ofert\u0105, b\u0105d\u017a chcieliby\u015bcie uzyska\u0107 szczeg\u00f3\u0142owe informacje na temat oferowanych przez nas produkt\u00f3w serdecznie zapraszamy do kontaktu telefonicznego i mailowego. Jeste\u015bmy do Pa\u0144stwa dyspozycji.","og_url":"https:\/\/www.arwinox.pl\/index.php\/strona-glowna\/kontakt\/","og_site_name":"ARWINOX","article_modified_time":"2023-01-15T19:29:22+00:00","twitter_card":"summary_large_image","twitter_misc":{"Szacowany czas czytania":"1 minuta"},"schema":{"@context":"https:\/\/schema.org","@graph":[{"@type":"WebPage","@id":"https:\/\/www.arwinox.pl\/index.php\/strona-glowna\/kontakt\/","url":"https:\/\/www.arwinox.pl\/index.php\/strona-glowna\/kontakt\/","name":"KONTAKT - ARWINOX","isPartOf":{"@id":"https:\/\/www.arwinox.pl\/#website"},"datePublished":"2023-01-02T17:05:12+00:00","dateModified":"2023-01-15T19:29:22+00:00","breadcrumb":{"@id":"https:\/\/www.arwinox.pl\/index.php\/strona-glowna\/kontakt\/#breadcrumb"},"inLanguage":"pl-PL","potentialAction":[{"@type":"ReadAction","target":["https:\/\/www.arwinox.pl\/index.php\/strona-glowna\/kontakt\/"]}]},{"@type":"BreadcrumbList","@id":"https:\/\/www.arwinox.pl\/index.php\/strona-glowna\/kontakt\/#breadcrumb","itemListElement":[{"@type":"ListItem","position":1,"name":"Strona g\u0142\u00f3wna","item":"https:\/\/www.arwinox.pl\/"},{"@type":"ListItem","position":2,"name":"ARWINOX","item":"https:\/\/www.arwinox.pl\/"},{"@type":"ListItem","position":3,"name":"KONTAKT"}]},{"@type":"WebSite","@id":"https:\/\/www.arwinox.pl\/#website","url":"https:\/\/www.arwinox.pl\/","name":"ARWINOX","description":"     biuro@arwinox.pl,    tel. +48 609767607","publisher":{"@id":"https:\/\/www.arwinox.pl\/#organization"},"potentialAction":[{"@type":"SearchAction","target":{"@type":"EntryPoint","urlTemplate":"https:\/\/www.arwinox.pl\/?s={search_term_string}"},"query-input":"required name=search_term_string"}],"inLanguage":"pl-PL"},{"@type":"Organization","@id":"https:\/\/www.arwinox.pl\/#organization","name":"ARWINOX","url":"https:\/\/www.arwinox.pl\/","logo":{"@type":"ImageObject","inLanguage":"pl-PL","@id":"https:\/\/www.arwinox.pl\/#\/schema\/logo\/image\/","url":"https:\/\/www.arwinox.pl\/wp-content\/uploads\/2023\/01\/Logo-arwinox3.png","contentUrl":"https:\/\/www.arwinox.pl\/wp-content\/uploads\/2023\/01\/Logo-arwinox3.png","width":6900,"height":1980,"caption":"ARWINOX "},"image":{"@id":"https:\/\/www.arwinox.pl\/#\/schema\/logo\/image\/"}}]}},"_links":{"self":[{"href":"https:\/\/www.arwinox.pl\/index.php\/wp-json\/wp\/v2\/pages\/3"}],"collection":[{"href":"https:\/\/www.arwinox.pl\/index.php\/wp-json\/wp\/v2\/pages"}],"about":[{"href":"https:\/\/www.arwinox.pl\/index.php\/wp-json\/wp\/v2\/types\/page"}],"author":[{"embeddable":true,"href":"https:\/\/www.arwinox.pl\/index.php\/wp-json\/wp\/v2\/users\/1"}],"replies":[{"embeddable":true,"href":"https:\/\/www.arwinox.pl\/index.php\/wp-json\/wp\/v2\/comments?post=3"}],"version-history":[{"count":51,"href":"https:\/\/www.arwinox.pl\/index.php\/wp-json\/wp\/v2\/pages\/3\/revisions"}],"predecessor-version":[{"id":657,"href":"https:\/\/www.arwinox.pl\/index.php\/wp-json\/wp\/v2\/pages\/3\/revisions\/657"}],"up":[{"embeddable":true,"href":"https:\/\/www.arwinox.pl\/index.php\/wp-json\/wp\/v2\/pages\/29"}],"wp:attachment":[{"href":"https:\/\/www.arwinox.pl\/index.php\/wp-json\/wp\/v2\/media?parent=3"}],"curies":[{"name":"wp","href":"https:\/\/api.w.org\/{rel}","templated":true}]}}