{"id":452,"date":"2023-01-11T20:20:09","date_gmt":"2023-01-11T20:20:09","guid":{"rendered":"https:\/\/www.arwinox.pl\/?page_id=452"},"modified":"2023-04-19T07:22:30","modified_gmt":"2023-04-19T07:22:30","slug":"zawory-czopowe","status":"publish","type":"page","link":"https:\/\/www.arwinox.pl\/index.php\/zawory-czopowe\/","title":{"rendered":"ZAWORY CZOPOWE"},"content":{"rendered":"\t\t<div data-elementor-type=\"wp-page\" data-elementor-id=\"452\" class=\"elementor elementor-452\">\n\t\t\t\t\t\t\t\t\t<section class=\"elementor-section elementor-top-section elementor-element elementor-element-3a72c5a2 elementor-section-content-top elementor-section-stretched elementor-section-boxed elementor-section-height-default elementor-section-height-default\" data-id=\"3a72c5a2\" data-element_type=\"section\" data-settings=\"{&quot;stretch_section&quot;:&quot;section-stretched&quot;}\">\n\t\t\t\t\t\t<div class=\"elementor-container elementor-column-gap-default\">\n\t\t\t\t\t<div class=\"elementor-column elementor-col-100 elementor-top-column elementor-element elementor-element-18f8d22f\" data-id=\"18f8d22f\" data-element_type=\"column\">\n\t\t\t<div class=\"elementor-widget-wrap elementor-element-populated\">\n\t\t\t\t\t\t\t\t<div class=\"elementor-element elementor-element-2e60014 elementor-widget elementor-widget-text-editor\" data-id=\"2e60014\" data-element_type=\"widget\" data-widget_type=\"text-editor.default\">\n\t\t\t\t<div class=\"elementor-widget-container\">\n\t\t\t<style>\/*! elementor - v3.17.0 - 08-11-2023 *\/\n.elementor-widget-text-editor.elementor-drop-cap-view-stacked .elementor-drop-cap{background-color:#69727d;color:#fff}.elementor-widget-text-editor.elementor-drop-cap-view-framed .elementor-drop-cap{color:#69727d;border:3px solid;background-color:transparent}.elementor-widget-text-editor:not(.elementor-drop-cap-view-default) .elementor-drop-cap{margin-top:8px}.elementor-widget-text-editor:not(.elementor-drop-cap-view-default) .elementor-drop-cap-letter{width:1em;height:1em}.elementor-widget-text-editor .elementor-drop-cap{float:left;text-align:center;line-height:1;font-size:50px}.elementor-widget-text-editor .elementor-drop-cap-letter{display:inline-block}<\/style>\t\t\t\t<p style=\"padding-left: 440px;\"><span style=\"color: #000000;\"><strong>ZAWORY CZOPOWE<\/strong><\/span><\/p><p><span style=\"color: #000000;\">Zawory spustowe (czopowe) spr\u0119\u017cynowe to bezstopniowe precyzyjne zawory z regulacj\u0105 ci\u015bnienia otwarcia. Otwieranie i zamykanie zaworu odbywa si\u0119 dzi\u0119ki zastosowaniu niezwykle wra\u017cliwej na r\u00f3\u017cnice ci\u015bnie\u0144 spr\u0119\u017cynie. Zawory czopowe s\u0105 zaprojektowane do pracy zar\u00f3wno jako otwarte (swobodne wydmuchiwanie CO2) oraz zamkni\u0119te. Dost\u0119pne s\u0105 wersje z przy\u0142\u0105czami rurowymi. Specjalna konstrukcja zamkni\u0119ta pozwala na zbieranie nadmiaru CO2.<\/span><\/p>\t\t\t\t\t\t<\/div>\n\t\t\t\t<\/div>\n\t\t\t\t\t<\/div>\n\t\t<\/div>\n\t\t\t\t\t\t\t<\/div>\n\t\t<\/section>\n\t\t\t\t<section class=\"elementor-section elementor-top-section elementor-element elementor-element-357be031 elementor-section-stretched elementor-section-boxed elementor-section-height-default elementor-section-height-default\" data-id=\"357be031\" data-element_type=\"section\" data-settings=\"{&quot;stretch_section&quot;:&quot;section-stretched&quot;}\">\n\t\t\t\t\t\t<div class=\"elementor-container elementor-column-gap-default\">\n\t\t\t\t\t<div class=\"elementor-column elementor-col-50 elementor-top-column elementor-element elementor-element-7b55a38b\" data-id=\"7b55a38b\" data-element_type=\"column\">\n\t\t\t<div class=\"elementor-widget-wrap elementor-element-populated\">\n\t\t\t\t\t\t\t\t<div class=\"elementor-element elementor-element-38477c17 elementor-widget elementor-widget-text-editor\" data-id=\"38477c17\" data-element_type=\"widget\" data-widget_type=\"text-editor.default\">\n\t\t\t\t<div class=\"elementor-widget-container\">\n\t\t\t\t\t\t\t<p><span style=\"color: #000000;\"><strong>ZAW\u00d3R CZOPOWY DO GAZ\u00d3W<\/strong><\/span><\/p><p><span style=\"color: #000000;\">Zaw\u00f3r spustowy do medi\u00f3w gazowych zamykany spr\u0119\u017cyn\u0105 powrotn\u0105.<\/span><br \/><span style=\"color: #000000;\">Rozmiary zawor\u00f3w: DN 25 \u2013 DN 65<\/span><br \/><span style=\"color: #000000;\">Ci\u015bnienie robocze: 0,2 bar \u2013 3,2 bar<\/span><br \/><span style=\"color: #000000;\">Materia\u0142 wykonania: 1.4304 \u2013 AISI 304L<\/span><br \/><span style=\"color: #000000;\">Przy\u0142\u0105cz: K\/M (sto\u017cek\/nakr\u0119tka),<\/span><br \/><span style=\"color: #000000;\">Uszczelnienie: EPDM<\/span><\/p>\t\t\t\t\t\t<\/div>\n\t\t\t\t<\/div>\n\t\t\t\t\t<\/div>\n\t\t<\/div>\n\t\t\t\t<div class=\"elementor-column elementor-col-50 elementor-top-column elementor-element elementor-element-67f76889\" data-id=\"67f76889\" data-element_type=\"column\">\n\t\t\t<div class=\"elementor-widget-wrap elementor-element-populated\">\n\t\t\t\t\t\t\t\t<div class=\"elementor-element elementor-element-39c88fa9 elementor-widget elementor-widget-image\" data-id=\"39c88fa9\" data-element_type=\"widget\" data-widget_type=\"image.default\">\n\t\t\t\t<div class=\"elementor-widget-container\">\n\t\t\t<style>\/*! elementor - v3.17.0 - 08-11-2023 *\/\n.elementor-widget-image{text-align:center}.elementor-widget-image a{display:inline-block}.elementor-widget-image a img[src$=\".svg\"]{width:48px}.elementor-widget-image img{vertical-align:middle;display:inline-block}<\/style>\t\t\t\t\t\t\t\t\t\t\t\t<img loading=\"lazy\" decoding=\"async\" width=\"227\" height=\"470\" src=\"https:\/\/www.arwinox.pl\/wp-content\/uploads\/2023\/01\/Spundventil.png\" class=\"attachment-large size-large wp-image-455\" alt=\"\" srcset=\"https:\/\/www.arwinox.pl\/wp-content\/uploads\/2023\/01\/Spundventil.png 227w, https:\/\/www.arwinox.pl\/wp-content\/uploads\/2023\/01\/Spundventil-145x300.png 145w\" sizes=\"(max-width: 227px) 100vw, 227px\" \/>\t\t\t\t\t\t\t\t\t\t\t\t\t\t\t<\/div>\n\t\t\t\t<\/div>\n\t\t\t\t<div class=\"elementor-element elementor-element-4c4bfd9b elementor-widget elementor-widget-image\" data-id=\"4c4bfd9b\" data-element_type=\"widget\" data-widget_type=\"image.default\">\n\t\t\t\t<div class=\"elementor-widget-container\">\n\t\t\t\t\t\t\t\t\t\t\t\t<figure class=\"wp-caption\">\n\t\t\t\t\t\t\t\t\t\t<img loading=\"lazy\" decoding=\"async\" width=\"150\" height=\"150\" src=\"https:\/\/www.arwinox.pl\/wp-content\/uploads\/2023\/01\/fot_1-1-150x150.png\" class=\"attachment-thumbnail size-thumbnail wp-image-456\" alt=\"\" \/>\t\t\t\t\t\t\t\t\t\t\t<figcaption class=\"widget-image-caption wp-caption-text\">ZAWORY SPUSTOWE DO GAZ\u00d3W GUTHA<\/figcaption>\n\t\t\t\t\t\t\t\t\t\t<\/figure>\n\t\t\t\t\t\t\t\t\t<\/div>\n\t\t\t\t<\/div>\n\t\t\t\t\t<\/div>\n\t\t<\/div>\n\t\t\t\t\t\t\t<\/div>\n\t\t<\/section>\n\t\t\t\t<section class=\"elementor-section elementor-top-section elementor-element elementor-element-7eb09416 elementor-section-stretched elementor-section-boxed elementor-section-height-default elementor-section-height-default\" data-id=\"7eb09416\" data-element_type=\"section\" data-settings=\"{&quot;stretch_section&quot;:&quot;section-stretched&quot;}\">\n\t\t\t\t\t\t<div class=\"elementor-container elementor-column-gap-default\">\n\t\t\t\t\t<div class=\"elementor-column elementor-col-33 elementor-top-column elementor-element elementor-element-7c93e082\" data-id=\"7c93e082\" data-element_type=\"column\">\n\t\t\t<div class=\"elementor-widget-wrap elementor-element-populated\">\n\t\t\t\t\t\t\t\t<div class=\"elementor-element elementor-element-3530c20c elementor-widget elementor-widget-text-editor\" data-id=\"3530c20c\" data-element_type=\"widget\" data-widget_type=\"text-editor.default\">\n\t\t\t\t<div class=\"elementor-widget-container\">\n\t\t\t\t\t\t\t<p><strong>ZAW\u00d3R CZOPOWY<\/strong><\/p><p>Zaw\u00f3r spustowy do medi\u00f3w gazowych zamykany spr\u0119\u017cyn\u0105 powrotn\u0105.<br \/>Skalowany korpus zaworu, r\u0119czna regulacja, r\u0119czne otwarcie zaworu.<br \/>Rozmiary zawor\u00f3w: DN 15 \u2013 DN 40<br \/>Ci\u015bnienie robocze: 0,2 bar \u2013 4,0 bar<br \/>Materia\u0142 wykonania: 1.4304 \u2013 AISI 304L<br \/>Przy\u0142\u0105cz: K\/M \u2013 G wg DIN 11851 (sto\u017cek\/nakr\u0119tka \u2013 gwint),<br \/>Uszczelnienie: EPDM<\/p>\t\t\t\t\t\t<\/div>\n\t\t\t\t<\/div>\n\t\t\t\t\t<\/div>\n\t\t<\/div>\n\t\t\t\t<div class=\"elementor-column elementor-col-33 elementor-top-column elementor-element elementor-element-44816ba8\" data-id=\"44816ba8\" data-element_type=\"column\">\n\t\t\t<div class=\"elementor-widget-wrap elementor-element-populated\">\n\t\t\t\t\t\t\t\t<div class=\"elementor-element elementor-element-67ed70af elementor-widget elementor-widget-image\" data-id=\"67ed70af\" data-element_type=\"widget\" data-widget_type=\"image.default\">\n\t\t\t\t<div class=\"elementor-widget-container\">\n\t\t\t\t\t\t\t\t\t\t\t\t<figure class=\"wp-caption\">\n\t\t\t\t\t\t\t\t\t\t<img loading=\"lazy\" decoding=\"async\" width=\"132\" height=\"272\" src=\"https:\/\/www.arwinox.pl\/wp-content\/uploads\/2023\/01\/zaw.-bezp.-gaz.png\" class=\"attachment-large size-large wp-image-286\" alt=\"\" \/>\t\t\t\t\t\t\t\t\t\t\t<figcaption class=\"widget-image-caption wp-caption-text\">ZAW\u00d3R CZOPOWY HANDTMANN<\/figcaption>\n\t\t\t\t\t\t\t\t\t\t<\/figure>\n\t\t\t\t\t\t\t\t\t<\/div>\n\t\t\t\t<\/div>\n\t\t\t\t\t<\/div>\n\t\t<\/div>\n\t\t\t\t<div class=\"elementor-column elementor-col-33 elementor-top-column elementor-element elementor-element-123ae50d\" data-id=\"123ae50d\" data-element_type=\"column\">\n\t\t\t<div class=\"elementor-widget-wrap elementor-element-populated\">\n\t\t\t\t\t\t\t\t<div class=\"elementor-element elementor-element-5caeba05 elementor-widget elementor-widget-image\" data-id=\"5caeba05\" data-element_type=\"widget\" data-widget_type=\"image.default\">\n\t\t\t\t<div class=\"elementor-widget-container\">\n\t\t\t\t\t\t\t\t\t\t\t\t<figure class=\"wp-caption\">\n\t\t\t\t\t\t\t\t\t\t<img loading=\"lazy\" decoding=\"async\" width=\"169\" height=\"405\" src=\"https:\/\/www.arwinox.pl\/wp-content\/uploads\/2023\/01\/spund_1.png\" class=\"attachment-large size-large wp-image-458\" alt=\"\" srcset=\"https:\/\/www.arwinox.pl\/wp-content\/uploads\/2023\/01\/spund_1.png 169w, https:\/\/www.arwinox.pl\/wp-content\/uploads\/2023\/01\/spund_1-125x300.png 125w\" sizes=\"(max-width: 169px) 100vw, 169px\" \/>\t\t\t\t\t\t\t\t\t\t\t<figcaption class=\"widget-image-caption wp-caption-text\">ZAW\u00d3R CZOPOWY KIESELANN<\/figcaption>\n\t\t\t\t\t\t\t\t\t\t<\/figure>\n\t\t\t\t\t\t\t\t\t<\/div>\n\t\t\t\t<\/div>\n\t\t\t\t\t<\/div>\n\t\t<\/div>\n\t\t\t\t\t\t\t<\/div>\n\t\t<\/section>\n\t\t\t\t<section class=\"elementor-section elementor-top-section elementor-element elementor-element-850dad7 elementor-section-height-min-height elementor-section-stretched elementor-section-boxed elementor-section-height-default elementor-section-items-middle\" data-id=\"850dad7\" data-element_type=\"section\" data-settings=\"{&quot;stretch_section&quot;:&quot;section-stretched&quot;}\">\n\t\t\t\t\t\t<div class=\"elementor-container elementor-column-gap-default\">\n\t\t\t\t\t<div class=\"elementor-column elementor-col-100 elementor-top-column elementor-element elementor-element-f6cfc10\" data-id=\"f6cfc10\" data-element_type=\"column\">\n\t\t\t<div class=\"elementor-widget-wrap elementor-element-populated\">\n\t\t\t\t\t\t\t\t<div class=\"elementor-element elementor-element-653f6c0 elementor-widget elementor-widget-text-editor\" data-id=\"653f6c0\" data-element_type=\"widget\" data-widget_type=\"text-editor.default\">\n\t\t\t\t<div class=\"elementor-widget-container\">\n\t\t\t\t\t\t\t<p style=\"padding-left: 240px;\"><strong><span style=\"color: #000000;\">PRZYK\u0141ADOWE ZASTOWOWANIE ZAWOR\u00d3W CZOPOWYCH W INSTALACJI<\/span><\/strong><\/p><p>\u00a0<\/p>\t\t\t\t\t\t<\/div>\n\t\t\t\t<\/div>\n\t\t\t\t\t<\/div>\n\t\t<\/div>\n\t\t\t\t\t\t\t<\/div>\n\t\t<\/section>\n\t\t\t\t<section class=\"elementor-section elementor-top-section elementor-element elementor-element-2753ccab elementor-section-stretched elementor-section-boxed elementor-section-height-default elementor-section-height-default\" data-id=\"2753ccab\" data-element_type=\"section\" data-settings=\"{&quot;stretch_section&quot;:&quot;section-stretched&quot;}\">\n\t\t\t\t\t\t<div class=\"elementor-container elementor-column-gap-default\">\n\t\t\t\t\t<div class=\"elementor-column elementor-col-33 elementor-top-column elementor-element elementor-element-cda8091\" data-id=\"cda8091\" data-element_type=\"column\">\n\t\t\t<div class=\"elementor-widget-wrap elementor-element-populated\">\n\t\t\t\t\t\t\t\t<div class=\"elementor-element elementor-element-bb60f95 elementor-widget elementor-widget-image\" data-id=\"bb60f95\" data-element_type=\"widget\" data-widget_type=\"image.default\">\n\t\t\t\t<div class=\"elementor-widget-container\">\n\t\t\t\t\t\t\t\t\t\t\t\t<figure class=\"wp-caption\">\n\t\t\t\t\t\t\t\t\t\t<img loading=\"lazy\" decoding=\"async\" width=\"212\" height=\"272\" src=\"https:\/\/www.arwinox.pl\/wp-content\/uploads\/2023\/01\/KZE_GUTH-got.png\" class=\"attachment-large size-large wp-image-461\" alt=\"\" \/>\t\t\t\t\t\t\t\t\t\t\t<figcaption class=\"widget-image-caption wp-caption-text\">Z\u0141\u0104CZE DO PASTERYZATORA KZE GUTH Z ZAWOREM BEZPIECZE\u0143STWA I SZYBKIM SPUSTEM<\/figcaption>\n\t\t\t\t\t\t\t\t\t\t<\/figure>\n\t\t\t\t\t\t\t\t\t<\/div>\n\t\t\t\t<\/div>\n\t\t\t\t\t<\/div>\n\t\t<\/div>\n\t\t\t\t<div class=\"elementor-column elementor-col-33 elementor-top-column elementor-element elementor-element-2b6534a8\" data-id=\"2b6534a8\" data-element_type=\"column\">\n\t\t\t<div class=\"elementor-widget-wrap elementor-element-populated\">\n\t\t\t\t\t\t\t\t<div class=\"elementor-element elementor-element-4c7e4300 elementor-widget elementor-widget-text-editor\" data-id=\"4c7e4300\" data-element_type=\"widget\" data-widget_type=\"text-editor.default\">\n\t\t\t\t<div class=\"elementor-widget-container\">\n\t\t\t\t\t\t\t\t\t\t\t\t\t<\/div>\n\t\t\t\t<\/div>\n\t\t\t\t<div class=\"elementor-element elementor-element-59a096eb elementor-widget elementor-widget-image\" data-id=\"59a096eb\" data-element_type=\"widget\" data-widget_type=\"image.default\">\n\t\t\t\t<div class=\"elementor-widget-container\">\n\t\t\t\t\t\t\t\t\t\t\t\t\t\t\t<img loading=\"lazy\" decoding=\"async\" width=\"423\" height=\"500\" src=\"https:\/\/www.arwinox.pl\/wp-content\/uploads\/2023\/01\/KZE_3.png\" class=\"attachment-large size-large wp-image-459\" alt=\"\" srcset=\"https:\/\/www.arwinox.pl\/wp-content\/uploads\/2023\/01\/KZE_3.png 423w, https:\/\/www.arwinox.pl\/wp-content\/uploads\/2023\/01\/KZE_3-254x300.png 254w\" sizes=\"(max-width: 423px) 100vw, 423px\" \/>\t\t\t\t\t\t\t\t\t\t\t\t\t\t\t<\/div>\n\t\t\t\t<\/div>\n\t\t\t\t\t<\/div>\n\t\t<\/div>\n\t\t\t\t<div class=\"elementor-column elementor-col-33 elementor-top-column elementor-element elementor-element-65edc868\" data-id=\"65edc868\" data-element_type=\"column\">\n\t\t\t<div class=\"elementor-widget-wrap elementor-element-populated\">\n\t\t\t\t\t\t\t\t<div class=\"elementor-element elementor-element-3664e12a elementor-widget elementor-widget-image\" data-id=\"3664e12a\" data-element_type=\"widget\" data-widget_type=\"image.default\">\n\t\t\t\t<div class=\"elementor-widget-container\">\n\t\t\t\t\t\t\t\t\t\t\t\t\t\t\t<img loading=\"lazy\" decoding=\"async\" width=\"580\" height=\"435\" src=\"https:\/\/www.arwinox.pl\/wp-content\/uploads\/2023\/01\/KZE_2-1024x768.png\" class=\"attachment-large size-large wp-image-460\" alt=\"\" srcset=\"https:\/\/www.arwinox.pl\/wp-content\/uploads\/2023\/01\/KZE_2-1024x768.png 1024w, https:\/\/www.arwinox.pl\/wp-content\/uploads\/2023\/01\/KZE_2-300x225.png 300w, https:\/\/www.arwinox.pl\/wp-content\/uploads\/2023\/01\/KZE_2-768x576.png 768w, https:\/\/www.arwinox.pl\/wp-content\/uploads\/2023\/01\/KZE_2-1536x1152.png 1536w, https:\/\/www.arwinox.pl\/wp-content\/uploads\/2023\/01\/KZE_2-1200x900.png 1200w, https:\/\/www.arwinox.pl\/wp-content\/uploads\/2023\/01\/KZE_2-1980x1485.png 1980w, https:\/\/www.arwinox.pl\/wp-content\/uploads\/2023\/01\/KZE_2.png 2048w\" sizes=\"(max-width: 580px) 100vw, 580px\" \/>\t\t\t\t\t\t\t\t\t\t\t\t\t\t\t<\/div>\n\t\t\t\t<\/div>\n\t\t\t\t\t<\/div>\n\t\t<\/div>\n\t\t\t\t\t\t\t<\/div>\n\t\t<\/section>\n\t\t\t\t\t\t\t<\/div>\n\t\t","protected":false},"excerpt":{"rendered":"<p>ZAWORY CZOPOWE Zawory spustowe (czopowe) spr\u0119\u017cynowe to bezstopniowe precyzyjne zawory z regulacj\u0105 ci\u015bnienia otwarcia. Otwieranie i zamykanie zaworu odbywa si\u0119 dzi\u0119ki zastosowaniu niezwykle wra\u017cliwej na r\u00f3\u017cnice ci\u015bnie\u0144 spr\u0119\u017cynie. Zawory czopowe s\u0105 zaprojektowane do pracy zar\u00f3wno jako otwarte (swobodne wydmuchiwanie CO2) oraz zamkni\u0119te. Dost\u0119pne s\u0105 wersje z przy\u0142\u0105czami rurowymi. Specjalna konstrukcja zamkni\u0119ta pozwala na zbieranie nadmiaru [&hellip;]<\/p>\n","protected":false},"author":1,"featured_media":0,"parent":0,"menu_order":0,"comment_status":"closed","ping_status":"closed","template":"","meta":{"footnotes":""},"yoast_head":"<!-- This site is optimized with the Yoast SEO plugin v21.5 - https:\/\/yoast.com\/wordpress\/plugins\/seo\/ -->\n<title>ZAWORY CZOPOWE - ARWINOX<\/title>\n<meta name=\"robots\" content=\"index, follow, max-snippet:-1, max-image-preview:large, max-video-preview:-1\" \/>\n<link rel=\"canonical\" href=\"https:\/\/www.arwinox.pl\/index.php\/zawory-czopowe\/\" \/>\n<meta property=\"og:locale\" content=\"pl_PL\" \/>\n<meta property=\"og:type\" content=\"article\" \/>\n<meta property=\"og:title\" content=\"ZAWORY CZOPOWE - ARWINOX\" \/>\n<meta property=\"og:description\" content=\"ZAWORY CZOPOWE Zawory spustowe (czopowe) spr\u0119\u017cynowe to bezstopniowe precyzyjne zawory z regulacj\u0105 ci\u015bnienia otwarcia. Otwieranie i zamykanie zaworu odbywa si\u0119 dzi\u0119ki zastosowaniu niezwykle wra\u017cliwej na r\u00f3\u017cnice ci\u015bnie\u0144 spr\u0119\u017cynie. Zawory czopowe s\u0105 zaprojektowane do pracy zar\u00f3wno jako otwarte (swobodne wydmuchiwanie CO2) oraz zamkni\u0119te. Dost\u0119pne s\u0105 wersje z przy\u0142\u0105czami rurowymi. Specjalna konstrukcja zamkni\u0119ta pozwala na zbieranie nadmiaru [&hellip;]\" \/>\n<meta property=\"og:url\" content=\"https:\/\/www.arwinox.pl\/index.php\/zawory-czopowe\/\" \/>\n<meta property=\"og:site_name\" content=\"ARWINOX\" \/>\n<meta property=\"article:modified_time\" content=\"2023-04-19T07:22:30+00:00\" \/>\n<meta property=\"og:image\" content=\"https:\/\/www.arwinox.pl\/wp-content\/uploads\/2023\/01\/Spundventil.png\" \/>\n<meta name=\"twitter:card\" content=\"summary_large_image\" \/>\n<meta name=\"twitter:label1\" content=\"Szacowany czas czytania\" \/>\n\t<meta name=\"twitter:data1\" content=\"3 minuty\" \/>\n<script type=\"application\/ld+json\" class=\"yoast-schema-graph\">{\"@context\":\"https:\/\/schema.org\",\"@graph\":[{\"@type\":\"WebPage\",\"@id\":\"https:\/\/www.arwinox.pl\/index.php\/zawory-czopowe\/\",\"url\":\"https:\/\/www.arwinox.pl\/index.php\/zawory-czopowe\/\",\"name\":\"ZAWORY CZOPOWE - ARWINOX\",\"isPartOf\":{\"@id\":\"https:\/\/www.arwinox.pl\/#website\"},\"datePublished\":\"2023-01-11T20:20:09+00:00\",\"dateModified\":\"2023-04-19T07:22:30+00:00\",\"breadcrumb\":{\"@id\":\"https:\/\/www.arwinox.pl\/index.php\/zawory-czopowe\/#breadcrumb\"},\"inLanguage\":\"pl-PL\",\"potentialAction\":[{\"@type\":\"ReadAction\",\"target\":[\"https:\/\/www.arwinox.pl\/index.php\/zawory-czopowe\/\"]}]},{\"@type\":\"BreadcrumbList\",\"@id\":\"https:\/\/www.arwinox.pl\/index.php\/zawory-czopowe\/#breadcrumb\",\"itemListElement\":[{\"@type\":\"ListItem\",\"position\":1,\"name\":\"Strona g\u0142\u00f3wna\",\"item\":\"https:\/\/www.arwinox.pl\/\"},{\"@type\":\"ListItem\",\"position\":2,\"name\":\"ZAWORY CZOPOWE\"}]},{\"@type\":\"WebSite\",\"@id\":\"https:\/\/www.arwinox.pl\/#website\",\"url\":\"https:\/\/www.arwinox.pl\/\",\"name\":\"ARWINOX\",\"description\":\"     biuro@arwinox.pl,    tel. +48 609767607\",\"publisher\":{\"@id\":\"https:\/\/www.arwinox.pl\/#organization\"},\"potentialAction\":[{\"@type\":\"SearchAction\",\"target\":{\"@type\":\"EntryPoint\",\"urlTemplate\":\"https:\/\/www.arwinox.pl\/?s={search_term_string}\"},\"query-input\":\"required name=search_term_string\"}],\"inLanguage\":\"pl-PL\"},{\"@type\":\"Organization\",\"@id\":\"https:\/\/www.arwinox.pl\/#organization\",\"name\":\"ARWINOX\",\"url\":\"https:\/\/www.arwinox.pl\/\",\"logo\":{\"@type\":\"ImageObject\",\"inLanguage\":\"pl-PL\",\"@id\":\"https:\/\/www.arwinox.pl\/#\/schema\/logo\/image\/\",\"url\":\"https:\/\/www.arwinox.pl\/wp-content\/uploads\/2023\/01\/Logo-arwinox3.png\",\"contentUrl\":\"https:\/\/www.arwinox.pl\/wp-content\/uploads\/2023\/01\/Logo-arwinox3.png\",\"width\":6900,\"height\":1980,\"caption\":\"ARWINOX \"},\"image\":{\"@id\":\"https:\/\/www.arwinox.pl\/#\/schema\/logo\/image\/\"}}]}<\/script>\n<!-- \/ Yoast SEO plugin. -->","yoast_head_json":{"title":"ZAWORY CZOPOWE - ARWINOX","robots":{"index":"index","follow":"follow","max-snippet":"max-snippet:-1","max-image-preview":"max-image-preview:large","max-video-preview":"max-video-preview:-1"},"canonical":"https:\/\/www.arwinox.pl\/index.php\/zawory-czopowe\/","og_locale":"pl_PL","og_type":"article","og_title":"ZAWORY CZOPOWE - ARWINOX","og_description":"ZAWORY CZOPOWE Zawory spustowe (czopowe) spr\u0119\u017cynowe to bezstopniowe precyzyjne zawory z regulacj\u0105 ci\u015bnienia otwarcia. Otwieranie i zamykanie zaworu odbywa si\u0119 dzi\u0119ki zastosowaniu niezwykle wra\u017cliwej na r\u00f3\u017cnice ci\u015bnie\u0144 spr\u0119\u017cynie. Zawory czopowe s\u0105 zaprojektowane do pracy zar\u00f3wno jako otwarte (swobodne wydmuchiwanie CO2) oraz zamkni\u0119te. Dost\u0119pne s\u0105 wersje z przy\u0142\u0105czami rurowymi. Specjalna konstrukcja zamkni\u0119ta pozwala na zbieranie nadmiaru [&hellip;]","og_url":"https:\/\/www.arwinox.pl\/index.php\/zawory-czopowe\/","og_site_name":"ARWINOX","article_modified_time":"2023-04-19T07:22:30+00:00","og_image":[{"url":"https:\/\/www.arwinox.pl\/wp-content\/uploads\/2023\/01\/Spundventil.png"}],"twitter_card":"summary_large_image","twitter_misc":{"Szacowany czas czytania":"3 minuty"},"schema":{"@context":"https:\/\/schema.org","@graph":[{"@type":"WebPage","@id":"https:\/\/www.arwinox.pl\/index.php\/zawory-czopowe\/","url":"https:\/\/www.arwinox.pl\/index.php\/zawory-czopowe\/","name":"ZAWORY CZOPOWE - ARWINOX","isPartOf":{"@id":"https:\/\/www.arwinox.pl\/#website"},"datePublished":"2023-01-11T20:20:09+00:00","dateModified":"2023-04-19T07:22:30+00:00","breadcrumb":{"@id":"https:\/\/www.arwinox.pl\/index.php\/zawory-czopowe\/#breadcrumb"},"inLanguage":"pl-PL","potentialAction":[{"@type":"ReadAction","target":["https:\/\/www.arwinox.pl\/index.php\/zawory-czopowe\/"]}]},{"@type":"BreadcrumbList","@id":"https:\/\/www.arwinox.pl\/index.php\/zawory-czopowe\/#breadcrumb","itemListElement":[{"@type":"ListItem","position":1,"name":"Strona g\u0142\u00f3wna","item":"https:\/\/www.arwinox.pl\/"},{"@type":"ListItem","position":2,"name":"ZAWORY CZOPOWE"}]},{"@type":"WebSite","@id":"https:\/\/www.arwinox.pl\/#website","url":"https:\/\/www.arwinox.pl\/","name":"ARWINOX","description":"     biuro@arwinox.pl,    tel. +48 609767607","publisher":{"@id":"https:\/\/www.arwinox.pl\/#organization"},"potentialAction":[{"@type":"SearchAction","target":{"@type":"EntryPoint","urlTemplate":"https:\/\/www.arwinox.pl\/?s={search_term_string}"},"query-input":"required name=search_term_string"}],"inLanguage":"pl-PL"},{"@type":"Organization","@id":"https:\/\/www.arwinox.pl\/#organization","name":"ARWINOX","url":"https:\/\/www.arwinox.pl\/","logo":{"@type":"ImageObject","inLanguage":"pl-PL","@id":"https:\/\/www.arwinox.pl\/#\/schema\/logo\/image\/","url":"https:\/\/www.arwinox.pl\/wp-content\/uploads\/2023\/01\/Logo-arwinox3.png","contentUrl":"https:\/\/www.arwinox.pl\/wp-content\/uploads\/2023\/01\/Logo-arwinox3.png","width":6900,"height":1980,"caption":"ARWINOX "},"image":{"@id":"https:\/\/www.arwinox.pl\/#\/schema\/logo\/image\/"}}]}},"_links":{"self":[{"href":"https:\/\/www.arwinox.pl\/index.php\/wp-json\/wp\/v2\/pages\/452"}],"collection":[{"href":"https:\/\/www.arwinox.pl\/index.php\/wp-json\/wp\/v2\/pages"}],"about":[{"href":"https:\/\/www.arwinox.pl\/index.php\/wp-json\/wp\/v2\/types\/page"}],"author":[{"embeddable":true,"href":"https:\/\/www.arwinox.pl\/index.php\/wp-json\/wp\/v2\/users\/1"}],"replies":[{"embeddable":true,"href":"https:\/\/www.arwinox.pl\/index.php\/wp-json\/wp\/v2\/comments?post=452"}],"version-history":[{"count":7,"href":"https:\/\/www.arwinox.pl\/index.php\/wp-json\/wp\/v2\/pages\/452\/revisions"}],"predecessor-version":[{"id":1247,"href":"https:\/\/www.arwinox.pl\/index.php\/wp-json\/wp\/v2\/pages\/452\/revisions\/1247"}],"wp:attachment":[{"href":"https:\/\/www.arwinox.pl\/index.php\/wp-json\/wp\/v2\/media?parent=452"}],"curies":[{"name":"wp","href":"https:\/\/api.w.org\/{rel}","templated":true}]}}