{"id":480,"date":"2023-01-12T10:15:06","date_gmt":"2023-01-12T10:15:06","guid":{"rendered":"https:\/\/www.arwinox.pl\/?page_id=480"},"modified":"2024-10-01T08:55:12","modified_gmt":"2024-10-01T08:55:12","slug":"zawory-podcisnieniowe","status":"publish","type":"page","link":"https:\/\/www.arwinox.pl\/index.php\/zawory-podcisnieniowe\/","title":{"rendered":"ZAWORY PODCI\u015aNIENIOWE"},"content":{"rendered":"\t\t<div data-elementor-type=\"wp-page\" data-elementor-id=\"480\" class=\"elementor elementor-480\">\n\t\t\t\t\t\t\t\t\t<section class=\"elementor-section elementor-top-section elementor-element elementor-element-3fb1a93 elementor-section-stretched elementor-section-boxed elementor-section-height-default elementor-section-height-default\" data-id=\"3fb1a93\" data-element_type=\"section\" data-settings=\"{&quot;stretch_section&quot;:&quot;section-stretched&quot;}\">\n\t\t\t\t\t\t<div class=\"elementor-container elementor-column-gap-default\">\n\t\t\t\t\t<div class=\"elementor-column elementor-col-100 elementor-top-column elementor-element elementor-element-8004033\" data-id=\"8004033\" data-element_type=\"column\">\n\t\t\t<div class=\"elementor-widget-wrap elementor-element-populated\">\n\t\t\t\t\t\t\t\t<div class=\"elementor-element elementor-element-61d321a elementor-widget elementor-widget-text-editor\" data-id=\"61d321a\" data-element_type=\"widget\" data-widget_type=\"text-editor.default\">\n\t\t\t\t<div class=\"elementor-widget-container\">\n\t\t\t<style>\/*! elementor - v3.17.0 - 08-11-2023 *\/\n.elementor-widget-text-editor.elementor-drop-cap-view-stacked .elementor-drop-cap{background-color:#69727d;color:#fff}.elementor-widget-text-editor.elementor-drop-cap-view-framed .elementor-drop-cap{color:#69727d;border:3px solid;background-color:transparent}.elementor-widget-text-editor:not(.elementor-drop-cap-view-default) .elementor-drop-cap{margin-top:8px}.elementor-widget-text-editor:not(.elementor-drop-cap-view-default) .elementor-drop-cap-letter{width:1em;height:1em}.elementor-widget-text-editor .elementor-drop-cap{float:left;text-align:center;line-height:1;font-size:50px}.elementor-widget-text-editor .elementor-drop-cap-letter{display:inline-block}<\/style>\t\t\t\t<p><strong><span style=\"color: #000000;\">ZAWORY PODCI\u015aNIENIOWE &#8211; VAKUUM<\/span><\/strong><\/p><p>Zawory pr\u00f3\u017cniowe stosowane s\u0105 w przemy\u015ble spo\u017cywczym, farmaceutycznym i chemicznym. S\u0142u\u017c\u0105 do ochrony przeciw powstaj\u0105cemu podci\u015bnieniu w zbiornikach i innych zamkni\u0119tych systemach.<br \/><br \/><\/p>\t\t\t\t\t\t<\/div>\n\t\t\t\t<\/div>\n\t\t\t\t\t<\/div>\n\t\t<\/div>\n\t\t\t\t\t\t\t<\/div>\n\t\t<\/section>\n\t\t\t\t<section class=\"elementor-section elementor-top-section elementor-element elementor-element-1f746bae elementor-section-stretched elementor-section-boxed elementor-section-height-default elementor-section-height-default\" data-id=\"1f746bae\" data-element_type=\"section\" data-settings=\"{&quot;stretch_section&quot;:&quot;section-stretched&quot;}\">\n\t\t\t\t\t\t<div class=\"elementor-container elementor-column-gap-default\">\n\t\t\t\t\t<div class=\"elementor-column elementor-col-50 elementor-top-column elementor-element elementor-element-5bb47862\" data-id=\"5bb47862\" data-element_type=\"column\">\n\t\t\t<div class=\"elementor-widget-wrap elementor-element-populated\">\n\t\t\t\t\t\t\t\t<div class=\"elementor-element elementor-element-3ab95b98 elementor-widget elementor-widget-text-editor\" data-id=\"3ab95b98\" data-element_type=\"widget\" data-widget_type=\"text-editor.default\">\n\t\t\t\t<div class=\"elementor-widget-container\">\n\t\t\t\t\t\t\t<p><strong><span style=\"color: #000000;\">DANE TECHNICZNE<\/span><\/strong><\/p><p><span style=\"color: #000000;\">Wymiary zawor\u00f3w:<\/span><br \/><span style=\"color: #000000;\">&#8211; spr\u0119\u017cynowe DN25 &#8211; DN100<\/span><br \/><span style=\"color: #000000;\">&#8211; ci\u0119\u017carkowe DN50 &#8211; DN250<\/span><\/p><p><span style=\"color: #000000;\">Materia\u0142 AISI 304L<\/span><br \/><span style=\"color: #000000;\">Uszczelnieni EPDM<\/span><br \/><span style=\"color: #000000;\">Zakres ci\u015bnie\u0144 1mbar, 3mbar.<\/span><br \/><span style=\"color: #000000;\">Przy\u0142\u0105cz sto\u017cek\/nakr\u0119tka DIN 11851, ko\u0142nierz, ko\u0144c\u00f3wka spawana<\/span><\/p>\t\t\t\t\t\t<\/div>\n\t\t\t\t<\/div>\n\t\t\t\t\t<\/div>\n\t\t<\/div>\n\t\t\t\t<div class=\"elementor-column elementor-col-50 elementor-top-column elementor-element elementor-element-7849e698\" data-id=\"7849e698\" data-element_type=\"column\">\n\t\t\t<div class=\"elementor-widget-wrap elementor-element-populated\">\n\t\t\t\t\t\t\t\t<div class=\"elementor-element elementor-element-23b14343 elementor-widget elementor-widget-image\" data-id=\"23b14343\" data-element_type=\"widget\" data-widget_type=\"image.default\">\n\t\t\t\t<div class=\"elementor-widget-container\">\n\t\t\t<style>\/*! elementor - v3.17.0 - 08-11-2023 *\/\n.elementor-widget-image{text-align:center}.elementor-widget-image a{display:inline-block}.elementor-widget-image a img[src$=\".svg\"]{width:48px}.elementor-widget-image img{vertical-align:middle;display:inline-block}<\/style>\t\t\t\t\t\t\t\t\t<figure class=\"wp-caption\">\n\t\t\t\t\t\t\t\t\t\t<img loading=\"lazy\" decoding=\"async\" width=\"237\" height=\"249\" src=\"https:\/\/www.arwinox.pl\/wp-content\/uploads\/2023\/01\/zaw.-vakuum_3.png\" class=\"attachment-large size-large wp-image-288\" alt=\"\" \/>\t\t\t\t\t\t\t\t\t\t\t<figcaption class=\"widget-image-caption wp-caption-text\">ZAW\u00d3R PODCI\u015aNIENIOWY SPR\u0118\u017bYNOWY<\/figcaption>\n\t\t\t\t\t\t\t\t\t\t<\/figure>\n\t\t\t\t\t\t\t\t\t<\/div>\n\t\t\t\t<\/div>\n\t\t\t\t<div class=\"elementor-element elementor-element-899d0e0 elementor-widget elementor-widget-image\" data-id=\"899d0e0\" data-element_type=\"widget\" data-widget_type=\"image.default\">\n\t\t\t\t<div class=\"elementor-widget-container\">\n\t\t\t\t\t\t\t\t\t\t\t\t<figure class=\"wp-caption\">\n\t\t\t\t\t\t\t\t\t\t<img loading=\"lazy\" decoding=\"async\" width=\"265\" height=\"332\" src=\"https:\/\/www.arwinox.pl\/wp-content\/uploads\/2023\/01\/zaw.-vakuum.png\" class=\"attachment-large size-large wp-image-483\" alt=\"\" srcset=\"https:\/\/www.arwinox.pl\/wp-content\/uploads\/2023\/01\/zaw.-vakuum.png 265w, https:\/\/www.arwinox.pl\/wp-content\/uploads\/2023\/01\/zaw.-vakuum-239x300.png 239w\" sizes=\"(max-width: 265px) 100vw, 265px\" \/>\t\t\t\t\t\t\t\t\t\t\t<figcaption class=\"widget-image-caption wp-caption-text\">ZAW\u00d3R PODCI\u015aNIENIOWY CI\u0118\u017bARKOWY<\/figcaption>\n\t\t\t\t\t\t\t\t\t\t<\/figure>\n\t\t\t\t\t\t\t\t\t<\/div>\n\t\t\t\t<\/div>\n\t\t\t\t\t<\/div>\n\t\t<\/div>\n\t\t\t\t\t\t\t<\/div>\n\t\t<\/section>\n\t\t\t\t<section class=\"elementor-section elementor-top-section elementor-element elementor-element-71e05fdb elementor-section-stretched elementor-section-boxed elementor-section-height-default elementor-section-height-default\" data-id=\"71e05fdb\" data-element_type=\"section\" data-settings=\"{&quot;stretch_section&quot;:&quot;section-stretched&quot;}\">\n\t\t\t\t\t\t<div class=\"elementor-container elementor-column-gap-default\">\n\t\t\t\t\t<div class=\"elementor-column elementor-col-50 elementor-top-column elementor-element elementor-element-77df7b5c\" data-id=\"77df7b5c\" data-element_type=\"column\">\n\t\t\t<div class=\"elementor-widget-wrap elementor-element-populated\">\n\t\t\t\t\t\t\t\t<div class=\"elementor-element elementor-element-7e43d745 elementor-widget elementor-widget-text-editor\" data-id=\"7e43d745\" data-element_type=\"widget\" data-widget_type=\"text-editor.default\">\n\t\t\t\t<div class=\"elementor-widget-container\">\n\t\t\t\t\t\t\t<p><strong>ZAW\u00d3R VAKUUM GWINTOWANY<\/strong><\/p><p>Zawory do par i gaz\u00f3w.<br \/>Rozmiar: G 1\/2&#8243; &#8211; G 2&#8243; DIN ISO 228<br \/>Materia\u0142:\u00a0 1.4571 &#8211; 1.4301<br \/>Temperatura robocza: &#8211; 60\u00b0C do +150\u00b0C<br \/>Ci\u015bnienie pracy: -0,05bar do -0,95bar<\/p>\t\t\t\t\t\t<\/div>\n\t\t\t\t<\/div>\n\t\t\t\t\t<\/div>\n\t\t<\/div>\n\t\t\t\t<div class=\"elementor-column elementor-col-50 elementor-top-column elementor-element elementor-element-5f454537\" data-id=\"5f454537\" data-element_type=\"column\">\n\t\t\t<div class=\"elementor-widget-wrap elementor-element-populated\">\n\t\t\t\t\t\t\t\t<div class=\"elementor-element elementor-element-504286d elementor-widget elementor-widget-image\" data-id=\"504286d\" data-element_type=\"widget\" data-widget_type=\"image.default\">\n\t\t\t\t<div class=\"elementor-widget-container\">\n\t\t\t\t\t\t\t\t\t\t\t\t\t\t\t<img loading=\"lazy\" decoding=\"async\" width=\"188\" height=\"301\" src=\"https:\/\/www.arwinox.pl\/wp-content\/uploads\/2023\/01\/Vakuum.png\" class=\"attachment-large size-large wp-image-484\" alt=\"\" \/>\t\t\t\t\t\t\t\t\t\t\t\t\t\t\t<\/div>\n\t\t\t\t<\/div>\n\t\t\t\t\t<\/div>\n\t\t<\/div>\n\t\t\t\t\t\t\t<\/div>\n\t\t<\/section>\n\t\t\t\t<section class=\"elementor-section elementor-top-section elementor-element elementor-element-aa8034e elementor-section-stretched elementor-section-boxed elementor-section-height-default elementor-section-height-default\" data-id=\"aa8034e\" data-element_type=\"section\" data-settings=\"{&quot;stretch_section&quot;:&quot;section-stretched&quot;}\">\n\t\t\t\t\t\t<div class=\"elementor-container elementor-column-gap-default\">\n\t\t\t\t\t<div class=\"elementor-column elementor-col-50 elementor-top-column elementor-element elementor-element-f0018da\" data-id=\"f0018da\" data-element_type=\"column\">\n\t\t\t<div class=\"elementor-widget-wrap elementor-element-populated\">\n\t\t\t\t\t\t\t\t<div class=\"elementor-element elementor-element-83607b1 elementor-widget elementor-widget-text-editor\" data-id=\"83607b1\" data-element_type=\"widget\" data-widget_type=\"text-editor.default\">\n\t\t\t\t<div class=\"elementor-widget-container\">\n\t\t\t\t\t\t\t<p><span style=\"color: #000000;\"><strong>ZAW\u00d3R PODCI\u015aNIENIOWY\u00a0 (VAKUUM) Z GWINTEM Rd<\/strong><\/span><\/p><p><span style=\"color: #000000;\">Rozmiar: DN50, DN80<\/span><br \/><span style=\"color: #000000;\">Materia\u0142:\u00a0 AISI 304 (1.4301), AISI 316 (1.4404)\u00a0<br \/>Uszczelnienie: silikon<br \/><\/span><span style=\"color: #000000;\">Ci\u015bnienie pracy: -0,01 bar (bez mo\u017cliwo\u015bci regulacji)<\/span><\/p>\t\t\t\t\t\t<\/div>\n\t\t\t\t<\/div>\n\t\t\t\t\t<\/div>\n\t\t<\/div>\n\t\t\t\t<div class=\"elementor-column elementor-col-50 elementor-top-column elementor-element elementor-element-aa19faf\" data-id=\"aa19faf\" data-element_type=\"column\">\n\t\t\t<div class=\"elementor-widget-wrap elementor-element-populated\">\n\t\t\t\t\t\t\t\t<div class=\"elementor-element elementor-element-7655998 elementor-widget elementor-widget-image\" data-id=\"7655998\" data-element_type=\"widget\" data-widget_type=\"image.default\">\n\t\t\t\t<div class=\"elementor-widget-container\">\n\t\t\t\t\t\t\t\t\t\t\t\t\t\t\t<img loading=\"lazy\" decoding=\"async\" width=\"577\" height=\"1024\" src=\"https:\/\/www.arwinox.pl\/wp-content\/uploads\/2024\/10\/zawor-vakumm_2-577x1024.jpg\" class=\"attachment-large size-large wp-image-1776\" alt=\"\" srcset=\"https:\/\/www.arwinox.pl\/wp-content\/uploads\/2024\/10\/zawor-vakumm_2-577x1024.jpg 577w, https:\/\/www.arwinox.pl\/wp-content\/uploads\/2024\/10\/zawor-vakumm_2-169x300.jpg 169w, https:\/\/www.arwinox.pl\/wp-content\/uploads\/2024\/10\/zawor-vakumm_2-768x1363.jpg 768w, https:\/\/www.arwinox.pl\/wp-content\/uploads\/2024\/10\/zawor-vakumm_2-865x1536.jpg 865w, https:\/\/www.arwinox.pl\/wp-content\/uploads\/2024\/10\/zawor-vakumm_2.jpg 1014w\" sizes=\"(max-width: 577px) 100vw, 577px\" \/>\t\t\t\t\t\t\t\t\t\t\t\t\t\t\t<\/div>\n\t\t\t\t<\/div>\n\t\t\t\t\t<\/div>\n\t\t<\/div>\n\t\t\t\t\t\t\t<\/div>\n\t\t<\/section>\n\t\t\t\t\t\t\t<\/div>\n\t\t","protected":false},"excerpt":{"rendered":"<p>ZAWORY PODCI\u015aNIENIOWE &#8211; VAKUUM Zawory pr\u00f3\u017cniowe stosowane s\u0105 w przemy\u015ble spo\u017cywczym, farmaceutycznym i chemicznym. S\u0142u\u017c\u0105 do ochrony przeciw powstaj\u0105cemu podci\u015bnieniu w zbiornikach i innych zamkni\u0119tych systemach. DANE TECHNICZNE Wymiary zawor\u00f3w:&#8211; spr\u0119\u017cynowe DN25 &#8211; DN100&#8211; ci\u0119\u017carkowe DN50 &#8211; DN250 Materia\u0142 AISI 304LUszczelnieni EPDMZakres ci\u015bnie\u0144 1mbar, 3mbar.Przy\u0142\u0105cz sto\u017cek\/nakr\u0119tka DIN 11851, ko\u0142nierz, ko\u0144c\u00f3wka spawana ZAW\u00d3R PODCI\u015aNIENIOWY SPR\u0118\u017bYNOWY ZAW\u00d3R [&hellip;]<\/p>\n","protected":false},"author":1,"featured_media":0,"parent":0,"menu_order":0,"comment_status":"closed","ping_status":"closed","template":"","meta":{"footnotes":""},"yoast_head":"<!-- This site is optimized with the Yoast SEO plugin v21.5 - https:\/\/yoast.com\/wordpress\/plugins\/seo\/ -->\n<title>ZAWORY PODCI\u015aNIENIOWE - ARWINOX<\/title>\n<meta name=\"description\" content=\"zaw\u00f3r podci\u015bnieniowy vakuum nierdzewny na zbiorniki, wykonanie spo\u017cywcze\" \/>\n<meta name=\"robots\" content=\"index, follow, max-snippet:-1, max-image-preview:large, max-video-preview:-1\" \/>\n<link rel=\"canonical\" href=\"https:\/\/www.arwinox.pl\/index.php\/zawory-podcisnieniowe\/\" \/>\n<meta property=\"og:locale\" content=\"pl_PL\" \/>\n<meta property=\"og:type\" content=\"article\" \/>\n<meta property=\"og:title\" content=\"ZAWORY PODCI\u015aNIENIOWE - ARWINOX\" \/>\n<meta property=\"og:description\" content=\"zaw\u00f3r podci\u015bnieniowy vakuum nierdzewny na zbiorniki, wykonanie spo\u017cywcze\" \/>\n<meta property=\"og:url\" content=\"https:\/\/www.arwinox.pl\/index.php\/zawory-podcisnieniowe\/\" \/>\n<meta property=\"og:site_name\" content=\"ARWINOX\" \/>\n<meta property=\"article:modified_time\" content=\"2024-10-01T08:55:12+00:00\" \/>\n<meta property=\"og:image\" content=\"https:\/\/www.arwinox.pl\/wp-content\/uploads\/2023\/01\/zaw.-vakuum_3.png\" \/>\n<meta name=\"twitter:card\" content=\"summary_large_image\" \/>\n<meta name=\"twitter:label1\" content=\"Szacowany czas czytania\" \/>\n\t<meta name=\"twitter:data1\" content=\"2 minuty\" \/>\n<script type=\"application\/ld+json\" class=\"yoast-schema-graph\">{\"@context\":\"https:\/\/schema.org\",\"@graph\":[{\"@type\":\"WebPage\",\"@id\":\"https:\/\/www.arwinox.pl\/index.php\/zawory-podcisnieniowe\/\",\"url\":\"https:\/\/www.arwinox.pl\/index.php\/zawory-podcisnieniowe\/\",\"name\":\"ZAWORY PODCI\u015aNIENIOWE - ARWINOX\",\"isPartOf\":{\"@id\":\"https:\/\/www.arwinox.pl\/#website\"},\"datePublished\":\"2023-01-12T10:15:06+00:00\",\"dateModified\":\"2024-10-01T08:55:12+00:00\",\"description\":\"zaw\u00f3r podci\u015bnieniowy vakuum nierdzewny na zbiorniki, wykonanie spo\u017cywcze\",\"breadcrumb\":{\"@id\":\"https:\/\/www.arwinox.pl\/index.php\/zawory-podcisnieniowe\/#breadcrumb\"},\"inLanguage\":\"pl-PL\",\"potentialAction\":[{\"@type\":\"ReadAction\",\"target\":[\"https:\/\/www.arwinox.pl\/index.php\/zawory-podcisnieniowe\/\"]}]},{\"@type\":\"BreadcrumbList\",\"@id\":\"https:\/\/www.arwinox.pl\/index.php\/zawory-podcisnieniowe\/#breadcrumb\",\"itemListElement\":[{\"@type\":\"ListItem\",\"position\":1,\"name\":\"Strona g\u0142\u00f3wna\",\"item\":\"https:\/\/www.arwinox.pl\/\"},{\"@type\":\"ListItem\",\"position\":2,\"name\":\"zaw\u00f3r podci\u015bnieniowy\"}]},{\"@type\":\"WebSite\",\"@id\":\"https:\/\/www.arwinox.pl\/#website\",\"url\":\"https:\/\/www.arwinox.pl\/\",\"name\":\"ARWINOX\",\"description\":\"     biuro@arwinox.pl,    tel. +48 609767607\",\"publisher\":{\"@id\":\"https:\/\/www.arwinox.pl\/#organization\"},\"potentialAction\":[{\"@type\":\"SearchAction\",\"target\":{\"@type\":\"EntryPoint\",\"urlTemplate\":\"https:\/\/www.arwinox.pl\/?s={search_term_string}\"},\"query-input\":\"required name=search_term_string\"}],\"inLanguage\":\"pl-PL\"},{\"@type\":\"Organization\",\"@id\":\"https:\/\/www.arwinox.pl\/#organization\",\"name\":\"ARWINOX\",\"url\":\"https:\/\/www.arwinox.pl\/\",\"logo\":{\"@type\":\"ImageObject\",\"inLanguage\":\"pl-PL\",\"@id\":\"https:\/\/www.arwinox.pl\/#\/schema\/logo\/image\/\",\"url\":\"https:\/\/www.arwinox.pl\/wp-content\/uploads\/2023\/01\/Logo-arwinox3.png\",\"contentUrl\":\"https:\/\/www.arwinox.pl\/wp-content\/uploads\/2023\/01\/Logo-arwinox3.png\",\"width\":6900,\"height\":1980,\"caption\":\"ARWINOX \"},\"image\":{\"@id\":\"https:\/\/www.arwinox.pl\/#\/schema\/logo\/image\/\"}}]}<\/script>\n<!-- \/ Yoast SEO plugin. -->","yoast_head_json":{"title":"ZAWORY PODCI\u015aNIENIOWE - ARWINOX","description":"zaw\u00f3r podci\u015bnieniowy vakuum nierdzewny na zbiorniki, wykonanie spo\u017cywcze","robots":{"index":"index","follow":"follow","max-snippet":"max-snippet:-1","max-image-preview":"max-image-preview:large","max-video-preview":"max-video-preview:-1"},"canonical":"https:\/\/www.arwinox.pl\/index.php\/zawory-podcisnieniowe\/","og_locale":"pl_PL","og_type":"article","og_title":"ZAWORY PODCI\u015aNIENIOWE - ARWINOX","og_description":"zaw\u00f3r podci\u015bnieniowy vakuum nierdzewny na zbiorniki, wykonanie spo\u017cywcze","og_url":"https:\/\/www.arwinox.pl\/index.php\/zawory-podcisnieniowe\/","og_site_name":"ARWINOX","article_modified_time":"2024-10-01T08:55:12+00:00","og_image":[{"url":"https:\/\/www.arwinox.pl\/wp-content\/uploads\/2023\/01\/zaw.-vakuum_3.png"}],"twitter_card":"summary_large_image","twitter_misc":{"Szacowany czas czytania":"2 minuty"},"schema":{"@context":"https:\/\/schema.org","@graph":[{"@type":"WebPage","@id":"https:\/\/www.arwinox.pl\/index.php\/zawory-podcisnieniowe\/","url":"https:\/\/www.arwinox.pl\/index.php\/zawory-podcisnieniowe\/","name":"ZAWORY PODCI\u015aNIENIOWE - ARWINOX","isPartOf":{"@id":"https:\/\/www.arwinox.pl\/#website"},"datePublished":"2023-01-12T10:15:06+00:00","dateModified":"2024-10-01T08:55:12+00:00","description":"zaw\u00f3r podci\u015bnieniowy vakuum nierdzewny na zbiorniki, wykonanie spo\u017cywcze","breadcrumb":{"@id":"https:\/\/www.arwinox.pl\/index.php\/zawory-podcisnieniowe\/#breadcrumb"},"inLanguage":"pl-PL","potentialAction":[{"@type":"ReadAction","target":["https:\/\/www.arwinox.pl\/index.php\/zawory-podcisnieniowe\/"]}]},{"@type":"BreadcrumbList","@id":"https:\/\/www.arwinox.pl\/index.php\/zawory-podcisnieniowe\/#breadcrumb","itemListElement":[{"@type":"ListItem","position":1,"name":"Strona g\u0142\u00f3wna","item":"https:\/\/www.arwinox.pl\/"},{"@type":"ListItem","position":2,"name":"zaw\u00f3r podci\u015bnieniowy"}]},{"@type":"WebSite","@id":"https:\/\/www.arwinox.pl\/#website","url":"https:\/\/www.arwinox.pl\/","name":"ARWINOX","description":"     biuro@arwinox.pl,    tel. +48 609767607","publisher":{"@id":"https:\/\/www.arwinox.pl\/#organization"},"potentialAction":[{"@type":"SearchAction","target":{"@type":"EntryPoint","urlTemplate":"https:\/\/www.arwinox.pl\/?s={search_term_string}"},"query-input":"required name=search_term_string"}],"inLanguage":"pl-PL"},{"@type":"Organization","@id":"https:\/\/www.arwinox.pl\/#organization","name":"ARWINOX","url":"https:\/\/www.arwinox.pl\/","logo":{"@type":"ImageObject","inLanguage":"pl-PL","@id":"https:\/\/www.arwinox.pl\/#\/schema\/logo\/image\/","url":"https:\/\/www.arwinox.pl\/wp-content\/uploads\/2023\/01\/Logo-arwinox3.png","contentUrl":"https:\/\/www.arwinox.pl\/wp-content\/uploads\/2023\/01\/Logo-arwinox3.png","width":6900,"height":1980,"caption":"ARWINOX "},"image":{"@id":"https:\/\/www.arwinox.pl\/#\/schema\/logo\/image\/"}}]}},"_links":{"self":[{"href":"https:\/\/www.arwinox.pl\/index.php\/wp-json\/wp\/v2\/pages\/480"}],"collection":[{"href":"https:\/\/www.arwinox.pl\/index.php\/wp-json\/wp\/v2\/pages"}],"about":[{"href":"https:\/\/www.arwinox.pl\/index.php\/wp-json\/wp\/v2\/types\/page"}],"author":[{"embeddable":true,"href":"https:\/\/www.arwinox.pl\/index.php\/wp-json\/wp\/v2\/users\/1"}],"replies":[{"embeddable":true,"href":"https:\/\/www.arwinox.pl\/index.php\/wp-json\/wp\/v2\/comments?post=480"}],"version-history":[{"count":10,"href":"https:\/\/www.arwinox.pl\/index.php\/wp-json\/wp\/v2\/pages\/480\/revisions"}],"predecessor-version":[{"id":1779,"href":"https:\/\/www.arwinox.pl\/index.php\/wp-json\/wp\/v2\/pages\/480\/revisions\/1779"}],"wp:attachment":[{"href":"https:\/\/www.arwinox.pl\/index.php\/wp-json\/wp\/v2\/media?parent=480"}],"curies":[{"name":"wp","href":"https:\/\/api.w.org\/{rel}","templated":true}]}}