{"id":764,"date":"2023-01-17T11:07:50","date_gmt":"2023-01-17T11:07:50","guid":{"rendered":"https:\/\/www.arwinox.pl\/?page_id=764"},"modified":"2024-11-13T12:32:50","modified_gmt":"2024-11-13T12:32:50","slug":"zawory-klapowe","status":"publish","type":"page","link":"https:\/\/www.arwinox.pl\/index.php\/zawory-klapowe\/","title":{"rendered":"ZAWORY KLAPOWE"},"content":{"rendered":"\t\t<div data-elementor-type=\"wp-page\" data-elementor-id=\"764\" class=\"elementor elementor-764\">\n\t\t\t\t\t\t\t\t\t<section class=\"elementor-section elementor-top-section elementor-element elementor-element-032a085 elementor-section-stretched elementor-section-boxed elementor-section-height-default elementor-section-height-default\" data-id=\"032a085\" data-element_type=\"section\" data-settings=\"{&quot;stretch_section&quot;:&quot;section-stretched&quot;}\">\n\t\t\t\t\t\t<div class=\"elementor-container elementor-column-gap-default\">\n\t\t\t\t\t<div class=\"elementor-column elementor-col-100 elementor-top-column elementor-element elementor-element-9ea262a\" data-id=\"9ea262a\" data-element_type=\"column\">\n\t\t\t<div class=\"elementor-widget-wrap elementor-element-populated\">\n\t\t\t\t\t\t\t\t<div class=\"elementor-element elementor-element-5b2aa0a elementor-widget elementor-widget-image\" data-id=\"5b2aa0a\" data-element_type=\"widget\" data-widget_type=\"image.default\">\n\t\t\t\t<div class=\"elementor-widget-container\">\n\t\t\t<style>\/*! elementor - v3.17.0 - 08-11-2023 *\/\n.elementor-widget-image{text-align:center}.elementor-widget-image a{display:inline-block}.elementor-widget-image a img[src$=\".svg\"]{width:48px}.elementor-widget-image img{vertical-align:middle;display:inline-block}<\/style>\t\t\t\t\t\t\t\t\t\t\t\t<img loading=\"lazy\" decoding=\"async\" width=\"580\" height=\"223\" src=\"https:\/\/www.arwinox.pl\/wp-content\/uploads\/2023\/01\/ZAWOR-KLAP-SS.png\" class=\"attachment-large size-large wp-image-774\" alt=\"\" srcset=\"https:\/\/www.arwinox.pl\/wp-content\/uploads\/2023\/01\/ZAWOR-KLAP-SS.png 933w, https:\/\/www.arwinox.pl\/wp-content\/uploads\/2023\/01\/ZAWOR-KLAP-SS-300x115.png 300w, https:\/\/www.arwinox.pl\/wp-content\/uploads\/2023\/01\/ZAWOR-KLAP-SS-768x296.png 768w\" sizes=\"(max-width: 580px) 100vw, 580px\" \/>\t\t\t\t\t\t\t\t\t\t\t\t\t\t\t<\/div>\n\t\t\t\t<\/div>\n\t\t\t\t\t<\/div>\n\t\t<\/div>\n\t\t\t\t\t\t\t<\/div>\n\t\t<\/section>\n\t\t\t\t<section class=\"elementor-section elementor-top-section elementor-element elementor-element-3aa25ae elementor-section-stretched elementor-section-boxed elementor-section-height-default elementor-section-height-default\" data-id=\"3aa25ae\" data-element_type=\"section\" data-settings=\"{&quot;stretch_section&quot;:&quot;section-stretched&quot;}\">\n\t\t\t\t\t\t<div class=\"elementor-container elementor-column-gap-default\">\n\t\t\t\t\t<div class=\"elementor-column elementor-col-100 elementor-top-column elementor-element elementor-element-14d16bb\" data-id=\"14d16bb\" data-element_type=\"column\">\n\t\t\t<div class=\"elementor-widget-wrap elementor-element-populated\">\n\t\t\t\t\t\t\t\t<div class=\"elementor-element elementor-element-08cf203 elementor-widget elementor-widget-image\" data-id=\"08cf203\" data-element_type=\"widget\" data-widget_type=\"image.default\">\n\t\t\t\t<div class=\"elementor-widget-container\">\n\t\t\t\t\t\t\t\t\t\t\t\t\t\t\t<img loading=\"lazy\" decoding=\"async\" width=\"580\" height=\"223\" src=\"https:\/\/www.arwinox.pl\/wp-content\/uploads\/2023\/01\/ZAWOR-KLAP-GS.png\" class=\"attachment-large size-large wp-image-775\" alt=\"\" srcset=\"https:\/\/www.arwinox.pl\/wp-content\/uploads\/2023\/01\/ZAWOR-KLAP-GS.png 925w, https:\/\/www.arwinox.pl\/wp-content\/uploads\/2023\/01\/ZAWOR-KLAP-GS-300x115.png 300w, https:\/\/www.arwinox.pl\/wp-content\/uploads\/2023\/01\/ZAWOR-KLAP-GS-768x295.png 768w\" sizes=\"(max-width: 580px) 100vw, 580px\" \/>\t\t\t\t\t\t\t\t\t\t\t\t\t\t\t<\/div>\n\t\t\t\t<\/div>\n\t\t\t\t\t<\/div>\n\t\t<\/div>\n\t\t\t\t\t\t\t<\/div>\n\t\t<\/section>\n\t\t\t\t<section class=\"elementor-section elementor-top-section elementor-element elementor-element-6b2f7e21 elementor-section-stretched elementor-section-boxed elementor-section-height-default elementor-section-height-default\" data-id=\"6b2f7e21\" data-element_type=\"section\" data-settings=\"{&quot;stretch_section&quot;:&quot;section-stretched&quot;}\">\n\t\t\t\t\t\t<div class=\"elementor-container elementor-column-gap-default\">\n\t\t\t\t\t<div class=\"elementor-column elementor-col-100 elementor-top-column elementor-element elementor-element-7912853\" data-id=\"7912853\" data-element_type=\"column\">\n\t\t\t<div class=\"elementor-widget-wrap elementor-element-populated\">\n\t\t\t\t\t\t\t\t<div class=\"elementor-element elementor-element-1446afd3 elementor-widget elementor-widget-image\" data-id=\"1446afd3\" data-element_type=\"widget\" data-widget_type=\"image.default\">\n\t\t\t\t<div class=\"elementor-widget-container\">\n\t\t\t\t\t\t\t\t\t\t\t\t\t\t\t<img loading=\"lazy\" decoding=\"async\" width=\"580\" height=\"221\" src=\"https:\/\/www.arwinox.pl\/wp-content\/uploads\/2023\/01\/ZAWOR-KLAP-GG.png\" class=\"attachment-large size-large wp-image-776\" alt=\"\" srcset=\"https:\/\/www.arwinox.pl\/wp-content\/uploads\/2023\/01\/ZAWOR-KLAP-GG.png 927w, https:\/\/www.arwinox.pl\/wp-content\/uploads\/2023\/01\/ZAWOR-KLAP-GG-300x115.png 300w, https:\/\/www.arwinox.pl\/wp-content\/uploads\/2023\/01\/ZAWOR-KLAP-GG-768x293.png 768w\" sizes=\"(max-width: 580px) 100vw, 580px\" \/>\t\t\t\t\t\t\t\t\t\t\t\t\t\t\t<\/div>\n\t\t\t\t<\/div>\n\t\t\t\t\t<\/div>\n\t\t<\/div>\n\t\t\t\t\t\t\t<\/div>\n\t\t<\/section>\n\t\t\t\t<section class=\"elementor-section elementor-top-section elementor-element elementor-element-58573476 elementor-section-stretched elementor-section-boxed elementor-section-height-default elementor-section-height-default\" data-id=\"58573476\" data-element_type=\"section\" data-settings=\"{&quot;stretch_section&quot;:&quot;section-stretched&quot;}\">\n\t\t\t\t\t\t<div class=\"elementor-container elementor-column-gap-default\">\n\t\t\t\t\t<div class=\"elementor-column elementor-col-100 elementor-top-column elementor-element elementor-element-284795cb\" data-id=\"284795cb\" data-element_type=\"column\">\n\t\t\t<div class=\"elementor-widget-wrap elementor-element-populated\">\n\t\t\t\t\t\t\t\t<div class=\"elementor-element elementor-element-1d8c2fb1 elementor-widget elementor-widget-image\" data-id=\"1d8c2fb1\" data-element_type=\"widget\" data-widget_type=\"image.default\">\n\t\t\t\t<div class=\"elementor-widget-container\">\n\t\t\t\t\t\t\t\t\t\t\t\t\t\t\t<img loading=\"lazy\" decoding=\"async\" width=\"580\" height=\"227\" src=\"https:\/\/www.arwinox.pl\/wp-content\/uploads\/2023\/01\/ZAWOR-KLAP.-KM-G.png\" class=\"attachment-large size-large wp-image-777\" alt=\"\" srcset=\"https:\/\/www.arwinox.pl\/wp-content\/uploads\/2023\/01\/ZAWOR-KLAP.-KM-G.png 923w, https:\/\/www.arwinox.pl\/wp-content\/uploads\/2023\/01\/ZAWOR-KLAP.-KM-G-300x117.png 300w, https:\/\/www.arwinox.pl\/wp-content\/uploads\/2023\/01\/ZAWOR-KLAP.-KM-G-768x300.png 768w\" sizes=\"(max-width: 580px) 100vw, 580px\" \/>\t\t\t\t\t\t\t\t\t\t\t\t\t\t\t<\/div>\n\t\t\t\t<\/div>\n\t\t\t\t\t<\/div>\n\t\t<\/div>\n\t\t\t\t\t\t\t<\/div>\n\t\t<\/section>\n\t\t\t\t<section class=\"elementor-section elementor-top-section elementor-element elementor-element-20e92c8 elementor-section-full_width elementor-section-stretched elementor-section-height-default elementor-section-height-default\" data-id=\"20e92c8\" data-element_type=\"section\" data-settings=\"{&quot;stretch_section&quot;:&quot;section-stretched&quot;}\">\n\t\t\t\t\t\t<div class=\"elementor-container elementor-column-gap-default\">\n\t\t\t\t\t<div class=\"elementor-column elementor-col-100 elementor-top-column elementor-element elementor-element-8c82124\" data-id=\"8c82124\" data-element_type=\"column\">\n\t\t\t<div class=\"elementor-widget-wrap elementor-element-populated\">\n\t\t\t\t\t\t\t\t<div class=\"elementor-element elementor-element-090e405 elementor-widget elementor-widget-image\" data-id=\"090e405\" data-element_type=\"widget\" data-widget_type=\"image.default\">\n\t\t\t\t<div class=\"elementor-widget-container\">\n\t\t\t\t\t\t\t\t\t\t\t\t\t\t\t<img loading=\"lazy\" decoding=\"async\" width=\"580\" height=\"227\" src=\"https:\/\/www.arwinox.pl\/wp-content\/uploads\/2023\/01\/ZAWOR-KLAP.-FL.png\" class=\"attachment-large size-large wp-image-778\" alt=\"\" srcset=\"https:\/\/www.arwinox.pl\/wp-content\/uploads\/2023\/01\/ZAWOR-KLAP.-FL.png 928w, https:\/\/www.arwinox.pl\/wp-content\/uploads\/2023\/01\/ZAWOR-KLAP.-FL-300x117.png 300w, https:\/\/www.arwinox.pl\/wp-content\/uploads\/2023\/01\/ZAWOR-KLAP.-FL-768x300.png 768w\" sizes=\"(max-width: 580px) 100vw, 580px\" \/>\t\t\t\t\t\t\t\t\t\t\t\t\t\t\t<\/div>\n\t\t\t\t<\/div>\n\t\t\t\t\t<\/div>\n\t\t<\/div>\n\t\t\t\t\t\t\t<\/div>\n\t\t<\/section>\n\t\t\t\t<section class=\"elementor-section elementor-top-section elementor-element elementor-element-67d54cf elementor-section-full_width elementor-section-stretched elementor-section-height-default elementor-section-height-default\" data-id=\"67d54cf\" data-element_type=\"section\" data-settings=\"{&quot;stretch_section&quot;:&quot;section-stretched&quot;}\">\n\t\t\t\t\t\t<div class=\"elementor-container elementor-column-gap-default\">\n\t\t\t\t\t<div class=\"elementor-column elementor-col-100 elementor-top-column elementor-element elementor-element-79f49b0\" data-id=\"79f49b0\" data-element_type=\"column\">\n\t\t\t<div class=\"elementor-widget-wrap elementor-element-populated\">\n\t\t\t\t\t\t\t\t<div class=\"elementor-element elementor-element-800d3f0 elementor-widget elementor-widget-image\" data-id=\"800d3f0\" data-element_type=\"widget\" data-widget_type=\"image.default\">\n\t\t\t\t<div class=\"elementor-widget-container\">\n\t\t\t\t\t\t\t\t\t\t\t\t<figure class=\"wp-caption\">\n\t\t\t\t\t\t\t\t\t\t<img loading=\"lazy\" decoding=\"async\" width=\"580\" height=\"224\" src=\"https:\/\/www.arwinox.pl\/wp-content\/uploads\/2023\/01\/ZAWOR-KLAP.-TC.png\" class=\"attachment-large size-large wp-image-779\" alt=\"\" srcset=\"https:\/\/www.arwinox.pl\/wp-content\/uploads\/2023\/01\/ZAWOR-KLAP.-TC.png 929w, https:\/\/www.arwinox.pl\/wp-content\/uploads\/2023\/01\/ZAWOR-KLAP.-TC-300x116.png 300w, https:\/\/www.arwinox.pl\/wp-content\/uploads\/2023\/01\/ZAWOR-KLAP.-TC-768x297.png 768w\" sizes=\"(max-width: 580px) 100vw, 580px\" \/>\t\t\t\t\t\t\t\t\t\t\t<figcaption class=\"widget-image-caption wp-caption-text\">ZAW\u00d3R KLAPOWY Z KO\u0143C\u00d3WKAMI TRI CLAMP<\/figcaption>\n\t\t\t\t\t\t\t\t\t\t<\/figure>\n\t\t\t\t\t\t\t\t\t<\/div>\n\t\t\t\t<\/div>\n\t\t\t\t\t<\/div>\n\t\t<\/div>\n\t\t\t\t\t\t\t<\/div>\n\t\t<\/section>\n\t\t\t\t<section class=\"elementor-section elementor-top-section elementor-element elementor-element-0cfa14f elementor-section-stretched elementor-section-boxed elementor-section-height-default elementor-section-height-default\" data-id=\"0cfa14f\" data-element_type=\"section\" data-settings=\"{&quot;stretch_section&quot;:&quot;section-stretched&quot;}\">\n\t\t\t\t\t\t<div class=\"elementor-container elementor-column-gap-default\">\n\t\t\t\t\t<div class=\"elementor-column elementor-col-100 elementor-top-column elementor-element elementor-element-8cf75bd\" data-id=\"8cf75bd\" data-element_type=\"column\">\n\t\t\t<div class=\"elementor-widget-wrap elementor-element-populated\">\n\t\t\t\t\t\t\t\t<div class=\"elementor-element elementor-element-72ea263 elementor-widget elementor-widget-text-editor\" data-id=\"72ea263\" data-element_type=\"widget\" data-widget_type=\"text-editor.default\">\n\t\t\t\t<div class=\"elementor-widget-container\">\n\t\t\t<style>\/*! elementor - v3.17.0 - 08-11-2023 *\/\n.elementor-widget-text-editor.elementor-drop-cap-view-stacked .elementor-drop-cap{background-color:#69727d;color:#fff}.elementor-widget-text-editor.elementor-drop-cap-view-framed .elementor-drop-cap{color:#69727d;border:3px solid;background-color:transparent}.elementor-widget-text-editor:not(.elementor-drop-cap-view-default) .elementor-drop-cap{margin-top:8px}.elementor-widget-text-editor:not(.elementor-drop-cap-view-default) .elementor-drop-cap-letter{width:1em;height:1em}.elementor-widget-text-editor .elementor-drop-cap{float:left;text-align:center;line-height:1;font-size:50px}.elementor-widget-text-editor .elementor-drop-cap-letter{display:inline-block}<\/style>\t\t\t\t<p><span style=\"color: #000000;\">Zawory klapowe s\u0105 dost\u0119pne jako:<\/span><\/p><p><span style=\"color: #000000;\">&#8211; wykonanie wg normy DIN SMS ISO<\/span><\/p><p><span style=\"color: #000000;\">&#8211; gatunek materia\u0142owy AISI 304L (1.4301) AISI 316L (1.4404)<\/span><\/p><p><span style=\"color: #000000;\">&#8211; materia\u0142 uszczelnienia EPDM, SILIKON, VITON, HNBR<\/span><\/p><p><span style=\"color: #000000;\">&#8211; rodzaj nap\u0119du: r\u0119czny d\u017awigni\u0105, pneumatyczny si\u0142ownik NC \/ NO, nap\u0119d elektryczny<\/span><\/p><p><span style=\"color: #000000;\">&#8211; wykonanie tr\u00f3jdro\u017cne<\/span><\/p>\t\t\t\t\t\t<\/div>\n\t\t\t\t<\/div>\n\t\t\t\t\t<\/div>\n\t\t<\/div>\n\t\t\t\t\t\t\t<\/div>\n\t\t<\/section>\n\t\t\t\t<section class=\"elementor-section elementor-top-section elementor-element elementor-element-731ca65 elementor-section-stretched elementor-section-boxed elementor-section-height-default elementor-section-height-default\" data-id=\"731ca65\" data-element_type=\"section\" data-settings=\"{&quot;stretch_section&quot;:&quot;section-stretched&quot;}\">\n\t\t\t\t\t\t<div class=\"elementor-container elementor-column-gap-default\">\n\t\t\t\t\t<div class=\"elementor-column elementor-col-33 elementor-top-column elementor-element elementor-element-d14599b\" data-id=\"d14599b\" data-element_type=\"column\">\n\t\t\t<div class=\"elementor-widget-wrap elementor-element-populated\">\n\t\t\t\t\t\t\t\t<div class=\"elementor-element elementor-element-3d978fd elementor-widget elementor-widget-image\" data-id=\"3d978fd\" data-element_type=\"widget\" data-widget_type=\"image.default\">\n\t\t\t\t<div class=\"elementor-widget-container\">\n\t\t\t\t\t\t\t\t\t\t\t\t<figure class=\"wp-caption\">\n\t\t\t\t\t\t\t\t\t\t<img loading=\"lazy\" decoding=\"async\" width=\"580\" height=\"773\" src=\"https:\/\/www.arwinox.pl\/wp-content\/uploads\/2023\/01\/20200729_123349-768x1024.jpg\" class=\"attachment-large size-large wp-image-799\" alt=\"\" srcset=\"https:\/\/www.arwinox.pl\/wp-content\/uploads\/2023\/01\/20200729_123349-768x1024.jpg 768w, https:\/\/www.arwinox.pl\/wp-content\/uploads\/2023\/01\/20200729_123349-225x300.jpg 225w, https:\/\/www.arwinox.pl\/wp-content\/uploads\/2023\/01\/20200729_123349-1152x1536.jpg 1152w, https:\/\/www.arwinox.pl\/wp-content\/uploads\/2023\/01\/20200729_123349-1536x2048.jpg 1536w, https:\/\/www.arwinox.pl\/wp-content\/uploads\/2023\/01\/20200729_123349-1200x1600.jpg 1200w, https:\/\/www.arwinox.pl\/wp-content\/uploads\/2023\/01\/20200729_123349-scaled.jpg 1920w\" sizes=\"(max-width: 580px) 100vw, 580px\" \/>\t\t\t\t\t\t\t\t\t\t\t<figcaption class=\"widget-image-caption wp-caption-text\">ZAW\u00d3R KLAPOWY TR\u00d3JDRO\u017bNY PNEUMATYCZNY<\/figcaption>\n\t\t\t\t\t\t\t\t\t\t<\/figure>\n\t\t\t\t\t\t\t\t\t<\/div>\n\t\t\t\t<\/div>\n\t\t\t\t\t<\/div>\n\t\t<\/div>\n\t\t\t\t<div class=\"elementor-column elementor-col-33 elementor-top-column elementor-element elementor-element-11642bd\" data-id=\"11642bd\" data-element_type=\"column\">\n\t\t\t<div class=\"elementor-widget-wrap elementor-element-populated\">\n\t\t\t\t\t\t\t\t<div class=\"elementor-element elementor-element-cefc40b elementor-widget elementor-widget-image\" data-id=\"cefc40b\" data-element_type=\"widget\" data-widget_type=\"image.default\">\n\t\t\t\t<div class=\"elementor-widget-container\">\n\t\t\t\t\t\t\t\t\t\t\t\t<figure class=\"wp-caption\">\n\t\t\t\t\t\t\t\t\t\t<img loading=\"lazy\" decoding=\"async\" width=\"580\" height=\"773\" src=\"https:\/\/www.arwinox.pl\/wp-content\/uploads\/2023\/01\/Zdjecie0459-768x1024.jpg\" class=\"attachment-large size-large wp-image-800\" alt=\"\" srcset=\"https:\/\/www.arwinox.pl\/wp-content\/uploads\/2023\/01\/Zdjecie0459-768x1024.jpg 768w, https:\/\/www.arwinox.pl\/wp-content\/uploads\/2023\/01\/Zdjecie0459-225x300.jpg 225w, https:\/\/www.arwinox.pl\/wp-content\/uploads\/2023\/01\/Zdjecie0459-1152x1536.jpg 1152w, https:\/\/www.arwinox.pl\/wp-content\/uploads\/2023\/01\/Zdjecie0459-1536x2048.jpg 1536w, https:\/\/www.arwinox.pl\/wp-content\/uploads\/2023\/01\/Zdjecie0459-1200x1600.jpg 1200w, https:\/\/www.arwinox.pl\/wp-content\/uploads\/2023\/01\/Zdjecie0459-scaled.jpg 1920w\" sizes=\"(max-width: 580px) 100vw, 580px\" \/>\t\t\t\t\t\t\t\t\t\t\t<figcaption class=\"widget-image-caption wp-caption-text\">ZAW\u00d3R KLAPOWY Z NAP\u0118DEM ELEKTRYCZNYM 24V<\/figcaption>\n\t\t\t\t\t\t\t\t\t\t<\/figure>\n\t\t\t\t\t\t\t\t\t<\/div>\n\t\t\t\t<\/div>\n\t\t\t\t\t<\/div>\n\t\t<\/div>\n\t\t\t\t<div class=\"elementor-column elementor-col-33 elementor-top-column elementor-element elementor-element-e854a7c\" data-id=\"e854a7c\" data-element_type=\"column\">\n\t\t\t<div class=\"elementor-widget-wrap elementor-element-populated\">\n\t\t\t\t\t\t\t\t<div class=\"elementor-element elementor-element-8a78928 elementor-widget elementor-widget-image\" data-id=\"8a78928\" data-element_type=\"widget\" data-widget_type=\"image.default\">\n\t\t\t\t<div class=\"elementor-widget-container\">\n\t\t\t\t\t\t\t\t\t\t\t\t<figure class=\"wp-caption\">\n\t\t\t\t\t\t\t\t\t\t<img loading=\"lazy\" decoding=\"async\" width=\"580\" height=\"350\" src=\"https:\/\/www.arwinox.pl\/wp-content\/uploads\/2023\/01\/zespol-zaworowy_3.jpg\" class=\"attachment-large size-large wp-image-801\" alt=\"\" srcset=\"https:\/\/www.arwinox.pl\/wp-content\/uploads\/2023\/01\/zespol-zaworowy_3.jpg 800w, https:\/\/www.arwinox.pl\/wp-content\/uploads\/2023\/01\/zespol-zaworowy_3-300x181.jpg 300w, https:\/\/www.arwinox.pl\/wp-content\/uploads\/2023\/01\/zespol-zaworowy_3-768x464.jpg 768w\" sizes=\"(max-width: 580px) 100vw, 580px\" \/>\t\t\t\t\t\t\t\t\t\t\t<figcaption class=\"widget-image-caption wp-caption-text\">ZAW\u00d3R KLAPOWY TR\u00d3JDRO\u017bNY Z WZIERNIKIEM - DO ROZLEWU PIWA<\/figcaption>\n\t\t\t\t\t\t\t\t\t\t<\/figure>\n\t\t\t\t\t\t\t\t\t<\/div>\n\t\t\t\t<\/div>\n\t\t\t\t\t<\/div>\n\t\t<\/div>\n\t\t\t\t\t\t\t<\/div>\n\t\t<\/section>\n\t\t\t\t\t\t\t<\/div>\n\t\t","protected":false},"excerpt":{"rendered":"<p>ZAW\u00d3R KLAPOWY Z KO\u0143C\u00d3WKAMI TRI CLAMP Zawory klapowe s\u0105 dost\u0119pne jako: &#8211; wykonanie wg normy DIN SMS ISO &#8211; gatunek materia\u0142owy AISI 304L (1.4301) AISI 316L (1.4404) &#8211; materia\u0142 uszczelnienia EPDM, SILIKON, VITON, HNBR &#8211; rodzaj nap\u0119du: r\u0119czny d\u017awigni\u0105, pneumatyczny si\u0142ownik NC \/ NO, nap\u0119d elektryczny &#8211; wykonanie tr\u00f3jdro\u017cne ZAW\u00d3R KLAPOWY TR\u00d3JDRO\u017bNY PNEUMATYCZNY ZAW\u00d3R KLAPOWY [&hellip;]<\/p>\n","protected":false},"author":1,"featured_media":0,"parent":0,"menu_order":0,"comment_status":"closed","ping_status":"closed","template":"","meta":{"footnotes":""},"yoast_head":"<!-- This site is optimized with the Yoast SEO plugin v21.5 - https:\/\/yoast.com\/wordpress\/plugins\/seo\/ -->\n<title>ZAWORY KLAPOWE - ARWINOX<\/title>\n<meta name=\"description\" content=\"zawory klapowe (motylkowe) ze stali nierdzewnej stosowane w przemy\u015ble spo\u017cywczym, browarniczym, farmaceutycznym. stosowane do p\u0142ynnych medi\u00f3w\" \/>\n<meta name=\"robots\" content=\"index, follow, max-snippet:-1, max-image-preview:large, max-video-preview:-1\" \/>\n<link rel=\"canonical\" href=\"https:\/\/www.arwinox.pl\/index.php\/zawory-klapowe\/\" \/>\n<meta property=\"og:locale\" content=\"pl_PL\" \/>\n<meta property=\"og:type\" content=\"article\" \/>\n<meta property=\"og:title\" content=\"ZAWORY KLAPOWE - ARWINOX\" \/>\n<meta property=\"og:description\" content=\"zawory klapowe (motylkowe) ze stali nierdzewnej stosowane w przemy\u015ble spo\u017cywczym, browarniczym, farmaceutycznym. stosowane do p\u0142ynnych medi\u00f3w\" \/>\n<meta property=\"og:url\" content=\"https:\/\/www.arwinox.pl\/index.php\/zawory-klapowe\/\" \/>\n<meta property=\"og:site_name\" content=\"ARWINOX\" \/>\n<meta property=\"article:modified_time\" content=\"2024-11-13T12:32:50+00:00\" \/>\n<meta property=\"og:image\" content=\"https:\/\/www.arwinox.pl\/wp-content\/uploads\/2023\/01\/ZAWOR-KLAP-SS.png\" \/>\n<meta name=\"twitter:card\" content=\"summary_large_image\" \/>\n<meta name=\"twitter:label1\" content=\"Szacowany czas czytania\" \/>\n\t<meta name=\"twitter:data1\" content=\"3 minuty\" \/>\n<script type=\"application\/ld+json\" class=\"yoast-schema-graph\">{\"@context\":\"https:\/\/schema.org\",\"@graph\":[{\"@type\":\"WebPage\",\"@id\":\"https:\/\/www.arwinox.pl\/index.php\/zawory-klapowe\/\",\"url\":\"https:\/\/www.arwinox.pl\/index.php\/zawory-klapowe\/\",\"name\":\"ZAWORY KLAPOWE - ARWINOX\",\"isPartOf\":{\"@id\":\"https:\/\/www.arwinox.pl\/#website\"},\"datePublished\":\"2023-01-17T11:07:50+00:00\",\"dateModified\":\"2024-11-13T12:32:50+00:00\",\"description\":\"zawory klapowe (motylkowe) ze stali nierdzewnej stosowane w przemy\u015ble spo\u017cywczym, browarniczym, farmaceutycznym. stosowane do p\u0142ynnych medi\u00f3w\",\"breadcrumb\":{\"@id\":\"https:\/\/www.arwinox.pl\/index.php\/zawory-klapowe\/#breadcrumb\"},\"inLanguage\":\"pl-PL\",\"potentialAction\":[{\"@type\":\"ReadAction\",\"target\":[\"https:\/\/www.arwinox.pl\/index.php\/zawory-klapowe\/\"]}]},{\"@type\":\"BreadcrumbList\",\"@id\":\"https:\/\/www.arwinox.pl\/index.php\/zawory-klapowe\/#breadcrumb\",\"itemListElement\":[{\"@type\":\"ListItem\",\"position\":1,\"name\":\"Strona g\u0142\u00f3wna\",\"item\":\"https:\/\/www.arwinox.pl\/\"},{\"@type\":\"ListItem\",\"position\":2,\"name\":\"ZAWORY KLAPOWE\"}]},{\"@type\":\"WebSite\",\"@id\":\"https:\/\/www.arwinox.pl\/#website\",\"url\":\"https:\/\/www.arwinox.pl\/\",\"name\":\"ARWINOX\",\"description\":\"     biuro@arwinox.pl,    tel. +48 609767607\",\"publisher\":{\"@id\":\"https:\/\/www.arwinox.pl\/#organization\"},\"potentialAction\":[{\"@type\":\"SearchAction\",\"target\":{\"@type\":\"EntryPoint\",\"urlTemplate\":\"https:\/\/www.arwinox.pl\/?s={search_term_string}\"},\"query-input\":\"required name=search_term_string\"}],\"inLanguage\":\"pl-PL\"},{\"@type\":\"Organization\",\"@id\":\"https:\/\/www.arwinox.pl\/#organization\",\"name\":\"ARWINOX\",\"url\":\"https:\/\/www.arwinox.pl\/\",\"logo\":{\"@type\":\"ImageObject\",\"inLanguage\":\"pl-PL\",\"@id\":\"https:\/\/www.arwinox.pl\/#\/schema\/logo\/image\/\",\"url\":\"https:\/\/www.arwinox.pl\/wp-content\/uploads\/2023\/01\/Logo-arwinox3.png\",\"contentUrl\":\"https:\/\/www.arwinox.pl\/wp-content\/uploads\/2023\/01\/Logo-arwinox3.png\",\"width\":6900,\"height\":1980,\"caption\":\"ARWINOX \"},\"image\":{\"@id\":\"https:\/\/www.arwinox.pl\/#\/schema\/logo\/image\/\"}}]}<\/script>\n<!-- \/ Yoast SEO plugin. -->","yoast_head_json":{"title":"ZAWORY KLAPOWE - ARWINOX","description":"zawory klapowe (motylkowe) ze stali nierdzewnej stosowane w przemy\u015ble spo\u017cywczym, browarniczym, farmaceutycznym. stosowane do p\u0142ynnych medi\u00f3w","robots":{"index":"index","follow":"follow","max-snippet":"max-snippet:-1","max-image-preview":"max-image-preview:large","max-video-preview":"max-video-preview:-1"},"canonical":"https:\/\/www.arwinox.pl\/index.php\/zawory-klapowe\/","og_locale":"pl_PL","og_type":"article","og_title":"ZAWORY KLAPOWE - ARWINOX","og_description":"zawory klapowe (motylkowe) ze stali nierdzewnej stosowane w przemy\u015ble spo\u017cywczym, browarniczym, farmaceutycznym. stosowane do p\u0142ynnych medi\u00f3w","og_url":"https:\/\/www.arwinox.pl\/index.php\/zawory-klapowe\/","og_site_name":"ARWINOX","article_modified_time":"2024-11-13T12:32:50+00:00","og_image":[{"url":"https:\/\/www.arwinox.pl\/wp-content\/uploads\/2023\/01\/ZAWOR-KLAP-SS.png"}],"twitter_card":"summary_large_image","twitter_misc":{"Szacowany czas czytania":"3 minuty"},"schema":{"@context":"https:\/\/schema.org","@graph":[{"@type":"WebPage","@id":"https:\/\/www.arwinox.pl\/index.php\/zawory-klapowe\/","url":"https:\/\/www.arwinox.pl\/index.php\/zawory-klapowe\/","name":"ZAWORY KLAPOWE - ARWINOX","isPartOf":{"@id":"https:\/\/www.arwinox.pl\/#website"},"datePublished":"2023-01-17T11:07:50+00:00","dateModified":"2024-11-13T12:32:50+00:00","description":"zawory klapowe (motylkowe) ze stali nierdzewnej stosowane w przemy\u015ble spo\u017cywczym, browarniczym, farmaceutycznym. stosowane do p\u0142ynnych medi\u00f3w","breadcrumb":{"@id":"https:\/\/www.arwinox.pl\/index.php\/zawory-klapowe\/#breadcrumb"},"inLanguage":"pl-PL","potentialAction":[{"@type":"ReadAction","target":["https:\/\/www.arwinox.pl\/index.php\/zawory-klapowe\/"]}]},{"@type":"BreadcrumbList","@id":"https:\/\/www.arwinox.pl\/index.php\/zawory-klapowe\/#breadcrumb","itemListElement":[{"@type":"ListItem","position":1,"name":"Strona g\u0142\u00f3wna","item":"https:\/\/www.arwinox.pl\/"},{"@type":"ListItem","position":2,"name":"ZAWORY KLAPOWE"}]},{"@type":"WebSite","@id":"https:\/\/www.arwinox.pl\/#website","url":"https:\/\/www.arwinox.pl\/","name":"ARWINOX","description":"     biuro@arwinox.pl,    tel. +48 609767607","publisher":{"@id":"https:\/\/www.arwinox.pl\/#organization"},"potentialAction":[{"@type":"SearchAction","target":{"@type":"EntryPoint","urlTemplate":"https:\/\/www.arwinox.pl\/?s={search_term_string}"},"query-input":"required name=search_term_string"}],"inLanguage":"pl-PL"},{"@type":"Organization","@id":"https:\/\/www.arwinox.pl\/#organization","name":"ARWINOX","url":"https:\/\/www.arwinox.pl\/","logo":{"@type":"ImageObject","inLanguage":"pl-PL","@id":"https:\/\/www.arwinox.pl\/#\/schema\/logo\/image\/","url":"https:\/\/www.arwinox.pl\/wp-content\/uploads\/2023\/01\/Logo-arwinox3.png","contentUrl":"https:\/\/www.arwinox.pl\/wp-content\/uploads\/2023\/01\/Logo-arwinox3.png","width":6900,"height":1980,"caption":"ARWINOX "},"image":{"@id":"https:\/\/www.arwinox.pl\/#\/schema\/logo\/image\/"}}]}},"_links":{"self":[{"href":"https:\/\/www.arwinox.pl\/index.php\/wp-json\/wp\/v2\/pages\/764"}],"collection":[{"href":"https:\/\/www.arwinox.pl\/index.php\/wp-json\/wp\/v2\/pages"}],"about":[{"href":"https:\/\/www.arwinox.pl\/index.php\/wp-json\/wp\/v2\/types\/page"}],"author":[{"embeddable":true,"href":"https:\/\/www.arwinox.pl\/index.php\/wp-json\/wp\/v2\/users\/1"}],"replies":[{"embeddable":true,"href":"https:\/\/www.arwinox.pl\/index.php\/wp-json\/wp\/v2\/comments?post=764"}],"version-history":[{"count":25,"href":"https:\/\/www.arwinox.pl\/index.php\/wp-json\/wp\/v2\/pages\/764\/revisions"}],"predecessor-version":[{"id":1884,"href":"https:\/\/www.arwinox.pl\/index.php\/wp-json\/wp\/v2\/pages\/764\/revisions\/1884"}],"wp:attachment":[{"href":"https:\/\/www.arwinox.pl\/index.php\/wp-json\/wp\/v2\/media?parent=764"}],"curies":[{"name":"wp","href":"https:\/\/api.w.org\/{rel}","templated":true}]}}